{"id":7512,"date":"2025-10-22T08:29:46","date_gmt":"2025-10-22T08:29:46","guid":{"rendered":"https:\/\/qiddo.be\/?page_id=7512"},"modified":"2025-10-31T21:32:14","modified_gmt":"2025-10-31T21:32:14","slug":"mission-durable","status":"publish","type":"page","link":"https:\/\/qiddo.be\/fr\/mission-durable\/","title":{"rendered":"Mission durable"},"content":{"rendered":"<div data-elementor-type=\"wp-page\" data-elementor-id=\"7512\" class=\"elementor elementor-7512\" data-elementor-post-type=\"page\">\n\t\t\t\t<div class=\"elementor-element elementor-element-2174328 e-con-full e-flex e-con e-parent\" data-id=\"2174328\" data-element_type=\"container\">\n\t\t<div class=\"elementor-element elementor-element-58aa6aa e-con-full e-flex e-con e-child\" data-id=\"58aa6aa\" data-element_type=\"container\">\n\t\t\t\t<div class=\"elementor-element elementor-element-eb95e12 elementor-widget elementor-widget-heading\" data-id=\"eb95e12\" data-element_type=\"widget\" data-widget_type=\"heading.default\">\n\t\t\t\t\t<h3 class=\"elementor-heading-title elementor-size-default\">La mission durable de Qiddo<\/h3>\t\t\t\t<\/div>\n\t\t\t\t<div class=\"elementor-element elementor-element-2ed3313 elementor-widget elementor-widget-heading\" data-id=\"2ed3313\" data-element_type=\"widget\" data-widget_type=\"heading.default\">\n\t\t\t\t\t<h1 class=\"elementor-heading-title elementor-size-default\">Nous croyons en un monde o\u00f9 la durabilit\u00e9 est centrale et o\u00f9 nous travaillons ensemble pour construire un avenir sain pour les g\u00e9n\u00e9rations \u00e0 venir.<\/h1>\t\t\t\t<\/div>\n\t\t\t\t<\/div>\n\t\t<div class=\"elementor-element elementor-element-000fc24 e-con-full e-flex e-con e-child\" data-id=\"000fc24\" data-element_type=\"container\" data-settings=\"{&quot;background_background&quot;:&quot;classic&quot;}\">\n\t\t\t\t<div class=\"elementor-element elementor-element-c6d61f9 elementor-widget elementor-widget-image\" data-id=\"c6d61f9\" data-element_type=\"widget\" data-widget_type=\"image.default\">\n\t\t\t\t\t\t\t\t\t\t\t\t\t\t\t<img fetchpriority=\"high\" decoding=\"async\" width=\"1024\" height=\"683\" src=\"https:\/\/qiddo.be\/wp-content\/uploads\/2025\/10\/duurzame-_missie-1024x683.jpg\" class=\"attachment-large size-large wp-image-7514\" alt=\"mission durable\" srcset=\"https:\/\/qiddo.be\/wp-content\/uploads\/2025\/10\/duurzame-_missie-1024x683.jpg 1024w, https:\/\/qiddo.be\/wp-content\/uploads\/2025\/10\/duurzame-_missie-300x200.jpg 300w, https:\/\/qiddo.be\/wp-content\/uploads\/2025\/10\/duurzame-_missie-150x100.jpg 150w, https:\/\/qiddo.be\/wp-content\/uploads\/2025\/10\/duurzame-_missie-800x534.jpg 800w, https:\/\/qiddo.be\/wp-content\/uploads\/2025\/10\/duurzame-_missie-768x512.jpg 768w, https:\/\/qiddo.be\/wp-content\/uploads\/2025\/10\/duurzame-_missie-1536x1025.jpg 1536w, https:\/\/qiddo.be\/wp-content\/uploads\/2025\/10\/duurzame-_missie-990x660.jpg 990w, https:\/\/qiddo.be\/wp-content\/uploads\/2025\/10\/duurzame-_missie-441x294.jpg 441w, https:\/\/qiddo.be\/wp-content\/uploads\/2025\/10\/duurzame-_missie.jpg 1850w\" sizes=\"(max-width: 360px) 147px, (max-width: 1024px) 100vw, 1024px\" \/>\t\t\t\t\t\t\t\t\t\t\t\t\t\t\t<\/div>\n\t\t\t\t<\/div>\n\t\t\t\t<\/div>\n\t\t<div class=\"elementor-element elementor-element-977d0d2 e-flex e-con-boxed e-con e-parent\" data-id=\"977d0d2\" data-element_type=\"container\" data-settings=\"{&quot;background_background&quot;:&quot;classic&quot;}\">\n\t\t\t\t\t<div class=\"e-con-inner\">\n\t\t<div class=\"elementor-element elementor-element-09892ab e-con-full e-flex e-con e-child\" data-id=\"09892ab\" data-element_type=\"container\">\n\t\t<div class=\"elementor-element elementor-element-9a6b1a0 e-con-full e-flex e-con e-child\" data-id=\"9a6b1a0\" data-element_type=\"container\">\n\t\t<div class=\"elementor-element elementor-element-d7d7848 e-con-full e-flex e-con e-child\" data-id=\"d7d7848\" data-element_type=\"container\">\n\t\t\t\t<div class=\"elementor-element elementor-element-edff9d4 elementor-widget elementor-widget-heading\" data-id=\"edff9d4\" data-element_type=\"widget\" data-widget_type=\"heading.default\">\n\t\t\t\t\t<h2 class=\"elementor-heading-title elementor-size-default\">Notre engagement pour un avenir plus vert<\/h2>\t\t\t\t<\/div>\n\t\t\t\t<\/div>\n\t\t<div class=\"elementor-element elementor-element-0f5e166 e-con-full e-flex e-con e-child\" data-id=\"0f5e166\" data-element_type=\"container\">\n\t\t\t\t<div class=\"elementor-element elementor-element-4336d14 elementor-widget elementor-widget-heading\" data-id=\"4336d14\" data-element_type=\"widget\" data-widget_type=\"heading.default\">\n\t\t\t\t\t<p class=\"elementor-heading-title elementor-size-default\">En tant que leader de la location de mat\u00e9riel pour b\u00e9b\u00e9s et enfants, nous nous sentons responsables de la r\u00e9duction de notre empreinte carbone.\n<\/p>\t\t\t\t<\/div>\n\t\t\t\t<\/div>\n\t\t<div class=\"elementor-element elementor-element-aa84c1c e-con-full e-flex e-con e-child\" data-id=\"aa84c1c\" data-element_type=\"container\">\n\t\t\t\t<div class=\"elementor-element elementor-element-9a1aa8e elementor-widget elementor-widget-heading\" data-id=\"9a1aa8e\" data-element_type=\"widget\" data-widget_type=\"heading.default\">\n\t\t\t\t\t<p class=\"elementor-heading-title elementor-size-default\">Qiddo encourage les changements positifs au sein des communaut\u00e9s dans lesquelles nous op\u00e9rons.<\/p>\t\t\t\t<\/div>\n\t\t\t\t<\/div>\n\t\t\t\t<\/div>\n\t\t<div class=\"elementor-element elementor-element-fb0f38b e-con-full e-flex e-con e-child\" data-id=\"fb0f38b\" data-element_type=\"container\">\n\t\t\t\t<div class=\"elementor-element elementor-element-058c895 elementor-widget elementor-widget-heading\" data-id=\"058c895\" data-element_type=\"widget\" data-widget_type=\"heading.default\">\n\t\t\t\t\t<h3 class=\"elementor-heading-title elementor-size-default\">Notre mission durable repose sur trois piliers essentiels<\/h3>\t\t\t\t<\/div>\n\t\t\t\t<div class=\"elementor-element elementor-element-495136f elementor-widget elementor-widget-text-editor\" data-id=\"495136f\" data-element_type=\"widget\" data-widget_type=\"text-editor.default\">\n\t\t\t\t\t\t\t\t\t<ol class=\"sULfix\"><li><b>Promouvoir l'\u00e9conomie circulaire :<\/b>\u00a0nous adh\u00e9rons au concept d'\u00e9conomie circulaire, dans lequel nous r\u00e9utilisons et recyclons les mat\u00e9riaux et les produits. En louant des articles pour b\u00e9b\u00e9s et enfants au lieu de les vendre, nous r\u00e9duisons la demande de nouvelle production et \u00e9vitons la production de d\u00e9chets inutiles. Nous nous effor\u00e7ons donc de maintenir notre offre de location durable et de haute qualit\u00e9, sans compromettre les besoins de nos clients.<\/li><li><b>Logistique respectueuse du climat :<\/b>\u00a0nous nous engageons \u00e0 optimiser nos op\u00e9rations de transport afin de minimiser nos \u00e9missions de carbone. Cela signifie que nous optimisons nos itin\u00e9raires de livraison pour \u00e9viter les d\u00e9placements inutiles. En outre, nous investissons dans des moyens de transport et des emballages respectueux de l'environnement afin d'am\u00e9liorer notre contribution \u00e0 la pollution atmosph\u00e9rique et \u00e0 la r\u00e9duction des d\u00e9chets.<\/li><li><b>Gamme durable :<\/b>\u00a0Lors de l'\u00e9laboration de notre gamme, nous choisissons des produits fabriqu\u00e9s avec des mat\u00e9riaux et des m\u00e9thodes de production durables. Nous privil\u00e9gions les fournisseurs et les partenaires qui partagent les m\u00eames valeurs que nous et qui s'engagent dans des pratiques \u00e9thiques respectueuses de l'environnement. En gardant nos articles de location en circulation le plus longtemps possible, nous r\u00e9duisons les d\u00e9chets et limitons notre empreinte carbone.<\/li><\/ol>\t\t\t\t\t\t\t\t<\/div>\n\t\t\t\t<div class=\"elementor-element elementor-element-72b4b38 elementor-widget elementor-widget-heading\" data-id=\"72b4b38\" data-element_type=\"widget\" data-widget_type=\"heading.default\">\n\t\t\t\t\t<h3 class=\"elementor-heading-title elementor-size-default\">Contribuer \u00e0 un monde durable pour tous<\/h3>\t\t\t\t<\/div>\n\t\t\t\t<div class=\"elementor-element elementor-element-1334eba elementor-widget elementor-widget-text-editor\" data-id=\"1334eba\" data-element_type=\"widget\" data-widget_type=\"text-editor.default\">\n\t\t\t\t\t\t\t\t\t<p>Chez Qiddo, nous pensons que l'int\u00e9gration de la durabilit\u00e9 dans chaque aspect de notre activit\u00e9 contribue non seulement \u00e0 une plan\u00e8te plus saine, mais a \u00e9galement un impact positif sur la vie des familles que nous servons. En vivant notre mission durable, nous voulons donner l'exemple au secteur et inspirer d'autres entreprises \u00e0 nous rejoindre sur la voie d'un avenir plus vert.<\/p><p>Avec nos pr\u00e9cieux clients, partenaires et employ\u00e9s, nous nous engageons \u00e0 adopter des pratiques commerciales durables qui prot\u00e8gent le bien-\u00eatre de la plan\u00e8te et des g\u00e9n\u00e9rations futures. Nous nous engageons \u00e0 avoir un impact positif durable et nous envisageons avec confiance un avenir o\u00f9 la durabilit\u00e9 est primordiale.<\/p><p>Chez Qiddo, nous sommes \u00e9galement convaincus que notre mission durable n'am\u00e9liore pas seulement nos pratiques commerciales, mais qu'elle contribue \u00e9galement \u00e0 un monde durable pour tous.<\/p>\t\t\t\t\t\t\t\t<\/div>\n\t\t\t\t<\/div>\n\t\t\t\t<\/div>\n\t\t\t\t\t<\/div>\n\t\t\t\t<\/div>\n\t\t<div class=\"elementor-element elementor-element-74eb264 e-flex e-con-boxed e-con e-parent\" data-id=\"74eb264\" data-element_type=\"container\" data-settings=\"{&quot;background_background&quot;:&quot;classic&quot;}\">\n\t\t\t\t\t<div class=\"e-con-inner\">\n\t\t<div class=\"elementor-element elementor-element-bc6067c e-flex e-con-boxed e-con e-child\" data-id=\"bc6067c\" data-element_type=\"container\">\n\t\t\t\t\t<div class=\"e-con-inner\">\n\t\t\t\t<div class=\"elementor-element elementor-element-80bf549 elementor-widget elementor-widget-heading\" data-id=\"80bf549\" data-element_type=\"widget\" data-widget_type=\"heading.default\">\n\t\t\t\t\t<p class=\"elementor-heading-title elementor-size-default\">Tine, fondateur de Qiddo<\/p>\t\t\t\t<\/div>\n\t\t\t\t<div class=\"elementor-element elementor-element-d08319d elementor-widget__width-inherit elementor-widget elementor-widget-heading\" data-id=\"d08319d\" data-element_type=\"widget\" data-widget_type=\"heading.default\">\n\t\t\t\t\t<h3 class=\"elementor-heading-title elementor-size-default\">\"Ensemble, nous pouvons apporter un changement positif et cr\u00e9er un meilleur avenir. Qiddo en est le meilleur exemple sur le march\u00e9 belge de la location de mat\u00e9riel pour b\u00e9b\u00e9s et enfants.\"<\/h3>\t\t\t\t<\/div>\n\t\t\t\t\t<\/div>\n\t\t\t\t<\/div>\n\t\t\t\t\t<\/div>\n\t\t\t\t<\/div>\n\t\t\t\t<\/div>","protected":false},"excerpt":{"rendered":"<p>Qiddo\u2019s duurzame missie Wij geloven in een wereld waarin duurzaamheid centraal staat en waarin we samenwerken aan een gezonde toekomst voor de komende generaties Onze inzet voor een groenere toekomst Als toonaangevend verhuurbedrijf van baby- en kinderspullen voelen we ons verantwoordelijk voor het minimaliseren van onze ecologische voetafdruk. Qiddo moedigt positieve verandering aan in de [&hellip;]<\/p>","protected":false},"author":1,"featured_media":0,"parent":0,"menu_order":0,"comment_status":"closed","ping_status":"closed","template":"template-canvas.php","meta":{"footnotes":""},"class_list":["post-7512","page","type-page","status-publish","hentry"],"_links":{"self":[{"href":"https:\/\/qiddo.be\/fr\/wp-json\/wp\/v2\/pages\/7512","targetHints":{"allow":["GET"]}}],"collection":[{"href":"https:\/\/qiddo.be\/fr\/wp-json\/wp\/v2\/pages"}],"about":[{"href":"https:\/\/qiddo.be\/fr\/wp-json\/wp\/v2\/types\/page"}],"author":[{"embeddable":true,"href":"https:\/\/qiddo.be\/fr\/wp-json\/wp\/v2\/users\/1"}],"replies":[{"embeddable":true,"href":"https:\/\/qiddo.be\/fr\/wp-json\/wp\/v2\/comments?post=7512"}],"version-history":[{"count":10,"href":"https:\/\/qiddo.be\/fr\/wp-json\/wp\/v2\/pages\/7512\/revisions"}],"predecessor-version":[{"id":8006,"href":"https:\/\/qiddo.be\/fr\/wp-json\/wp\/v2\/pages\/7512\/revisions\/8006"}],"wp:attachment":[{"href":"https:\/\/qiddo.be\/fr\/wp-json\/wp\/v2\/media?parent=7512"}],"curies":[{"name":"wp","href":"https:\/\/api.w.org\/{rel}","templated":true}]}}