{"id":7531,"date":"2025-10-22T08:44:18","date_gmt":"2025-10-22T08:44:18","guid":{"rendered":"https:\/\/qiddo.be\/?page_id=7531"},"modified":"2025-10-31T21:22:13","modified_gmt":"2025-10-31T21:22:13","slug":"conditions-generales","status":"publish","type":"page","link":"https:\/\/qiddo.be\/fr\/conditions-generales\/","title":{"rendered":"Conditions g\u00e9n\u00e9rales d'utilisation"},"content":{"rendered":"<div data-elementor-type=\"wp-page\" data-elementor-id=\"7531\" class=\"elementor elementor-7531\" data-elementor-post-type=\"page\">\n\t\t\t\t<div class=\"elementor-element elementor-element-58c9544f e-flex e-con-boxed e-con e-parent\" data-id=\"58c9544f\" data-element_type=\"container\">\n\t\t\t\t\t<div class=\"e-con-inner\">\n\t\t\t\t<div class=\"elementor-element elementor-element-6dd3fb23 elementor-widget elementor-widget-text-editor\" data-id=\"6dd3fb23\" data-element_type=\"widget\" data-widget_type=\"text-editor.default\">\n\t\t\t\t\t\t\t\t\t<div class=\"block-86\"><h2 class=\"smC16908SmSn1p3T42i8i2-style\">1. D\u00e9finitions<\/h2><\/div><div class=\"block-87\"><div class=\"s-text smC16908SmSn1p3T42i8i3-style\"><p><b>1.1. Conditions g\u00e9n\u00e9rales :<\/b>\u00a0d\u00e9signe les conditions g\u00e9n\u00e9rales en vigueur.<\/p><p><b>1.2. Le bailleur :<\/b>\u00a0EXPAT PREMIUM RENTAL, soci\u00e9t\u00e9 anonyme de droit belge ayant son si\u00e8ge social \u00e0 Rijsmortelstraat 22, 3360 BIERBEEK et enregistr\u00e9e aupr\u00e8s de la CBE sous le num\u00e9ro 0803.935.703.<\/p><p><b>1.3. Le locataire :<\/b>\u00a0d\u00e9signe toute personne physique et\/ou morale concluant un contrat avec le Loueur tel que d\u00e9fini \u00e0 l'article 1.7 des pr\u00e9sentes Conditions g\u00e9n\u00e9rales.<\/p><p><b>1.4. Le parti :<\/b>\u00a0d\u00e9signe le bailleur ou le locataire, ou les deux ensemble.<\/p><p><b>1.5. Consommateur :<\/b>\u00a0d\u00e9signe tout locataire qui remplit les conditions requises pour \u00eatre consid\u00e9r\u00e9 comme un consommateur au sens de l'article I.1.2\u00b0 du RME.<\/p><p><b>1.6. Producteur :<\/b>\u00a0d\u00e9signe toute personne physique et\/ou morale qualifi\u00e9e de producteur conform\u00e9ment \u00e0 la d\u00e9finition de l'article 3 de la loi sur la responsabilit\u00e9 du fait des produits.\u00a0<\/p><p><b>1.7. Accord :<\/b>\u00a0d\u00e9signe tout accord conclu entre le Bailleur et le Locataire concernant la location des Biens, ainsi que tout autre accord.<\/p><p><b>1.8. Les marchandises :<\/b>\u00a0d\u00e9signe tous les \u00e9quipements pour b\u00e9b\u00e9s et enfants lou\u00e9s par le bailleur au locataire.<\/p><\/div><\/div><div class=\"block-86\"><h2 class=\"smC16908SmSn1p3T42i8i2-style\">2. Champ d'application<\/h2><\/div><div class=\"block-87\"><div class=\"s-text smC16908SmSn1p3T42i8i3-style\"><p><b>2.1.<\/b>\u00a0Les pr\u00e9sentes conditions g\u00e9n\u00e9rales s'appliquent \u00e0 tous les contrats conclus entre le locataire et le bailleur, sauf convention contraire \u00e9crite.\u00a0<\/p><p><b>2.2.<\/b>\u00a0Toute autre condition g\u00e9n\u00e9rale applicable concurremment aux pr\u00e9sentes conditions g\u00e9n\u00e9rales est express\u00e9ment exclue. En effet, les pr\u00e9sentes conditions g\u00e9n\u00e9rales pr\u00e9valent.<\/p><p><b>2.3.<\/b>\u00a0L'invalidit\u00e9, la nullit\u00e9 ou l'inapplicabilit\u00e9 d'une ou plusieurs dispositions des pr\u00e9sentes conditions g\u00e9n\u00e9rales n'affecte pas les autres dispositions.\u00a0<\/p><p><b>2.4.<\/b>\u00a0Le locataire reconna\u00eet express\u00e9ment avoir \u00e9t\u00e9 inform\u00e9 des pr\u00e9sentes conditions g\u00e9n\u00e9rales avant d'\u00eatre li\u00e9 par tout contrat avec le bailleur.<\/p><\/div><\/div><div class=\"block-86\"><h2 class=\"smC16908SmSn1p3T42i8i2-style\">3. Offre et conclusion de l'accord<\/h2><\/div><div class=\"block-87\"><div class=\"s-text smC16908SmSn1p3T42i8i3-style\"><p><b>3.1.<\/b>\u00a0Toutes les publicit\u00e9s, sp\u00e9cifications de produits, indications de prix et autres informations mentionn\u00e9es sur le site web, dans les catalogues ou par tout autre moyen de communication n'engagent pas le bailleur et peuvent \u00eatre modifi\u00e9es \u00e0 tout moment sans pr\u00e9avis.\u00a0<\/p><p><b>3.2.<\/b>\u00a0Toutes les offres sont faites par le bailleur sur la base des biens disponibles \u00e0 ce moment-l\u00e0 et sont sans engagement. Les offres susmentionn\u00e9es ne lient en aucun cas le bailleur.<\/p><p><b>3.3.<\/b>\u00a0Toutes les offres du bailleur doivent \u00eatre consid\u00e9r\u00e9es comme des invitations au locataire potentiel \u00e0 formuler une offre. Elles n'engagent ni le locataire ni le bailleur, sauf accord \u00e9crit expr\u00e8s dans l'offre. Toute confirmation \u00e9crite de l'offre par le locataire potentiel doit \u00eatre consid\u00e9r\u00e9e comme une offre de contrat. Les indications de prix incluses dans l'offre ne sont contraignantes (et le contrat entre les parties n'est conclu) qu'apr\u00e8s acceptation \u00e9crite de l'offre par le bailleur.<\/p><p><b>3.4.<\/b>\u00a0Compte tenu du stock limit\u00e9 de biens chez le bailleur, les offres ne sont valables que pour une p\u00e9riode de 7 jours, sauf accord \u00e9crit contraire. Si le locataire potentiel ne confirme pas l'offre par \u00e9crit (formulation d'une offre), il devra demander une nouvelle offre au bailleur.<\/p><\/div><\/div><div class=\"block-86\"><h2 class=\"smC16908SmSn1p3T42i8i2-style\">4. Les prix<\/h2><\/div><div class=\"block-87\"><div class=\"s-text smC16908SmSn1p3T42i8i3-style\"><p><b>4.1.<\/b>\u00a0Conform\u00e9ment \u00e0 l'arrangement pr\u00e9vu \u00e0 l'article 3 des pr\u00e9sentes Conditions g\u00e9n\u00e9rales, le Locataire reconna\u00eet express\u00e9ment qu'avant la conclusion de tout Contrat avec le Bailleur, il a toujours \u00e9t\u00e9 clairement et express\u00e9ment inform\u00e9 du prix de location des Biens.<\/p><p><b>4.2.<\/b>\u00a0Les prix de location propos\u00e9s par le bailleur (que ce soit dans le devis, sur le site web ou par tout autre moyen de communication) d\u00e9pendent toujours de la p\u00e9riode de location choisie, telle que d\u00e9finie \u00e0 l'article 9.1.\u00a0<\/p><p><b>4.3.<\/b>\u00a0Les frais suppl\u00e9mentaires encourus par le bailleur du fait de l'ex\u00e9cution du contrat avec le locataire peuvent toujours \u00eatre r\u00e9percut\u00e9s sur le locataire. Avant d'engager les frais susmentionn\u00e9s, le Bailleur en informera toujours le Preneur par \u00e9crit. Les frais suppl\u00e9mentaires peuvent comprendre, sans que cette liste soit exhaustive, les frais suivants :<\/p><p>\u00a0 \u00a0 \u00a0 - les frais de transport, tels que d\u00e9finis \u00e0 l'article 6 des pr\u00e9sentes conditions g\u00e9n\u00e9rales<br \/>\u00a0 \u00a0 \u00a0\u00a0- Frais de stationnement.<\/p><p><b>4.4.<\/b>\u00a0Tous les prix mentionn\u00e9s dans le devis, sur le site web et par tout autre moyen de communication sont toujours TVA incluse.<\/p><\/div><\/div><div class=\"block-86\"><h2 class=\"smC16908SmSn1p3T42i8i2-style\">5. Garantie \/ Assurance<\/h2><\/div><div class=\"block-87\"><div class=\"s-text smC16908SmSn1p3T42i8i3-style\"><p><b>5.1.<\/b>\u00a0Le locataire s'engage \u00e0 verser au bailleur une caution d'un montant de [-], qui sera bloqu\u00e9e sur un compte s\u00e9par\u00e9. Le locataire en transmettra la preuve au bailleur au plus tard le jour de la livraison ou de l'enl\u00e8vement des biens. A d\u00e9faut de la preuve susmentionn\u00e9e, le bailleur est en droit de suspendre la livraison ou l'enl\u00e8vement jusqu'\u00e0 ce que la preuve ait \u00e9t\u00e9 remise.<\/p><p><b>5.2.<\/b>\u00a0Le d\u00e9p\u00f4t de garantie d\u00e9crit \u00e0 l'article 5.1 des pr\u00e9sentes conditions g\u00e9n\u00e9rales sera rembours\u00e9 au plus tard deux semaines apr\u00e8s la r\u00e9siliation du contrat, ce qui permettra de r\u00e9gler les \u00e9ventuels dommages caus\u00e9s aux biens. Le d\u00e9p\u00f4t de garantie ne peut \u00eatre consid\u00e9r\u00e9 comme un paiement anticip\u00e9 du loyer.<\/p><p>OU<\/p><p><b>5.3.<\/b>\u00a0Le locataire s'engage \u00e0 souscrire une assurance pour couvrir tout dommage caus\u00e9 aux biens. Le locataire en fournira la preuve au bailleur au plus tard le jour de la livraison ou de l'enl\u00e8vement des biens. En l'absence de la preuve susmentionn\u00e9e, le bailleur a le droit de suspendre la livraison ou l'enl\u00e8vement jusqu'\u00e0 ce que la preuve ait \u00e9t\u00e9 fournie.<\/p><\/div><\/div><div class=\"block-86\"><h4 class=\"smC16908SmSn1p3T42i8i2-style\">6. Mode de livraison et frais de transport<\/h4><\/div><div class=\"block-87\"><div class=\"s-text smC16908SmSn1p3T42i8i3-style\"><p><b>6.1.<\/b>\u00a0Sauf convention contraire, les biens seront toujours livr\u00e9s et enlev\u00e9s par le bailleur respectivement au d\u00e9but (au plus t\u00f4t 10 jours ouvrables apr\u00e8s le d\u00e9but du contrat) et \u00e0 la fin du contrat. Les frais de transport \u00e9ventuels seront factur\u00e9s s\u00e9par\u00e9ment.\u00a0<\/p><p><b>6.2.<\/b>\u00a0Sauf convention \u00e9crite contraire entre les parties, le bailleur livrera exclusivement sur le territoire de la Belgique.<\/p><p><b>6.3.<\/b>\u00a0Les frais de transport susmentionn\u00e9s sont estim\u00e9s \u00e0 un montant fixe de [-] EUR, quel que soit le lieu et\/ou le lieu de livraison. Le locataire sera toujours inform\u00e9 \u00e0 l'avance du montant susmentionn\u00e9.<\/p><p><b>6.4.<\/b>\u00a0Si les Biens doivent \u00eatre livr\u00e9s par le Bailleur \u00e0 un \u00e9tage plus \u00e9lev\u00e9 que l'\u00e9tage situ\u00e9 au niveau de la rue, le Preneur doit fournir un acc\u00e8s pour la livraison. Le Preneur autorise express\u00e9ment le Bailleur \u00e0 utiliser l'ascenseur interne de l'immeuble, s'il en existe un, pour la livraison.<\/p><\/div><\/div><div class=\"block-86\"><h2 class=\"smC16908SmSn1p3T42i8i2-style\">7. Qualit\u00e9 des biens et responsabilit\u00e9<\/h2><\/div><div class=\"block-87\"><div class=\"s-text smC16908SmSn1p3T42i8i3-style\"><p><b>7.1.<\/b>\u00a0Le locataire doit toujours inspecter minutieusement les biens au moment de la livraison. Tout d\u00e9faut des biens et\/ou toute autre remarque du locataire doit \u00eatre imm\u00e9diatement (et au plus tard 24 heures apr\u00e8s la livraison) communiqu\u00e9 \u00e0 la Lettre, faute de quoi le locataire accepte la livraison conforme des biens. La mise en service des biens vaut \u00e9galement acceptation.<\/p><p><b>7.2.<\/b>\u00a0La Lettre n'est pas responsable des dommages caus\u00e9s par un d\u00e9faut des Biens, que ce soit dans le chef du Locataire ou dans le chef d'un tiers. Dans le cas pr\u00e9cit\u00e9, le Locataire et\/ou le tiers s'adressera au Producteur du Bien. Le cas \u00e9ch\u00e9ant, la Lettre s'engage n\u00e9anmoins \u00e0 aider au mieux le Locataire dans son recours contre le Producteur, entre autres en lui transmettant les coordonn\u00e9es (de contact) du Producteur, etc.<\/p><p><b>7.3.\u00a0<\/b>Toutefois, le bailleur inspectera r\u00e9guli\u00e8rement les biens afin de d\u00e9tecter tout d\u00e9faut et\/ou dommage.<\/p><p><b>7.4.<\/b>\u00a0En raison de l'utilisation des biens par des enfants, le locataire reconna\u00eet la n\u00e9cessit\u00e9 d'une surveillance ad\u00e9quate pendant l'utilisation par lui-m\u00eame ou par une autre personne adulte. Le bailleur ne peut \u00eatre tenu responsable de tout dommage et\/ou accident survenu en raison d'un manque de surveillance lors de l'utilisation des biens.\u00a0<\/p><p><b>7.5.<\/b>\u00a0Le locataire est toujours responsable de tous les frais et\/ou p\u00e9nalit\u00e9s d\u00e9coulant de l'utilisation (incorrecte) des biens lou\u00e9s par lui-m\u00eame ou par des tiers.<\/p><p><b>7.6.\u00a0<\/b>L'utilisation abusive du mat\u00e9riel par n\u00e9gligence, incomp\u00e9tence et\/ou pour toute autre raison rel\u00e8ve toujours de la responsabilit\u00e9 du locataire. Tous les frais d\u00e9coulant des dommages caus\u00e9s par cette utilisation seront toujours r\u00e9cup\u00e9r\u00e9s aupr\u00e8s du locataire.<\/p><\/div><\/div><div class=\"block-86\"><h2 class=\"smC16908SmSn1p3T42i8i2-style\">8. Paiement<\/h2><\/div><div class=\"block-87\"><div class=\"s-text smC16908SmSn1p3T42i8i3-style\"><p><b>8.1.<\/b>\u00a0Le Bailleur fournit au Locataire une facture pour le paiement du loyer total d\u00fb, qui est calcul\u00e9 en multipliant le loyer mensuel par le nombre total de mois pour lesquels le Contrat a \u00e9t\u00e9 conclu. Sauf accord \u00e9crit contraire entre les Parties, le Locataire s'engage \u00e0 payer la facture susmentionn\u00e9e dans un d\u00e9lai de 14 jours \u00e0 compter de la date de facturation.\u00a0<\/p><p><b>8.2.<\/b>\u00a0Lorsque le locataire est un consommateur, le prix total de la location, calcul\u00e9 en multipliant les prix de location mensuels par le nombre total de mois pour lesquels le contrat a \u00e9t\u00e9 conclu, doit \u00eatre pay\u00e9 par l'interm\u00e9diaire de la boutique en ligne au plus tard avant le d\u00e9but de la p\u00e9riode de location. La Lettre se r\u00e9serve le droit de suspendre l'ex\u00e9cution du contrat tant que le prix de location n'a pas \u00e9t\u00e9 pay\u00e9.\u00a0<\/p><p><b>8.3.<\/b>\u00a0Le locataire dispose d'un d\u00e9lai de 7 jours, \u00e9galement \u00e0 compter de la date de la facture, pour notifier par \u00e9crit d'\u00e9ventuelles observations ou pour contester la facture par \u00e9crit, apr\u00e8s quoi le locataire est r\u00e9put\u00e9 avoir accept\u00e9 la facture. Le paiement total ou partiel d'une facture constitue son acceptation inconditionnelle.<\/p><p><b>8.4.<\/b>\u00a0En cas de non-paiement total ou partiel, le locataire est redevable de plein droit et sans mise en demeure d'un int\u00e9r\u00eat de retard \u00e9gal \u00e0 1,25% par mois, ainsi que d'une indemnit\u00e9 forfaitaire de 10%, avec un minimum de 125,00 EUR, sur le montant d\u00fb, sans pr\u00e9judice du droit du bailleur de r\u00e9clamer des dommages-int\u00e9r\u00eats plus importants s'il est prouv\u00e9 que le pr\u00e9judice r\u00e9el subi est plus \u00e9lev\u00e9.<\/p><p><b>8.5.<\/b>\u00a0Si le locataire est un consommateur, nonobstant l'article 8.3, les articles XIX.1 WER \u00e0 XIX.15 WER s'appliquent en cas de non-paiement.<\/p><\/div><\/div><div class=\"block-86\"><h2 class=\"smC16908SmSn1p3T42i8i2-style\">9. P\u00e9riode de location<\/h2><\/div><div class=\"block-87\"><div class=\"s-text smC16908SmSn1p3T42i8i3-style\"><p><b>9.1.<\/b>\u00a0L'accord est toujours conclu pour une dur\u00e9e d\u00e9termin\u00e9e, qui peut \u00eatre de un, trois, six, neuf, douze ou vingt-quatre mois. La dur\u00e9e susmentionn\u00e9e est toujours convenue sans ambigu\u00eft\u00e9 par \u00e9crit entre les parties.\u00a0<\/p><p><b>9.2.<\/b>\u00a0La dur\u00e9e minimale de l'accord est d'un mois. La date de d\u00e9but et la date de fin de l'accord sont toujours convenues par \u00e9crit entre les parties dans l'offre.<\/p><p><b>9.3.<\/b>\u00a0Le contrat prend fin de plein droit le dernier jour de la p\u00e9riode de location convenue, sans que le locataire ne doive donner de pr\u00e9avis. Une r\u00e9siliation anticip\u00e9e n'est pas possible.<\/p><p><b>9.4.\u00a0<\/b>L'accord ne peut \u00eatre prorog\u00e9 tacitement. Une prolongation doit toujours \u00eatre convenue par \u00e9crit entre les parties.<\/p><p><b>9.5.\u00a0<\/b>Le locataire s'engage, en accord avec le bailleur, \u00e0 pr\u00e9parer les biens lou\u00e9s en vue de leur enl\u00e8vement par le bailleur avant l'expiration de la dur\u00e9e du contrat et au plus tard le dernier jour de la p\u00e9riode de location.<\/p><p><b>9.6.<\/b>\u00a0Si le Locataire ne pr\u00e9pare pas les Biens lou\u00e9s dans le d\u00e9lai pr\u00e9vu \u00e0 l'article 9.5 des pr\u00e9sentes Conditions g\u00e9n\u00e9rales, le Locataire est en d\u00e9faut de plein droit. Le Locataire sera alors tenu de payer au Bailleur une indemnit\u00e9 \u00e9valu\u00e9e au loyer d'un mois par mois de retard entam\u00e9. Dans le cas susmentionn\u00e9, le bailleur est en outre habilit\u00e9 \u00e0 r\u00e9cup\u00e9rer ind\u00e9pendamment les biens lou\u00e9s aupr\u00e8s du locataire. Tous les frais r\u00e9sultant de l'inex\u00e9cution susmentionn\u00e9e sont toujours \u00e0 charge du locataire.<\/p><p><b>9.7.\u00a0<\/b>Le locataire ne peut jamais devenir propri\u00e9taire des biens lou\u00e9s. Si le locataire s'approprie intentionnellement le bien lou\u00e9, il se rend coupable d'appropriation illicite.\u00a0<\/p><\/div><\/div><div class=\"block-86\"><h2 class=\"smC16908SmSn1p3T42i8i2-style\">10. Obligations du locataire<\/h2><\/div><div class=\"block-87\"><div class=\"s-text smC16908SmSn1p3T42i8i3-style\"><p><span class=\"wysiwyg-color-1\"><b>10.1.<\/b>\u00a0Le locataire s'engage \u00e0 utiliser les biens lou\u00e9s avec diligence et \u00e0 les restituer au bailleur \u00e0 la fin du contrat dans le m\u00eame \u00e9tat que celui dans lequel il les a re\u00e7us.\u00a0<\/span><\/p><p><span class=\"wysiwyg-color-1\"><b>10.2.<\/b>\u00a0Le locataire s'engage \u00e0 utiliser et\/ou manipuler les biens lou\u00e9s conform\u00e9ment aux instructions\/conditions d'utilisation et\/ou de fonctionnement (fournies).<\/span><\/p><p><span class=\"wysiwyg-color-1\"><b>10.3.<\/b>\u00a0Le Locataire est responsable des Biens lou\u00e9s pendant toute la dur\u00e9e de la location et veillera en permanence \u00e0 leur bon fonctionnement et \u00e0 leur bon \u00e9tat. En cas de dommage ou de vol, intentionnel ou non, le locataire en informera toujours imm\u00e9diatement le propri\u00e9taire.\u00a0<\/span><\/p><p><span class=\"wysiwyg-color-1\"><b>10.4.<\/b>\u00a0Le locataire n'est pas autoris\u00e9 \u00e0 pr\u00eater ou \u00e0 emprunter les biens lou\u00e9s \u00e0 des tiers, ni \u00e0 les louer lui-m\u00eame.<\/span><\/p><\/div><\/div><div class=\"block-86\"><h2 class=\"smC16908SmSn1p3T42i8i2-style\">11. Annulation<\/h2><\/div><div class=\"block-87\"><div class=\"s-text smC16908SmSn1p3T42i8i3-style\"><p><b>11.1.<\/b>\u00a0Le locataire a le droit de r\u00e9silier le contrat sans frais dans un d\u00e9lai de 48 heures \u00e0 compter de la passation de la commande, c'est-\u00e0-dire de la r\u00e9ception de l'e-mail de confirmation tel que d\u00e9fini \u00e0 l'article [-]. \u00a0<\/p><p><b>11.2.\u00a0<\/b>Le Loueur a \u00e9galement le droit de r\u00e9silier le Contrat avant son commencement en dehors de la p\u00e9riode de 48 heures mentionn\u00e9e \u00e0 l'article 11.1, mais moyennant le paiement d'une indemnit\u00e9 \u00e9gale \u00e0 20% le prix total de la location des Biens.\u00a0<\/p><p><b>11.3.\u00a0<\/b>Les annulations effectu\u00e9es en dehors des heures de bureau ne sont valables qu'au d\u00e9but du premier jour ouvrable suivant, compte tenu des dimanches et des jours f\u00e9ri\u00e9s.\u00a0<\/p><p><b>11.4.\u00a0<\/b>En cas de r\u00e9siliation du contrat par le locataire conform\u00e9ment aux dispositions des articles 11.1 et 11.2 des pr\u00e9sentes conditions g\u00e9n\u00e9rales, le bailleur remboursera le montant pay\u00e9, moins 20% le cas \u00e9ch\u00e9ant, sur le num\u00e9ro de compte du locataire avec lequel le paiement a \u00e9t\u00e9 effectu\u00e9 initialement.<\/p><\/div><\/div><div class=\"block-86\"><h2 class=\"smC16908SmSn1p3T42i8i2-style\">12. Dommages et d\u00e9fauts<\/h2><\/div><div class=\"block-87\"><div class=\"s-text smC16908SmSn1p3T42i8i3-style\"><p><b>12.1.<\/b>\u00a0Tout dommage, qu'il soit intentionnel ou non, sera r\u00e9cup\u00e9r\u00e9 aupr\u00e8s du locataire. En cas d'endommagement (y compris l'absence) des pi\u00e8ces n\u00e9cessaires, la r\u00e9paration ou le nouvel achat sera factur\u00e9 au locataire.<\/p><p><b>12.2.<\/b>\u00a0Si les biens lou\u00e9s ont \u00e9t\u00e9 d\u00e9truits ou endommag\u00e9s pour quelque raison que ce soit, le loyer des biens reste \u00e0 la charge du locataire, de m\u00eame que la r\u00e9paration et\/ou le nouvel achat de ces biens.\u00a0<\/p><p><b>12.3.<\/b>\u00a0Le locataire s'engage \u00e0 informer le propri\u00e9taire imm\u00e9diatement, et au plus tard dans les 24 heures suivant la d\u00e9couverte, en cas de d\u00e9faut, de dommage et\/ou de vol des biens pendant la p\u00e9riode de location.<\/p><\/div><\/div><div class=\"block-86\"><h2 class=\"smC16908SmSn1p3T42i8i2-style\">13. Force majeure<\/h2><\/div><div class=\"block-87\"><div class=\"s-text smC16908SmSn1p3T42i8i3-style\"><p><b>13.1.<\/b>\u00a0En cas de force majeure, les parties ont le droit de consid\u00e9rer l'accord ou la partie non encore ex\u00e9cut\u00e9e de l'accord comme dissous ou de le suspendre pour une dur\u00e9e d\u00e9termin\u00e9e ou ind\u00e9termin\u00e9e.<\/p><p><b>13.2.<\/b>\u00a0En cas de force majeure, le locataire ne peut pas poursuivre le propri\u00e9taire en dommages et int\u00e9r\u00eats.<\/p><p><b>13.3.<\/b>\u00a0La force majeure comprend tous les \u00e9v\u00e9nements, ind\u00e9pendants de la volont\u00e9 des parties, qui rendent temporairement ou d\u00e9finitivement impossible, impr\u00e9visible et in\u00e9vitable par elles, la poursuite de l'ex\u00e9cution des engagements pris dans le cadre du pr\u00e9sent accord.<\/p><p><b>13.4.<\/b>\u00a0Un \u00e9v\u00e9nement de force majeure comprend, sans s'y limiter, les \u00e9v\u00e9nements suivants : catastrophes naturelles, \u00e9pid\u00e9mies, conflits arm\u00e9s et terrorisme, troubles sociaux (gr\u00e8ve, manifestation, lock-out,...), retards ou d\u00e9faut de livraison des fournisseurs, maladie prolong\u00e9e des employ\u00e9s, d\u00e9cisions ou interventions des pouvoirs publics et erreurs ou retards imputables \u00e0 des tiers.<\/p><\/div><\/div><div class=\"block-86\"><h2 class=\"smC16908SmSn1p3T42i8i2-style\">14. Plaintes<\/h2><\/div><div class=\"block-87\"><div class=\"s-text smC16908SmSn1p3T42i8i3-style\"><p><b>14.1.<\/b>\u00a0Les plaintes adress\u00e9es par l'une des parties \u00e0 l'autre partie doivent \u00eatre formul\u00e9es par \u00e9crit. Les deux parties s'engagent \u00e0 trouver une solution aux plaintes susmentionn\u00e9es dans la mesure du possible.<\/p><\/div><\/div><div class=\"block-86\"><h2 class=\"smC16908SmSn1p3T42i8i2-style\">15. R\u00e9siliation unilat\u00e9rale<\/h2><\/div><div class=\"block-87\"><div class=\"s-text smC16908SmSn1p3T42i8i3-style\"><p><b>15.1.<\/b>\u00a0L'accord peut \u00eatre r\u00e9sili\u00e9 par l'une ou l'autre des parties en cas de manquement grave ou de n\u00e9gligence grave de l'autre partie dans le cadre de ses obligations contractuelles, auquel il n'aurait pas \u00e9t\u00e9 rem\u00e9di\u00e9 dans un d\u00e9lai de sept jours \u00e0 compter de la r\u00e9ception d'une mise en demeure \u00e9crite, dans laquelle l'autre partie demande \u00e0 la partie d\u00e9faillante de corriger ce manquement ou d'y mettre fin.\u00a0<\/p><p><b>15.2.<\/b>\u00a0L'inex\u00e9cution grave ou la n\u00e9gligence grave comprend une inex\u00e9cution si grave que la partie qui l'a commise sait ou devrait savoir qu'elle causera des dommages \u00e0 l'autre partie ou qu'elle constitue une m\u00e9connaissance d'obligations contractuelles auxquelles l'autre partie peut attacher une grande importance.<\/p><p><b>15.3.<\/b>\u00a0Le bailleur a le droit de r\u00e9silier unilat\u00e9ralement son contrat avec le locataire, sans intervention judiciaire et sans mise en demeure pr\u00e9alable, aux frais du locataire et sans devoir de dommages-int\u00e9r\u00eats, en cas d'insolvabilit\u00e9 (menace s\u00e9rieuse et r\u00e9elle d'insolvabilit\u00e9).<\/p><\/div><\/div><div class=\"block-86\"><h2 class=\"smC16908SmSn1p3T42i8i2-style\">16. Droit applicable et juridiction<\/h2><\/div><div class=\"block-87\"><div class=\"s-text smC16908SmSn1p3T42i8i3-style\"><p><b>16.1.<\/b>\u00a0Le droit belge est d'application.\u00a0<\/p><p><b>16.2.<\/b>\u00a0Pour tout diff\u00e9rend ou litige d\u00e9coulant du pr\u00e9sent accord, les tribunaux de l'arrondissement judiciaire de Louvain sont comp\u00e9tents.<\/p><p>Le locataire d\u00e9clare avoir pris connaissance des conditions g\u00e9n\u00e9rales et confirme les avoir accept\u00e9es dans leur int\u00e9gralit\u00e9. Le locataire d\u00e9clare express\u00e9ment \u00eatre li\u00e9 par les conditions g\u00e9n\u00e9rales.\u00a0<\/p><\/div><\/div>\t\t\t\t\t\t\t\t<\/div>\n\t\t\t\t\t<\/div>\n\t\t\t\t<\/div>\n\t\t\t\t<\/div>","protected":false},"excerpt":{"rendered":"<p>1. Definities 1.1. Algemene Voorwaarden:\u00a0betekent de huidige algemene voorwaarden. 1.2. De Verhuurder:\u00a0betekent EXPAT PREMIUM RENTAL, besloten vennootschap naar Belgisch recht met maatschappelijke zetel te Rijsmortelstraat 22, 3360 BIERBEEK en ingeschreven in de KBO onder het nummer 0803.935.703. 1.3. De Huurder:\u00a0betekent iedere natuurlijke persoon en\/of rechtspersoon die een overeenkomst aangaat met de Huurder zoals uiteengezet in [&hellip;]<\/p>","protected":false},"author":1,"featured_media":0,"parent":0,"menu_order":0,"comment_status":"closed","ping_status":"closed","template":"","meta":{"footnotes":""},"class_list":["post-7531","page","type-page","status-publish","hentry"],"_links":{"self":[{"href":"https:\/\/qiddo.be\/fr\/wp-json\/wp\/v2\/pages\/7531","targetHints":{"allow":["GET"]}}],"collection":[{"href":"https:\/\/qiddo.be\/fr\/wp-json\/wp\/v2\/pages"}],"about":[{"href":"https:\/\/qiddo.be\/fr\/wp-json\/wp\/v2\/types\/page"}],"author":[{"embeddable":true,"href":"https:\/\/qiddo.be\/fr\/wp-json\/wp\/v2\/users\/1"}],"replies":[{"embeddable":true,"href":"https:\/\/qiddo.be\/fr\/wp-json\/wp\/v2\/comments?post=7531"}],"version-history":[{"count":7,"href":"https:\/\/qiddo.be\/fr\/wp-json\/wp\/v2\/pages\/7531\/revisions"}],"predecessor-version":[{"id":7996,"href":"https:\/\/qiddo.be\/fr\/wp-json\/wp\/v2\/pages\/7531\/revisions\/7996"}],"wp:attachment":[{"href":"https:\/\/qiddo.be\/fr\/wp-json\/wp\/v2\/media?parent=7531"}],"curies":[{"name":"wp","href":"https:\/\/api.w.org\/{rel}","templated":true}]}}