{"id":8129,"date":"2025-11-10T09:16:13","date_gmt":"2025-11-10T09:16:13","guid":{"rendered":"https:\/\/qiddo.be\/?post_type=product&#038;p=8129"},"modified":"2025-11-18T20:27:14","modified_gmt":"2025-11-18T20:27:14","slug":"table-a-langer-quax-hip-2","status":"publish","type":"product","link":"https:\/\/qiddo.be\/fr\/affaires-de-bebe\/embaucher\/table-a-langer-quax-hip-2\/","title":{"rendered":"Table \u00e0 langer Quax Hanche Blanc-Naturel"},"content":{"rendered":"<p data-start=\"220\" data-end=\"588\"><strong>Table \u00e0 langer Quax Hanche Blanc-Naturel<\/strong><\/p>\n<p data-start=\"220\" data-end=\"588\">Cr\u00e9ez un espace de soins \u00e9l\u00e9gant et pratique avec la table \u00e0 langer Quax Hip. Cette table d'allaitement moderne allie un design \u00e9l\u00e9gant \u00e0 une facilit\u00e9 d'utilisation optimale, ce qui rend chaque routine d'allaitement confortable et pratique. Gr\u00e2ce \u00e0 sa construction robuste et \u00e0 sa hauteur de travail fine, vous b\u00e9n\u00e9ficierez d'une s\u00e9curit\u00e9 et d'un soutien \u00e0 chaque instant avec votre b\u00e9b\u00e9.<\/p>\n<p data-start=\"590\" data-end=\"980\">La table \u00e0 langer Quax Hip offre suffisamment d'espace pour un matelas \u00e0 langer et tous les \u00e9l\u00e9ments essentiels que vous souhaitez garder \u00e0 port\u00e9e de main. Sous le plateau, vous trouverez un espace de rangement ouvert et spacieux o\u00f9 vous pourrez parfaitement organiser les couches, les produits de soin et les paniers. Gr\u00e2ce \u00e0 son design intemporel et \u00e0 ses couleurs douces, cette table s'int\u00e8gre sans probl\u00e8me dans les chambres de b\u00e9b\u00e9 modernes ou classiques.<\/p>\n<p data-start=\"982\" data-end=\"1182\">Avec la table \u00e0 langer Quax Hip, vous choisissez la qualit\u00e9, la s\u00e9curit\u00e9 et un compl\u00e9ment \u00e9l\u00e9gant \u00e0 la chambre d'enfant - id\u00e9al pour les parents qui recherchent la fonctionnalit\u00e9 sans faire de compromis sur l'apparence.<\/p>","protected":false},"excerpt":{"rendered":"<ul>\n<li data-start=\"1230\" data-end=\"1295\">\n<p data-start=\"1232\" data-end=\"1295\">Table \u00e0 langer au design moderne de la collection Quax Hip<\/p>\n<\/li>\n<li data-start=\"1296\" data-end=\"1359\">\n<p data-start=\"1298\" data-end=\"1359\">Hauteur de travail confortable et s\u00fbre pour les soins quotidiens<\/p>\n<\/li>\n<li data-start=\"1360\" data-end=\"1420\">\n<p data-start=\"1362\" data-end=\"1420\">Plateau spacieux convenant \u00e0 tous les coussinets d'allaitement courants<\/p>\n<\/li>\n<li data-start=\"1421\" data-end=\"1487\">\n<p data-start=\"1423\" data-end=\"1487\">Espace de rangement ouvert pratique pour les couches et les articles d'allaitement<\/p>\n<\/li>\n<li data-start=\"1488\" data-end=\"1540\">\n<p data-start=\"1490\" data-end=\"1540\">Un design intemporel et \u00e9l\u00e9gant pour s'adapter \u00e0 toutes les chambres d'enfants<\/p>\n<\/li>\n<\/ul>","protected":false},"featured_media":8064,"comment_status":"open","ping_status":"closed","template":"","meta":[],"product_brand":[93],"product_cat":[70],"product_tag":[],"class_list":{"0":"post-8129","1":"product","2":"type-product","3":"status-publish","4":"has-post-thumbnail","6":"product_brand-quax","7":"product_cat-verzorging","9":"first","10":"instock","11":"taxable","12":"shipping-taxable","13":"purchasable","14":"product-type-simple"},"_links":{"self":[{"href":"https:\/\/qiddo.be\/fr\/wp-json\/wp\/v2\/product\/8129","targetHints":{"allow":["GET"]}}],"collection":[{"href":"https:\/\/qiddo.be\/fr\/wp-json\/wp\/v2\/product"}],"about":[{"href":"https:\/\/qiddo.be\/fr\/wp-json\/wp\/v2\/types\/product"}],"replies":[{"embeddable":true,"href":"https:\/\/qiddo.be\/fr\/wp-json\/wp\/v2\/comments?post=8129"}],"version-history":[{"count":3,"href":"https:\/\/qiddo.be\/fr\/wp-json\/wp\/v2\/product\/8129\/revisions"}],"predecessor-version":[{"id":8425,"href":"https:\/\/qiddo.be\/fr\/wp-json\/wp\/v2\/product\/8129\/revisions\/8425"}],"wp:featuredmedia":[{"embeddable":true,"href":"https:\/\/qiddo.be\/fr\/wp-json\/wp\/v2\/media\/8064"}],"wp:attachment":[{"href":"https:\/\/qiddo.be\/fr\/wp-json\/wp\/v2\/media?parent=8129"}],"wp:term":[{"taxonomy":"product_brand","embeddable":true,"href":"https:\/\/qiddo.be\/fr\/wp-json\/wp\/v2\/product_brand?post=8129"},{"taxonomy":"product_cat","embeddable":true,"href":"https:\/\/qiddo.be\/fr\/wp-json\/wp\/v2\/product_cat?post=8129"},{"taxonomy":"product_tag","embeddable":true,"href":"https:\/\/qiddo.be\/fr\/wp-json\/wp\/v2\/product_tag?post=8129"}],"curies":[{"name":"wp","href":"https:\/\/api.w.org\/{rel}","templated":true}]}}