{"id":8131,"date":"2025-11-10T09:16:13","date_gmt":"2025-11-10T09:16:13","guid":{"rendered":"https:\/\/qiddo.be\/?post_type=product&#038;p=8131"},"modified":"2025-11-18T20:35:38","modified_gmt":"2025-11-18T20:35:38","slug":"pas-de-babybjorn","status":"publish","type":"product","link":"https:\/\/qiddo.be\/fr\/affaires-de-bebe\/embaucher\/pas-de-babybjorn\/","title":{"rendered":"BabyBjorn Step Bleu profond-Blanc"},"content":{"rendered":"<p data-start=\"227\" data-end=\"514\"><strong>BabyBjorn Step Bleu profond-Blanc<\/strong><\/p>\n<p data-start=\"227\" data-end=\"514\">Le marchepied BabyBj\u00f6rn Deep Blue White offre \u00e0 votre enfant la hauteur suppl\u00e9mentaire dont il a besoin pour devenir plus ind\u00e9pendant dans la vie de tous les jours. Qu'il s'agisse de se laver les mains, de se brosser les dents ou d'aider \u00e0 la cuisine, ce marchepied robuste offre \u00e0 votre enfant une base s\u00fbre et stable.<\/p>\n<p data-start=\"516\" data-end=\"845\">Le marchepied est dot\u00e9 d'un dessus et de pieds antid\u00e9rapants, ce qui permet de le maintenir fermement en place, m\u00eame sur des surfaces humides comme dans la salle de bains. Son poids l\u00e9ger permet aux enfants de le d\u00e9placer facilement, tandis que le mat\u00e9riau r\u00e9sistant garantit des ann\u00e9es d'utilisation.<\/p>\n<p data-start=\"847\" data-end=\"1106\">Avec sa couleur bleu fonc\u00e9 \u00e9l\u00e9gante combin\u00e9e au blanc, le marchepied s'int\u00e8gre parfaitement \u00e0 tous les int\u00e9rieurs. BabyBj\u00f6rn est connu pour ses produits de haute qualit\u00e9, et ce marchepied ne fait pas exception : s\u00fbr, pratique et con\u00e7u pour un usage quotidien.<\/p>","protected":false},"excerpt":{"rendered":"<ul>\n<li data-start=\"1156\" data-end=\"1210\">Des mesures pratiques pour plus d'ind\u00e9pendance \u00e0 domicile<\/li>\n<li data-start=\"1211\" data-end=\"1270\">\n<p data-start=\"1213\" data-end=\"1270\">Dessus et pieds antid\u00e9rapants pour une s\u00e9curit\u00e9 optimale<\/p>\n<\/li>\n<li data-start=\"1271\" data-end=\"1327\">\n<p data-start=\"1273\" data-end=\"1327\">L\u00e9ger : facile \u00e0 d\u00e9placer par les enfants<\/p>\n<\/li>\n<li data-start=\"1328\" data-end=\"1373\">\n<p data-start=\"1330\" data-end=\"1373\">La qualit\u00e9 solide et durable de BabyBj\u00f6rn<\/p>\n<\/li>\n<li data-start=\"1374\" data-end=\"1416\">Plastique sans PVC ni BPA<\/li>\n<\/ul>","protected":false},"featured_media":8428,"comment_status":"open","ping_status":"closed","template":"","meta":[],"product_brand":[],"product_cat":[70],"product_tag":[],"class_list":{"0":"post-8131","1":"product","2":"type-product","3":"status-publish","4":"has-post-thumbnail","6":"product_cat-verzorging","8":"first","9":"instock","10":"taxable","11":"shipping-taxable","12":"purchasable","13":"product-type-simple"},"_links":{"self":[{"href":"https:\/\/qiddo.be\/fr\/wp-json\/wp\/v2\/product\/8131","targetHints":{"allow":["GET"]}}],"collection":[{"href":"https:\/\/qiddo.be\/fr\/wp-json\/wp\/v2\/product"}],"about":[{"href":"https:\/\/qiddo.be\/fr\/wp-json\/wp\/v2\/types\/product"}],"replies":[{"embeddable":true,"href":"https:\/\/qiddo.be\/fr\/wp-json\/wp\/v2\/comments?post=8131"}],"version-history":[{"count":3,"href":"https:\/\/qiddo.be\/fr\/wp-json\/wp\/v2\/product\/8131\/revisions"}],"predecessor-version":[{"id":8432,"href":"https:\/\/qiddo.be\/fr\/wp-json\/wp\/v2\/product\/8131\/revisions\/8432"}],"wp:featuredmedia":[{"embeddable":true,"href":"https:\/\/qiddo.be\/fr\/wp-json\/wp\/v2\/media\/8428"}],"wp:attachment":[{"href":"https:\/\/qiddo.be\/fr\/wp-json\/wp\/v2\/media?parent=8131"}],"wp:term":[{"taxonomy":"product_brand","embeddable":true,"href":"https:\/\/qiddo.be\/fr\/wp-json\/wp\/v2\/product_brand?post=8131"},{"taxonomy":"product_cat","embeddable":true,"href":"https:\/\/qiddo.be\/fr\/wp-json\/wp\/v2\/product_cat?post=8131"},{"taxonomy":"product_tag","embeddable":true,"href":"https:\/\/qiddo.be\/fr\/wp-json\/wp\/v2\/product_tag?post=8131"}],"curies":[{"name":"wp","href":"https:\/\/api.w.org\/{rel}","templated":true}]}}