{"id":8135,"date":"2025-11-10T09:16:13","date_gmt":"2025-11-10T09:16:13","guid":{"rendered":"https:\/\/qiddo.be\/?post_type=product&#038;p=8135"},"modified":"2025-11-18T20:40:31","modified_gmt":"2025-11-18T20:40:31","slug":"bebeconfort-mini-toilette-panda","status":"publish","type":"product","link":"https:\/\/qiddo.be\/fr\/affaires-de-bebe\/embaucher\/bebeconfort-mini-toilette-panda\/","title":{"rendered":"Bebeconfort Mini-Toilet Panda"},"content":{"rendered":"<p><strong>Bebeconfort Mini-Toilet Panda<\/strong><\/p>\n<p>Rendez la transition vers les \u201cgrandes toilettes\u201d excitante et amusante avec les toilettes B\u00e9b\u00e9 Confort Mini Size - Panda. Sp\u00e9cialement con\u00e7u pour les tout-petits, cet ensemble pour enfants est une version r\u00e9duite des vraies toilettes : il est dot\u00e9 d'un couvercle, d'une chasse d'eau sonore, d'un compartiment pour le papier hygi\u00e9nique ou les lingettes et d'un mignon design de panda qui pla\u00eet imm\u00e9diatement aux enfants.  Gr\u00e2ce \u00e0 la cuvette int\u00e9rieure amovible, le nettoyage est facile, ce qui est tr\u00e8s pratique.<\/p>\n<p>La base antid\u00e9rapante int\u00e9gr\u00e9e offre une stabilit\u00e9 suppl\u00e9mentaire sur le sol. Le produit convient aussi bien aux gar\u00e7ons qu'aux filles gr\u00e2ce \u00e0 la protection contre les \u00e9claboussures\/le d\u00e9flecteur.<\/p>\n<p>Ce pot joyeux donne \u00e0 votre enfant confiance, plaisir et ind\u00e9pendance - id\u00e9al pour la phase d'apprentissage de la propret\u00e9.<\/p>\n<p>&nbsp;<\/p>\n<p>&nbsp;<\/p>","protected":false},"excerpt":{"rendered":"<ul>\n<li>Base antid\u00e9rapante pour un positionnement s\u00fbr sur le sol<\/li>\n<li>Pot int\u00e9rieur amovible pour un nettoyage facile<\/li>\n<li>Toilettes d'exercice adapt\u00e9es aux enfants avec un design de panda - amusant et accueillant<\/li>\n<li>Id\u00e9al pour la phase d'apprentissage de la propret\u00e9 \u00e0 partir de 18 mois.<\/li>\n<li>D\u00e9flecteur\/\u00e9cran de protection inclus : convient aux gar\u00e7ons et aux filles<\/li>\n<\/ul>","protected":false},"featured_media":8442,"comment_status":"open","ping_status":"closed","template":"","meta":[],"product_brand":[95],"product_cat":[15,70],"product_tag":[],"class_list":{"0":"post-8135","1":"product","2":"type-product","3":"status-publish","4":"has-post-thumbnail","6":"product_brand-bebeconfort","7":"product_cat-uncategorized","8":"product_cat-verzorging","10":"first","11":"instock","12":"taxable","13":"shipping-taxable","14":"purchasable","15":"product-type-simple"},"_links":{"self":[{"href":"https:\/\/qiddo.be\/fr\/wp-json\/wp\/v2\/product\/8135","targetHints":{"allow":["GET"]}}],"collection":[{"href":"https:\/\/qiddo.be\/fr\/wp-json\/wp\/v2\/product"}],"about":[{"href":"https:\/\/qiddo.be\/fr\/wp-json\/wp\/v2\/types\/product"}],"replies":[{"embeddable":true,"href":"https:\/\/qiddo.be\/fr\/wp-json\/wp\/v2\/comments?post=8135"}],"version-history":[{"count":4,"href":"https:\/\/qiddo.be\/fr\/wp-json\/wp\/v2\/product\/8135\/revisions"}],"predecessor-version":[{"id":8450,"href":"https:\/\/qiddo.be\/fr\/wp-json\/wp\/v2\/product\/8135\/revisions\/8450"}],"wp:featuredmedia":[{"embeddable":true,"href":"https:\/\/qiddo.be\/fr\/wp-json\/wp\/v2\/media\/8442"}],"wp:attachment":[{"href":"https:\/\/qiddo.be\/fr\/wp-json\/wp\/v2\/media?parent=8135"}],"wp:term":[{"taxonomy":"product_brand","embeddable":true,"href":"https:\/\/qiddo.be\/fr\/wp-json\/wp\/v2\/product_brand?post=8135"},{"taxonomy":"product_cat","embeddable":true,"href":"https:\/\/qiddo.be\/fr\/wp-json\/wp\/v2\/product_cat?post=8135"},{"taxonomy":"product_tag","embeddable":true,"href":"https:\/\/qiddo.be\/fr\/wp-json\/wp\/v2\/product_tag?post=8135"}],"curies":[{"name":"wp","href":"https:\/\/api.w.org\/{rel}","templated":true}]}}