{"id":8138,"date":"2025-11-10T09:16:13","date_gmt":"2025-11-10T09:16:13","guid":{"rendered":"https:\/\/qiddo.be\/?post_type=product&#038;p=8138"},"modified":"2025-11-18T20:44:25","modified_gmt":"2025-11-18T20:44:25","slug":"mon-pot-de-portage-pot-de-portage","status":"publish","type":"product","link":"https:\/\/qiddo.be\/fr\/affaires-de-bebe\/embaucher\/mon-pot-de-portage-pot-de-portage\/","title":{"rendered":"My Carry Potty Potty Portable Beige"},"content":{"rendered":"<p><strong>My Carry Potty Potty Portable Beige<\/strong><\/p>\n<p>Avec le pot My Carry Natural Beige, la transition vers les \u201cgrandes toilettes\u201d est excitante et sans stress. Sp\u00e9cialement con\u00e7u pour les tout-petits et les enfants d'\u00e2ge pr\u00e9scolaire, ce pot astucieux offre des solutions pratiques aux parents et aux jeunes enfants. Gr\u00e2ce au couvercle \u00e9tanche et \u00e0 la poign\u00e9e portable, votre enfant peut facilement emporter ce pot avec lui - parfait pour la route, les voyages ou simplement \u00e0 la maison lorsque l'apprentissage de la propret\u00e9 s'impose. <br data-start=\"698\" data-end=\"701\" \/>Le pot est facile \u00e0 nettoyer et son design \u00e9l\u00e9gant et moderne lui permet de s'int\u00e9grer parfaitement dans la salle de bains ou la chambre d'enfant. Le si\u00e8ge large et confortable et les pieds antid\u00e9rapants garantissent la stabilit\u00e9 et la s\u00e9curit\u00e9 de votre enfant lorsqu'il l'utilise.\u00a0<br data-start=\"1001\" data-end=\"1004\" \/>Avec le pot My Carry, vous donnez \u00e0 votre enfant de l'ind\u00e9pendance et de la confiance - et vous vous assurez que le pot peut \u00eatre utilis\u00e9 o\u00f9 que vous soyez.<\/p>","protected":false},"excerpt":{"rendered":"<ul>\n<li data-start=\"1204\" data-end=\"1286\">\n<p data-start=\"1206\" data-end=\"1286\">Pot portable avec poign\u00e9e<\/p>\n<\/li>\n<li data-start=\"1287\" data-end=\"1347\">\n<p data-start=\"1289\" data-end=\"1347\">Fermeture \u00e9tanche avec couvercle pour utilisation \u00e0 l'ext\u00e9rieur de la porte<\/p>\n<\/li>\n<li data-start=\"1348\" data-end=\"1409\">\n<p data-start=\"1350\" data-end=\"1409\">Facile \u00e0 nettoyer<\/p>\n<\/li>\n<li data-start=\"1348\" data-end=\"1409\">\n<p data-start=\"1350\" data-end=\"1409\">Fabriqu\u00e9 en plastique durable<\/p>\n<\/li>\n<li data-start=\"1410\" data-end=\"1474\">\n<p data-start=\"1412\" data-end=\"1474\">Confortable pour les enfants : hauteur d'assise g\u00e9n\u00e9reuse et base antid\u00e9rapante<\/p>\n<\/li>\n<\/ul>","protected":false},"featured_media":8456,"comment_status":"open","ping_status":"closed","template":"","meta":[],"product_brand":[96],"product_cat":[70],"product_tag":[],"class_list":{"0":"post-8138","1":"product","2":"type-product","3":"status-publish","4":"has-post-thumbnail","6":"product_brand-my-carry-potty","7":"product_cat-verzorging","9":"first","10":"instock","11":"taxable","12":"shipping-taxable","13":"purchasable","14":"product-type-simple"},"_links":{"self":[{"href":"https:\/\/qiddo.be\/fr\/wp-json\/wp\/v2\/product\/8138","targetHints":{"allow":["GET"]}}],"collection":[{"href":"https:\/\/qiddo.be\/fr\/wp-json\/wp\/v2\/product"}],"about":[{"href":"https:\/\/qiddo.be\/fr\/wp-json\/wp\/v2\/types\/product"}],"replies":[{"embeddable":true,"href":"https:\/\/qiddo.be\/fr\/wp-json\/wp\/v2\/comments?post=8138"}],"version-history":[{"count":4,"href":"https:\/\/qiddo.be\/fr\/wp-json\/wp\/v2\/product\/8138\/revisions"}],"predecessor-version":[{"id":8458,"href":"https:\/\/qiddo.be\/fr\/wp-json\/wp\/v2\/product\/8138\/revisions\/8458"}],"wp:featuredmedia":[{"embeddable":true,"href":"https:\/\/qiddo.be\/fr\/wp-json\/wp\/v2\/media\/8456"}],"wp:attachment":[{"href":"https:\/\/qiddo.be\/fr\/wp-json\/wp\/v2\/media?parent=8138"}],"wp:term":[{"taxonomy":"product_brand","embeddable":true,"href":"https:\/\/qiddo.be\/fr\/wp-json\/wp\/v2\/product_brand?post=8138"},{"taxonomy":"product_cat","embeddable":true,"href":"https:\/\/qiddo.be\/fr\/wp-json\/wp\/v2\/product_cat?post=8138"},{"taxonomy":"product_tag","embeddable":true,"href":"https:\/\/qiddo.be\/fr\/wp-json\/wp\/v2\/product_tag?post=8138"}],"curies":[{"name":"wp","href":"https:\/\/api.w.org\/{rel}","templated":true}]}}