{"id":8140,"date":"2025-11-10T09:16:13","date_gmt":"2025-11-10T09:16:13","guid":{"rendered":"https:\/\/qiddo.be\/?post_type=product&#038;p=8140"},"modified":"2025-11-18T20:46:53","modified_gmt":"2025-11-18T20:46:53","slug":"mon-porte-pot-potty-potty-2","status":"publish","type":"product","link":"https:\/\/qiddo.be\/fr\/affaires-de-bebe\/embaucher\/mon-porte-pot-potty-potty-2\/","title":{"rendered":"My Carry Potty Potty portable Vert pastel"},"content":{"rendered":"<p data-start=\"237\" data-end=\"581\"><strong>My Carry Potty Potty portable Vert pastel<\/strong><\/p>\n<p data-start=\"237\" data-end=\"581\">Le My Carry Potty Pastel Green permet \u00e0 votre enfant de commencer l'apprentissage de la propret\u00e9 de mani\u00e8re \u00e9l\u00e9gante et pratique. Ce pot astucieux est sp\u00e9cialement con\u00e7u pour les jeunes enfants et les parents : il est l\u00e9ger, dot\u00e9 d'une poign\u00e9e pratique et \u00e9tanche aux odeurs et aux fuites - parfait pour une utilisation \u00e0 la maison et en d\u00e9placement.<\/p>\n<p data-start=\"583\" data-end=\"950\">Le design soign\u00e9 permet \u00e0 votre enfant d'emporter le pot avec lui dans la poussette, en vacances ou lors d'excursions. Il se ferme de mani\u00e8re fiable, sans que vous ayez \u00e0 vous soucier des \u00e9claboussures ou des odeurs. La couleur vert pastel est neutre et apaisante, id\u00e9ale pour les gar\u00e7ons comme pour les filles, et s'int\u00e8gre parfaitement dans la chambre de b\u00e9b\u00e9 ou d'enfant en bas \u00e2ge.<\/p>\n<p data-start=\"952\" data-end=\"1098\">Avec ce pot, vous choisissez une combinaison de confort, d'hygi\u00e8ne et de design : il rend l'apprentissage de la propret\u00e9 moins stressant et plus amusant pour tout le monde.<\/p>","protected":false},"excerpt":{"rendered":"<ul>\n<li data-start=\"1144\" data-end=\"1209\">\n<p data-start=\"1146\" data-end=\"1209\">Pot portable avec poign\u00e9e<\/p>\n<\/li>\n<li data-start=\"1210\" data-end=\"1272\">\n<p data-start=\"1212\" data-end=\"1272\">Fermeture \u00e9tanche aux odeurs et aux fuites<\/p>\n<\/li>\n<li data-start=\"1273\" data-end=\"1318\">\n<p data-start=\"1275\" data-end=\"1318\">L\u00e9ger et facile \u00e0 nettoyer<\/p>\n<\/li>\n<li data-start=\"1319\" data-end=\"1396\">\n<p data-start=\"1321\" data-end=\"1396\">Confortable pour les tout-petits<\/p>\n<\/li>\n<li data-start=\"1455\" data-end=\"1514\">\n<p data-start=\"1457\" data-end=\"1514\">Favorise de mani\u00e8re ludique la phase d'apprentissage de la propret\u00e9<\/p>\n<\/li>\n<\/ul>","protected":false},"featured_media":8460,"comment_status":"open","ping_status":"closed","template":"","meta":[],"product_brand":[96],"product_cat":[70],"product_tag":[],"class_list":{"0":"post-8140","1":"product","2":"type-product","3":"status-publish","4":"has-post-thumbnail","6":"product_brand-my-carry-potty","7":"product_cat-verzorging","9":"first","10":"instock","11":"taxable","12":"shipping-taxable","13":"purchasable","14":"product-type-simple"},"_links":{"self":[{"href":"https:\/\/qiddo.be\/fr\/wp-json\/wp\/v2\/product\/8140","targetHints":{"allow":["GET"]}}],"collection":[{"href":"https:\/\/qiddo.be\/fr\/wp-json\/wp\/v2\/product"}],"about":[{"href":"https:\/\/qiddo.be\/fr\/wp-json\/wp\/v2\/types\/product"}],"replies":[{"embeddable":true,"href":"https:\/\/qiddo.be\/fr\/wp-json\/wp\/v2\/comments?post=8140"}],"version-history":[{"count":3,"href":"https:\/\/qiddo.be\/fr\/wp-json\/wp\/v2\/product\/8140\/revisions"}],"predecessor-version":[{"id":8461,"href":"https:\/\/qiddo.be\/fr\/wp-json\/wp\/v2\/product\/8140\/revisions\/8461"}],"wp:featuredmedia":[{"embeddable":true,"href":"https:\/\/qiddo.be\/fr\/wp-json\/wp\/v2\/media\/8460"}],"wp:attachment":[{"href":"https:\/\/qiddo.be\/fr\/wp-json\/wp\/v2\/media?parent=8140"}],"wp:term":[{"taxonomy":"product_brand","embeddable":true,"href":"https:\/\/qiddo.be\/fr\/wp-json\/wp\/v2\/product_brand?post=8140"},{"taxonomy":"product_cat","embeddable":true,"href":"https:\/\/qiddo.be\/fr\/wp-json\/wp\/v2\/product_cat?post=8140"},{"taxonomy":"product_tag","embeddable":true,"href":"https:\/\/qiddo.be\/fr\/wp-json\/wp\/v2\/product_tag?post=8140"}],"curies":[{"name":"wp","href":"https:\/\/api.w.org\/{rel}","templated":true}]}}