{"id":8142,"date":"2025-11-10T09:16:14","date_gmt":"2025-11-10T09:16:14","guid":{"rendered":"https:\/\/qiddo.be\/?post_type=product&#038;p=8142"},"modified":"2025-11-18T20:50:19","modified_gmt":"2025-11-18T20:50:19","slug":"baignoire-pliable-beaba","status":"publish","type":"product","link":"https:\/\/qiddo.be\/fr\/affaires-de-bebe\/embaucher\/baignoire-pliable-beaba\/","title":{"rendered":"Baignoire b\u00e9b\u00e9 pliable Beaba"},"content":{"rendered":"<p><strong>Baignoire pliable pour b\u00e9b\u00e9 Beaba Velvet Grey<\/strong><\/p>\n<p data-start=\"221\" data-end=\"565\">Rendez chaque bain simple, confortable et peu encombrant gr\u00e2ce \u00e0 la baignoire pliable B\u00e9aba. Cette baignoire intelligente est sp\u00e9cialement con\u00e7ue pour les parents \u00e0 la recherche de qualit\u00e9 et de commodit\u00e9. Gr\u00e2ce \u00e0 son design pliable innovant, vous pouvez plier la baignoire de mani\u00e8re compacte en quelques secondes - id\u00e9al pour les petites salles de bains, les voyages ou chez grand-m\u00e8re et grand-p\u00e8re.<\/p>\n<p data-start=\"567\" data-end=\"961\">La baignoire B\u00e9aba est dot\u00e9e de pieds solides et stables et d'une base antid\u00e9rapante, pour que votre enfant soit toujours en s\u00e9curit\u00e9 lorsqu'il prend son bain. Les bords doux et arrondis offrent un confort suppl\u00e9mentaire, tandis que le mat\u00e9riau en silicone durable se plie et se d\u00e9plie sans effort. La baignoire est \u00e9galement \u00e9quip\u00e9e d'un bouchon int\u00e9gr\u00e9 qui permet de vider l'eau rapidement et facilement.<\/p>\n<p data-start=\"963\" data-end=\"1175\">Que ce soit \u00e0 la maison ou en d\u00e9placement, la baignoire pliable B\u00e9aba offre une facilit\u00e9 d'utilisation maximale sans sacrifier le confort et la s\u00e9curit\u00e9. Parfaite d\u00e8s la naissance et pour une longue dur\u00e9e d'utilisation gr\u00e2ce \u00e0 son design spacieux.<\/p>\n<ul>\n<li data-start=\"963\" data-end=\"1175\">Compact : facile \u00e0 plier pour le stockage et\/ou le s\u00e9chage.<\/li>\n<li data-start=\"963\" data-end=\"1175\">L\u00e9ger : ne p\u00e8se que 2,7 kg<\/li>\n<li data-start=\"963\" data-end=\"1175\">Spacieux et confortable : votre enfant est assis en toute s\u00e9curit\u00e9 et d\u00e9tendu gr\u00e2ce aux pieds antid\u00e9rapants.<\/li>\n<li data-start=\"963\" data-end=\"1175\">Capacit\u00e9 en eau : 29 litres<\/li>\n<li data-start=\"963\" data-end=\"1175\">\u00c9quip\u00e9 d'un bouchon de vidange d'eau pratique.<\/li>\n<li data-start=\"963\" data-end=\"1175\">Dimensions d\u00e9pli\u00e9es : 85,5 x 49,5 x 22 cm<\/li>\n<li data-start=\"963\" data-end=\"1175\">Dimensions pli\u00e9 : 85,5 x 49,5 x 12 cm<\/li>\n<li data-start=\"963\" data-end=\"1175\">Couleur : gris velours<\/li>\n<\/ul>","protected":false},"excerpt":{"rendered":"<ul>\n<li data-start=\"1223\" data-end=\"1271\">\n<p data-start=\"1225\" data-end=\"1271\">Peu encombrante : baignoire b\u00e9b\u00e9 enti\u00e8rement pliable<\/p>\n<\/li>\n<li data-start=\"1325\" data-end=\"1384\">\n<p data-start=\"1327\" data-end=\"1384\">Base antid\u00e9rapante et pieds robustes pour une meilleure stabilit\u00e9<\/p>\n<\/li>\n<li data-start=\"1440\" data-end=\"1494\">\n<p data-start=\"1442\" data-end=\"1494\">Arr\u00eat d'eau int\u00e9gr\u00e9 pour une vidange rapide<\/p>\n<\/li>\n<li data-start=\"1495\" data-end=\"1551\">\n<p data-start=\"1497\" data-end=\"1551\">Fabriqu\u00e9 en silicone durable et flexible<\/p>\n<\/li>\n<li data-start=\"1552\" data-end=\"1582\">\n<p data-start=\"1554\" data-end=\"1582\">Convient d\u00e8s la naissance<\/p>\n<\/li>\n<\/ul>","protected":false},"featured_media":8466,"comment_status":"open","ping_status":"closed","template":"","meta":[],"product_brand":[97],"product_cat":[70],"product_tag":[],"class_list":{"0":"post-8142","1":"product","2":"type-product","3":"status-publish","4":"has-post-thumbnail","6":"product_brand-beaba","7":"product_cat-verzorging","9":"first","10":"instock","11":"taxable","12":"shipping-taxable","13":"purchasable","14":"product-type-simple"},"_links":{"self":[{"href":"https:\/\/qiddo.be\/fr\/wp-json\/wp\/v2\/product\/8142","targetHints":{"allow":["GET"]}}],"collection":[{"href":"https:\/\/qiddo.be\/fr\/wp-json\/wp\/v2\/product"}],"about":[{"href":"https:\/\/qiddo.be\/fr\/wp-json\/wp\/v2\/types\/product"}],"replies":[{"embeddable":true,"href":"https:\/\/qiddo.be\/fr\/wp-json\/wp\/v2\/comments?post=8142"}],"version-history":[{"count":4,"href":"https:\/\/qiddo.be\/fr\/wp-json\/wp\/v2\/product\/8142\/revisions"}],"predecessor-version":[{"id":8468,"href":"https:\/\/qiddo.be\/fr\/wp-json\/wp\/v2\/product\/8142\/revisions\/8468"}],"wp:featuredmedia":[{"embeddable":true,"href":"https:\/\/qiddo.be\/fr\/wp-json\/wp\/v2\/media\/8466"}],"wp:attachment":[{"href":"https:\/\/qiddo.be\/fr\/wp-json\/wp\/v2\/media?parent=8142"}],"wp:term":[{"taxonomy":"product_brand","embeddable":true,"href":"https:\/\/qiddo.be\/fr\/wp-json\/wp\/v2\/product_brand?post=8142"},{"taxonomy":"product_cat","embeddable":true,"href":"https:\/\/qiddo.be\/fr\/wp-json\/wp\/v2\/product_cat?post=8142"},{"taxonomy":"product_tag","embeddable":true,"href":"https:\/\/qiddo.be\/fr\/wp-json\/wp\/v2\/product_tag?post=8142"}],"curies":[{"name":"wp","href":"https:\/\/api.w.org\/{rel}","templated":true}]}}