{"id":8146,"date":"2025-11-10T09:16:14","date_gmt":"2025-11-10T09:16:14","guid":{"rendered":"https:\/\/qiddo.be\/?post_type=product&#038;p=8146"},"modified":"2025-11-18T20:57:06","modified_gmt":"2025-11-18T20:57:06","slug":"oreiller-de-soin-shnuggle-squishy","status":"publish","type":"product","link":"https:\/\/qiddo.be\/fr\/affaires-de-bebe\/embaucher\/oreiller-de-soin-shnuggle-squishy\/","title":{"rendered":"Oreiller de soin Shnuggle Squishy Taupe"},"content":{"rendered":"<p data-start=\"273\" data-end=\"712\"><strong>Oreiller de soin Shnuggle Squishy Taupe<\/strong><\/p>\n<p data-start=\"273\" data-end=\"712\">Le coussin d'allaitement Squishy de Shnuggle fait de chaque moment d'allaitement un moment confortable, hygi\u00e9nique et s\u00fbr pour vous et votre b\u00e9b\u00e9. Le coussin est compos\u00e9 d'une mousse thermor\u00e9gulatrice \u00e0 la fois douce et ferme, ce qui le rend imm\u00e9diatement confortable et non froid au contact - id\u00e9al pour les nouveau-n\u00e9s. Gr\u00e2ce \u00e0 sa forme l\u00e9g\u00e8rement inclin\u00e9e, votre b\u00e9b\u00e9 est couch\u00e9 dans une position naturelle et soutenue, ce qui \u00e9vite le retournement.<\/p>\n<p data-start=\"714\" data-end=\"1014\">Le coussin Squishy est totalement imperm\u00e9able, ce qui permet de l'essuyer facilement \u00e0 l'aide d'un chiffon humide. Pas de housse salissante ni de nettoyage complexe : l'hygi\u00e8ne est un jeu d'enfant. Sa taille compacte permet de l'utiliser sur la commode, le lit, le canap\u00e9 ou m\u00eame en d\u00e9placement.<\/p>\n<p data-start=\"1016\" data-end=\"1254\">Le design moderne et minimaliste s'int\u00e8gre parfaitement dans une chambre d'enfant ou une salle de bain. Avec le coussin d'allaitement Squishy de Shnuggle, vous optez pour un confort optimal, une hygi\u00e8ne maximale et une solution pratique et \u00e9l\u00e9gante pour la toilette quotidienne.<\/p>","protected":false},"excerpt":{"rendered":"<ul>\n<li data-start=\"1304\" data-end=\"1360\">\n<p data-start=\"1306\" data-end=\"1360\">Mousse douce et chaude au toucher pour un confort de couchage maximal<\/p>\n<\/li>\n<li data-start=\"1361\" data-end=\"1413\">\n<p data-start=\"1363\" data-end=\"1413\">R\u00e9sistant \u00e0 l'eau et tr\u00e8s facile \u00e0 nettoyer<\/p>\n<\/li>\n<li data-start=\"1414\" data-end=\"1473\">\n<p data-start=\"1416\" data-end=\"1473\">Conception l\u00e9g\u00e8rement inclin\u00e9e pour une position s\u00fbre et stable<\/p>\n<\/li>\n<li data-start=\"1474\" data-end=\"1515\">\n<p data-start=\"1476\" data-end=\"1515\">Aucun couvercle n'est n\u00e9cessaire - toujours hygi\u00e9nique<\/p>\n<\/li>\n<li data-start=\"1516\" data-end=\"1549\">\n<p data-start=\"1518\" data-end=\"1549\">Confortable d\u00e8s la naissance<\/p>\n<\/li>\n<li data-start=\"1550\" data-end=\"1610\">\n<p data-start=\"1552\" data-end=\"1610\">Compact et polyvalent : \u00e0 utiliser sur toute surface plane<\/p>\n<\/li>\n<li data-start=\"1611\" data-end=\"1669\">\n<p data-start=\"1613\" data-end=\"1669\">Le design moderne et minimaliste s'adapte \u00e0 toutes les chambres d'enfants<\/p>\n<\/li>\n<\/ul>","protected":false},"featured_media":8474,"comment_status":"open","ping_status":"closed","template":"","meta":[],"product_brand":[98],"product_cat":[70],"product_tag":[],"class_list":{"0":"post-8146","1":"product","2":"type-product","3":"status-publish","4":"has-post-thumbnail","6":"product_brand-shnuggle","7":"product_cat-verzorging","9":"first","10":"instock","11":"taxable","12":"shipping-taxable","13":"purchasable","14":"product-type-simple"},"_links":{"self":[{"href":"https:\/\/qiddo.be\/fr\/wp-json\/wp\/v2\/product\/8146","targetHints":{"allow":["GET"]}}],"collection":[{"href":"https:\/\/qiddo.be\/fr\/wp-json\/wp\/v2\/product"}],"about":[{"href":"https:\/\/qiddo.be\/fr\/wp-json\/wp\/v2\/types\/product"}],"replies":[{"embeddable":true,"href":"https:\/\/qiddo.be\/fr\/wp-json\/wp\/v2\/comments?post=8146"}],"version-history":[{"count":3,"href":"https:\/\/qiddo.be\/fr\/wp-json\/wp\/v2\/product\/8146\/revisions"}],"predecessor-version":[{"id":8476,"href":"https:\/\/qiddo.be\/fr\/wp-json\/wp\/v2\/product\/8146\/revisions\/8476"}],"wp:featuredmedia":[{"embeddable":true,"href":"https:\/\/qiddo.be\/fr\/wp-json\/wp\/v2\/media\/8474"}],"wp:attachment":[{"href":"https:\/\/qiddo.be\/fr\/wp-json\/wp\/v2\/media?parent=8146"}],"wp:term":[{"taxonomy":"product_brand","embeddable":true,"href":"https:\/\/qiddo.be\/fr\/wp-json\/wp\/v2\/product_brand?post=8146"},{"taxonomy":"product_cat","embeddable":true,"href":"https:\/\/qiddo.be\/fr\/wp-json\/wp\/v2\/product_cat?post=8146"},{"taxonomy":"product_tag","embeddable":true,"href":"https:\/\/qiddo.be\/fr\/wp-json\/wp\/v2\/product_tag?post=8146"}],"curies":[{"name":"wp","href":"https:\/\/api.w.org\/{rel}","templated":true}]}}