{"id":8150,"date":"2025-11-10T09:16:14","date_gmt":"2025-11-10T09:16:14","guid":{"rendered":"https:\/\/qiddo.be\/?post_type=product&#038;p=8150"},"modified":"2025-11-18T21:02:45","modified_gmt":"2025-11-18T21:02:45","slug":"chauffe-biberon-philips-avent-scf358-00","status":"publish","type":"product","link":"https:\/\/qiddo.be\/fr\/affaires-de-bebe\/embaucher\/chauffe-biberon-philips-avent-scf358-00\/","title":{"rendered":"Chauffe-biberon Philips AVENT SCF358\/00"},"content":{"rendered":"<p><strong>Chauffe-biberon Philips AVENT SCF358\/00<\/strong><\/p>\n<p data-start=\"207\" data-end=\"503\">Le chauffe-biberon Philips AVENT SCF358\/00 offre aux parents un moyen rapide, s\u00fbr et r\u00e9gulier d'amener les biberons et les pots de b\u00e9b\u00e9 \u00e0 la temp\u00e9rature id\u00e9ale. Gr\u00e2ce au contr\u00f4le intelligent de la temp\u00e9rature, le lait est chauff\u00e9 sans points chauds, ce qui permet de pr\u00e9server au mieux tous les nutriments.<\/p>\n<p data-start=\"505\" data-end=\"809\">Avec diff\u00e9rents niveaux de temp\u00e9rature et une fonction de d\u00e9cong\u00e9lation pratique, ce chauffe-biberon convient \u00e0 tous les types de bouteilles, de pots et de portions. Le SCF358\/00 chauffe le lait en quelques minutes seulement et s'\u00e9teint automatiquement lorsque la bonne temp\u00e9rature est atteinte, ce qui est tr\u00e8s s\u00fbr dans l'agitation de la vie quotidienne.<\/p>\n<p data-start=\"811\" data-end=\"1050\">Le design compact s'int\u00e8gre \u00e0 toutes les cuisines et rend le chauffe-biberon parfait pour une utilisation quotidienne, de jour comme de nuit. Le Philips AVENT SCF358\/00 allie facilit\u00e9 d'utilisation, rapidit\u00e9 et pr\u00e9cision pour une routine d'alimentation sans stress.<\/p>","protected":false},"excerpt":{"rendered":"<ul>\n<li data-start=\"1098\" data-end=\"1134\">\n<p data-start=\"1100\" data-end=\"1134\">Chauffage rapide et homog\u00e8ne<\/p>\n<\/li>\n<li data-start=\"1135\" data-end=\"1181\">\n<p data-start=\"1137\" data-end=\"1181\">Contr\u00f4le intelligent de la temp\u00e9rature sans points chauds<\/p>\n<\/li>\n<li data-start=\"1182\" data-end=\"1228\">\n<p data-start=\"1184\" data-end=\"1228\">Convient pour les bouteilles, les bocaux et la d\u00e9cong\u00e9lation<\/p>\n<\/li>\n<li data-start=\"1229\" data-end=\"1281\">\n<p data-start=\"1231\" data-end=\"1281\">Arr\u00eat automatique pour plus de s\u00e9curit\u00e9<\/p>\n<\/li>\n<li data-start=\"1282\" data-end=\"1326\">\n<p data-start=\"1284\" data-end=\"1326\">Compact et id\u00e9al pour une utilisation quotidienne<\/p>\n<\/li>\n<\/ul>","protected":false},"featured_media":8835,"comment_status":"open","ping_status":"closed","template":"","meta":[],"product_brand":[99],"product_cat":[71],"product_tag":[],"class_list":{"0":"post-8150","1":"product","2":"type-product","3":"status-publish","4":"has-post-thumbnail","6":"product_brand-avent","7":"product_cat-voeden","9":"first","10":"instock","11":"taxable","12":"shipping-taxable","13":"purchasable","14":"product-type-simple"},"_links":{"self":[{"href":"https:\/\/qiddo.be\/fr\/wp-json\/wp\/v2\/product\/8150","targetHints":{"allow":["GET"]}}],"collection":[{"href":"https:\/\/qiddo.be\/fr\/wp-json\/wp\/v2\/product"}],"about":[{"href":"https:\/\/qiddo.be\/fr\/wp-json\/wp\/v2\/types\/product"}],"replies":[{"embeddable":true,"href":"https:\/\/qiddo.be\/fr\/wp-json\/wp\/v2\/comments?post=8150"}],"version-history":[{"count":3,"href":"https:\/\/qiddo.be\/fr\/wp-json\/wp\/v2\/product\/8150\/revisions"}],"predecessor-version":[{"id":8837,"href":"https:\/\/qiddo.be\/fr\/wp-json\/wp\/v2\/product\/8150\/revisions\/8837"}],"wp:featuredmedia":[{"embeddable":true,"href":"https:\/\/qiddo.be\/fr\/wp-json\/wp\/v2\/media\/8835"}],"wp:attachment":[{"href":"https:\/\/qiddo.be\/fr\/wp-json\/wp\/v2\/media?parent=8150"}],"wp:term":[{"taxonomy":"product_brand","embeddable":true,"href":"https:\/\/qiddo.be\/fr\/wp-json\/wp\/v2\/product_brand?post=8150"},{"taxonomy":"product_cat","embeddable":true,"href":"https:\/\/qiddo.be\/fr\/wp-json\/wp\/v2\/product_cat?post=8150"},{"taxonomy":"product_tag","embeddable":true,"href":"https:\/\/qiddo.be\/fr\/wp-json\/wp\/v2\/product_tag?post=8150"}],"curies":[{"name":"wp","href":"https:\/\/api.w.org\/{rel}","templated":true}]}}