{"id":8154,"date":"2025-11-10T09:16:14","date_gmt":"2025-11-10T09:16:14","guid":{"rendered":"https:\/\/qiddo.be\/?post_type=product&#038;p=8154"},"modified":"2025-11-18T21:07:15","modified_gmt":"2025-11-18T21:07:15","slug":"porte-secheurs-philips-avent","status":"publish","type":"product","link":"https:\/\/qiddo.be\/fr\/affaires-de-bebe\/embaucher\/porte-secheurs-philips-avent\/","title":{"rendered":"Philips AVENT Portoir de s\u00e9chage"},"content":{"rendered":"<p><strong>Portoir de s\u00e9chage Philips Avent<\/strong><\/p>\n<p>Le support de s\u00e9chage Philips Avent est la solution id\u00e9ale pour un s\u00e9chage hygi\u00e9nique et ordonn\u00e9 des biberons, t\u00e9tines, pi\u00e8ces de tire-lait et autres accessoires d'alimentation. La conception ouverte et bien ventil\u00e9e permet \u00e0 l'air de circuler de mani\u00e8re optimale, ce qui permet de s\u00e9cher toutes les pi\u00e8ces plus rapidement et de mani\u00e8re hygi\u00e9nique, sans accumulation d'eau.<\/p>\n<p data-start=\"537\" data-end=\"917\">Le support de s\u00e9chage offre de la place pour des bouteilles de toutes tailles et comprend des supports intelligents et amovibles qui vous permettent d'ajuster facilement la disposition en fonction de vos besoins. Le design compact prend peu de place sur le plan de travail, mais offre une capacit\u00e9 de s\u00e9chage \u00e9tonnamment grande. Le bac de r\u00e9cup\u00e9ration amovible recueille efficacement l'eau et est facile \u00e0 vider, ce qui permet de garder votre cuisine propre et s\u00e8che.<\/p>\n<p data-start=\"919\" data-end=\"1092\">Avec son look moderne et neutre, le support de s\u00e9chage Philips Avent s'int\u00e8gre \u00e0 toutes les cuisines, tout en facilitant les soins quotidiens de votre b\u00e9b\u00e9.<\/p>","protected":false},"excerpt":{"rendered":"<ul>\n<li data-start=\"1142\" data-end=\"1189\">\n<p data-start=\"1144\" data-end=\"1189\">Espace pour plusieurs bouteilles et accessoires<\/p>\n<\/li>\n<li data-start=\"1190\" data-end=\"1251\">\n<p data-start=\"1192\" data-end=\"1251\">Conception ouverte et ventil\u00e9e pour un s\u00e9chage rapide et hygi\u00e9nique<\/p>\n<\/li>\n<li data-start=\"1302\" data-end=\"1353\">\n<p data-start=\"1304\" data-end=\"1353\">Design compact et \u00e9l\u00e9gant, s'adapte \u00e0 toutes les cuisines<\/p>\n<\/li>\n<li data-start=\"1354\" data-end=\"1409\">\n<p data-start=\"1356\" data-end=\"1409\">Comprend un plateau d'\u00e9gouttage amovible pour un nettoyage facile<\/p>\n<\/li>\n<li data-start=\"1410\" data-end=\"1481\">\n<p data-start=\"1412\" data-end=\"1481\">Convient \u00e0 tous les biberons Philips Avent et \u00e0 la plupart des autres marques<\/p>\n<\/li>\n<\/ul>","protected":false},"featured_media":8477,"comment_status":"open","ping_status":"closed","template":"","meta":[],"product_brand":[99],"product_cat":[71],"product_tag":[],"class_list":{"0":"post-8154","1":"product","2":"type-product","3":"status-publish","4":"has-post-thumbnail","6":"product_brand-avent","7":"product_cat-voeden","9":"first","10":"instock","11":"taxable","12":"shipping-taxable","13":"purchasable","14":"product-type-simple"},"_links":{"self":[{"href":"https:\/\/qiddo.be\/fr\/wp-json\/wp\/v2\/product\/8154","targetHints":{"allow":["GET"]}}],"collection":[{"href":"https:\/\/qiddo.be\/fr\/wp-json\/wp\/v2\/product"}],"about":[{"href":"https:\/\/qiddo.be\/fr\/wp-json\/wp\/v2\/types\/product"}],"replies":[{"embeddable":true,"href":"https:\/\/qiddo.be\/fr\/wp-json\/wp\/v2\/comments?post=8154"}],"version-history":[{"count":4,"href":"https:\/\/qiddo.be\/fr\/wp-json\/wp\/v2\/product\/8154\/revisions"}],"predecessor-version":[{"id":8480,"href":"https:\/\/qiddo.be\/fr\/wp-json\/wp\/v2\/product\/8154\/revisions\/8480"}],"wp:featuredmedia":[{"embeddable":true,"href":"https:\/\/qiddo.be\/fr\/wp-json\/wp\/v2\/media\/8477"}],"wp:attachment":[{"href":"https:\/\/qiddo.be\/fr\/wp-json\/wp\/v2\/media?parent=8154"}],"wp:term":[{"taxonomy":"product_brand","embeddable":true,"href":"https:\/\/qiddo.be\/fr\/wp-json\/wp\/v2\/product_brand?post=8154"},{"taxonomy":"product_cat","embeddable":true,"href":"https:\/\/qiddo.be\/fr\/wp-json\/wp\/v2\/product_cat?post=8154"},{"taxonomy":"product_tag","embeddable":true,"href":"https:\/\/qiddo.be\/fr\/wp-json\/wp\/v2\/product_tag?post=8154"}],"curies":[{"name":"wp","href":"https:\/\/api.w.org\/{rel}","templated":true}]}}