{"id":8158,"date":"2025-11-10T09:16:15","date_gmt":"2025-11-10T09:16:15","guid":{"rendered":"https:\/\/qiddo.be\/?post_type=product&#038;p=8158"},"modified":"2025-11-20T08:39:05","modified_gmt":"2025-11-20T08:39:05","slug":"baby-brezza-automatic-bottle-maker-formula-pro-advanced-original","status":"publish","type":"product","link":"https:\/\/qiddo.be\/fr\/affaires-de-bebe\/embaucher\/baby-brezza-automatic-bottle-maker-formula-pro-advanced-original\/","title":{"rendered":"Baby Brezza Pr\u00e9parateur automatique de biberons Formula PRO Advanced Original - Blanc"},"content":{"rendered":"<p data-start=\"284\" data-end=\"659\"><strong>Baby Brezza Pr\u00e9parateur automatique de biberons Formula PRO Advanced Original<\/strong><\/p>\n<p data-start=\"284\" data-end=\"659\">Le Baby Brezza Formula Pro rend la pr\u00e9paration des biberons plus facile que jamais. Ce pr\u00e9parateur de biberons automatique m\u00e9lange et chauffe le lait en poudre et l'eau de mani\u00e8re enti\u00e8rement automatique pour obtenir un aliment parfaitement lisse et sans grumeaux, toujours \u00e0 la bonne temp\u00e9rature, en quelques secondes seulement. Plus besoin de se pr\u00e9occuper des cuill\u00e8res, de faire bouillir l'eau ou de la refroidir : le biberon est pr\u00eat sur simple pression d'un bouton.<\/p>\n<p data-start=\"661\" data-end=\"1041\">Le Formula Pro fonctionne avec pratiquement tous les types de lait en poudre et toutes les tailles de biberons, ce qui le rend parfait pour la routine quotidienne de tous les parents. L'appareil dose la bonne quantit\u00e9 de poudre, la m\u00e9lange \u00e0 l'eau de la bonne fa\u00e7on et assure une temp\u00e9rature constante du lait. Cela signifie moins de stress, moins d'erreurs et plus de tranquillit\u00e9 d'esprit pendant les t\u00e9t\u00e9es nocturnes.<\/p>\n<p data-start=\"1043\" data-end=\"1377\">Le r\u00e9servoir d'eau spacieux, le r\u00e9servoir de poudre \u00e9tanche et le panneau de commande clair font du Formula Pro un appareil particuli\u00e8rement convivial. Gr\u00e2ce \u00e0 son design \u00e9l\u00e9gant et moderne, il s'int\u00e8gre sans effort dans n'importe quelle cuisine. Le Baby Brezza Formula Pro est le must pour les parents qui veulent allier commodit\u00e9, hygi\u00e8ne et gain de temps.<\/p>","protected":false},"excerpt":{"rendered":"<ul>\n<li data-start=\"1494\" data-end=\"1554\">Toujours la bonne temp\u00e9rature et le bon rapport - pas de grumeaux<\/li>\n<li data-start=\"1714\" data-end=\"1759\">\n<p data-start=\"1716\" data-end=\"1759\">Fonctionnement \u00e0 l'aide d'un seul bouton<\/p>\n<\/li>\n<li data-start=\"1714\" data-end=\"1759\">\n<p data-start=\"1716\" data-end=\"1759\">Rapide et efficace<\/p>\n<\/li>\n<li data-start=\"1819\" data-end=\"1860\">\n<p data-start=\"1821\" data-end=\"1860\">Design moderne<\/p>\n<\/li>\n<\/ul>\n<p>&nbsp;<\/p>","protected":false},"featured_media":8492,"comment_status":"open","ping_status":"closed","template":"","meta":[],"product_brand":[100],"product_cat":[71],"product_tag":[],"class_list":{"0":"post-8158","1":"product","2":"type-product","3":"status-publish","4":"has-post-thumbnail","6":"product_brand-baby-brezza","7":"product_cat-voeden","9":"first","10":"instock","11":"taxable","12":"shipping-taxable","13":"purchasable","14":"product-type-simple"},"_links":{"self":[{"href":"https:\/\/qiddo.be\/fr\/wp-json\/wp\/v2\/product\/8158","targetHints":{"allow":["GET"]}}],"collection":[{"href":"https:\/\/qiddo.be\/fr\/wp-json\/wp\/v2\/product"}],"about":[{"href":"https:\/\/qiddo.be\/fr\/wp-json\/wp\/v2\/types\/product"}],"replies":[{"embeddable":true,"href":"https:\/\/qiddo.be\/fr\/wp-json\/wp\/v2\/comments?post=8158"}],"version-history":[{"count":6,"href":"https:\/\/qiddo.be\/fr\/wp-json\/wp\/v2\/product\/8158\/revisions"}],"predecessor-version":[{"id":9043,"href":"https:\/\/qiddo.be\/fr\/wp-json\/wp\/v2\/product\/8158\/revisions\/9043"}],"wp:featuredmedia":[{"embeddable":true,"href":"https:\/\/qiddo.be\/fr\/wp-json\/wp\/v2\/media\/8492"}],"wp:attachment":[{"href":"https:\/\/qiddo.be\/fr\/wp-json\/wp\/v2\/media?parent=8158"}],"wp:term":[{"taxonomy":"product_brand","embeddable":true,"href":"https:\/\/qiddo.be\/fr\/wp-json\/wp\/v2\/product_brand?post=8158"},{"taxonomy":"product_cat","embeddable":true,"href":"https:\/\/qiddo.be\/fr\/wp-json\/wp\/v2\/product_cat?post=8158"},{"taxonomy":"product_tag","embeddable":true,"href":"https:\/\/qiddo.be\/fr\/wp-json\/wp\/v2\/product_tag?post=8158"}],"curies":[{"name":"wp","href":"https:\/\/api.w.org\/{rel}","templated":true}]}}