{"id":8162,"date":"2025-11-10T09:16:15","date_gmt":"2025-11-10T09:16:15","guid":{"rendered":"https:\/\/qiddo.be\/?post_type=product&#038;p=8162"},"modified":"2025-11-13T12:24:21","modified_gmt":"2025-11-13T12:24:21","slug":"chauffe-biberon-portable-baby-brezza-chauffe-super-vite","status":"publish","type":"product","link":"https:\/\/qiddo.be\/fr\/affaires-de-bebe\/embaucher\/chauffe-biberon-portable-baby-brezza-chauffe-super-vite\/","title":{"rendered":"Baby Brezza Chauffe-biberon portable Noir"},"content":{"rendered":"<p><strong>Baby Brezza Chauffe-biberon portable Noir<\/strong><\/p>\n<p data-start=\"254\" data-end=\"597\">Le chauffe-biberon Super Fast Warmer de Baby Brezza est la solution id\u00e9ale pour les parents qui souhaitent r\u00e9chauffer des biberons et des pots rapidement, en toute s\u00e9curit\u00e9 et n'importe o\u00f9. Gr\u00e2ce \u00e0 sa technologie de chauffage avanc\u00e9e, ce chauffe-biberon chauffe le lait ou les aliments jusqu'\u00e0 deux fois plus vite que les chauffe-biberons traditionnels - parfait lorsque votre b\u00e9b\u00e9 a faim et que vous ne voulez pas perdre de temps.<\/p>\n<p data-start=\"599\" data-end=\"898\">Gr\u00e2ce \u00e0 sa conception compacte et portable, le chauffe-biberon Super Fast Warmer est id\u00e9al \u00e0 la maison, en d\u00e9placement ou chez les baby-sitters et les grands-parents. Il suffit de placer le biberon dans le chauffe-biberon, de s\u00e9lectionner le programme souhait\u00e9 et le Baby Brezza assure une chaleur constante et homog\u00e8ne, sans points chauds.<\/p>\n<p data-start=\"900\" data-end=\"1202\">Convient \u00e0 toutes les tailles de biberons et \u00e0 tous les mat\u00e9riaux courants, y compris le lait maternel, les aliments artificiels et les aliments pour b\u00e9b\u00e9s en pots. L'arr\u00eat automatique et les commandes intuitives offrent une s\u00e9curit\u00e9 et une commodit\u00e9 accrues. Avec ce chauffe-biberon, vous optez pour la rapidit\u00e9, la pr\u00e9cision et la convivialit\u00e9 absolue.<\/p>\n<p data-start=\"1204\" data-end=\"1305\">Avec le chauffe-biberon Baby Brezza Super Fast Warmer, vous \u00eates toujours pr\u00eate pour la prochaine t\u00e9t\u00e9e, o\u00f9 que vous soyez.<\/p>","protected":false},"excerpt":{"rendered":"<ul>\n<li data-start=\"1355\" data-end=\"1406\">\n<p data-start=\"1357\" data-end=\"1406\">Super rapide : chauffe les bouteilles jusqu'\u00e0 deux fois plus vite<\/p>\n<\/li>\n<li data-start=\"1407\" data-end=\"1453\">\n<p data-start=\"1409\" data-end=\"1453\">Compact et portable - id\u00e9al pour les voyages<\/p>\n<\/li>\n<li data-start=\"1454\" data-end=\"1504\">\n<p data-start=\"1456\" data-end=\"1504\">Convient \u00e0 toutes les tailles de biberons et aux aliments pour b\u00e9b\u00e9s<\/p>\n<\/li>\n<li data-start=\"1546\" data-end=\"1582\">\n<p data-start=\"1548\" data-end=\"1582\">Fonctionnement simple<\/p>\n<\/li>\n<li data-start=\"1583\" data-end=\"1635\">\n<p data-start=\"1585\" data-end=\"1635\">Arr\u00eat automatique pour plus de s\u00e9curit\u00e9<\/p>\n<\/li>\n<\/ul>","protected":false},"featured_media":8497,"comment_status":"open","ping_status":"closed","template":"","meta":[],"product_brand":[],"product_cat":[15],"product_tag":[],"class_list":{"0":"post-8162","1":"product","2":"type-product","3":"status-publish","4":"has-post-thumbnail","6":"product_cat-uncategorized","8":"first","9":"instock","10":"taxable","11":"shipping-taxable","12":"product-type-simple"},"_links":{"self":[{"href":"https:\/\/qiddo.be\/fr\/wp-json\/wp\/v2\/product\/8162","targetHints":{"allow":["GET"]}}],"collection":[{"href":"https:\/\/qiddo.be\/fr\/wp-json\/wp\/v2\/product"}],"about":[{"href":"https:\/\/qiddo.be\/fr\/wp-json\/wp\/v2\/types\/product"}],"replies":[{"embeddable":true,"href":"https:\/\/qiddo.be\/fr\/wp-json\/wp\/v2\/comments?post=8162"}],"version-history":[{"count":4,"href":"https:\/\/qiddo.be\/fr\/wp-json\/wp\/v2\/product\/8162\/revisions"}],"predecessor-version":[{"id":8500,"href":"https:\/\/qiddo.be\/fr\/wp-json\/wp\/v2\/product\/8162\/revisions\/8500"}],"wp:featuredmedia":[{"embeddable":true,"href":"https:\/\/qiddo.be\/fr\/wp-json\/wp\/v2\/media\/8497"}],"wp:attachment":[{"href":"https:\/\/qiddo.be\/fr\/wp-json\/wp\/v2\/media?parent=8162"}],"wp:term":[{"taxonomy":"product_brand","embeddable":true,"href":"https:\/\/qiddo.be\/fr\/wp-json\/wp\/v2\/product_brand?post=8162"},{"taxonomy":"product_cat","embeddable":true,"href":"https:\/\/qiddo.be\/fr\/wp-json\/wp\/v2\/product_cat?post=8162"},{"taxonomy":"product_tag","embeddable":true,"href":"https:\/\/qiddo.be\/fr\/wp-json\/wp\/v2\/product_tag?post=8162"}],"curies":[{"name":"wp","href":"https:\/\/api.w.org\/{rel}","templated":true}]}}