{"id":8164,"date":"2025-11-10T09:16:15","date_gmt":"2025-11-10T09:16:15","guid":{"rendered":"https:\/\/qiddo.be\/?post_type=product&#038;p=8164"},"modified":"2025-11-18T21:16:31","modified_gmt":"2025-11-18T21:16:31","slug":"chauffe-biberon-brezza-instantane","status":"publish","type":"product","link":"https:\/\/qiddo.be\/fr\/affaires-de-bebe\/embaucher\/chauffe-biberon-brezza-instantane\/","title":{"rendered":"Chauffe-biberon instantan\u00e9 Baby Brezza"},"content":{"rendered":"<p><strong>Chauffe-biberon instantan\u00e9 Baby Brezza<\/strong><\/p>\n<p data-start=\"287\" data-end=\"668\">Le chauffe-biberon instantan\u00e9 Baby Brezza rend la pr\u00e9paration du lait maternis\u00e9 plus rapide, plus facile et beaucoup plus relaxante. Au lieu de faire bouillir l'eau \u00e0 chaque fois et de la laisser refroidir, cet appareil intelligent maintient l'eau en permanence \u00e0 la temp\u00e9rature parfaite, ce qui vous permet de pr\u00e9parer un biberon instantan\u00e9ment \u00e0 tout moment. Id\u00e9al pour les t\u00e9t\u00e9es nocturnes ou les p\u00e9riodes charg\u00e9es o\u00f9 vous ne pouvez pas perdre une seconde.<\/p>\n<p data-start=\"670\" data-end=\"1060\">D'une simple pression sur le levier, vous versez juste la bonne quantit\u00e9 d'eau chaude dans le biberon, apr\u00e8s quoi il ne vous reste plus qu'\u00e0 ajouter le lait en poudre et \u00e0 agiter. Le chauffe-biberon instantan\u00e9 offre plusieurs r\u00e9glages de temp\u00e9rature, ce qui vous permet d'adapter l'eau aux pr\u00e9f\u00e9rences de votre b\u00e9b\u00e9. Le grand r\u00e9servoir d'eau vous permet de pr\u00e9parer plusieurs t\u00e9t\u00e9es d'affil\u00e9e sans avoir \u00e0 le remplir.<\/p>\n<p data-start=\"1062\" data-end=\"1297\">Son design compact et moderne s'int\u00e8gre sans effort dans n'importe quelle cuisine ou coin b\u00e9b\u00e9. Le chauffe-biberon Baby Brezza est le choix id\u00e9al pour les parents qui souhaitent allier rapidit\u00e9, confort et fiabilit\u00e9 lors de la pr\u00e9paration du lait maternis\u00e9.<\/p>","protected":false},"excerpt":{"rendered":"<ul>\n<li data-start=\"63\" data-end=\"101\">\n<p data-start=\"65\" data-end=\"101\">Maintient l'eau \u00e0 temp\u00e9rature en permanence<\/p>\n<\/li>\n<li data-start=\"102\" data-end=\"136\">\n<p data-start=\"104\" data-end=\"136\">De l'eau chaude instantan\u00e9e par simple pression d'un bouton<\/p>\n<\/li>\n<li data-start=\"137\" data-end=\"170\">\n<p data-start=\"139\" data-end=\"170\">R\u00e9glage de la temp\u00e9rature<\/p>\n<\/li>\n<li data-start=\"171\" data-end=\"194\">\n<p data-start=\"173\" data-end=\"194\">Grand r\u00e9servoir d'eau<\/p>\n<\/li>\n<li data-start=\"195\" data-end=\"230\" data-is-last-node=\"\">\n<p data-start=\"197\" data-end=\"230\" data-is-last-node=\"\">Id\u00e9al pour les t\u00e9t\u00e9es nocturnes rapides<\/p>\n<\/li>\n<\/ul>","protected":false},"featured_media":8505,"comment_status":"open","ping_status":"closed","template":"","meta":[],"product_brand":[100],"product_cat":[71],"product_tag":[],"class_list":{"0":"post-8164","1":"product","2":"type-product","3":"status-publish","4":"has-post-thumbnail","6":"product_brand-baby-brezza","7":"product_cat-voeden","9":"first","10":"instock","11":"taxable","12":"shipping-taxable","13":"purchasable","14":"product-type-simple"},"_links":{"self":[{"href":"https:\/\/qiddo.be\/fr\/wp-json\/wp\/v2\/product\/8164","targetHints":{"allow":["GET"]}}],"collection":[{"href":"https:\/\/qiddo.be\/fr\/wp-json\/wp\/v2\/product"}],"about":[{"href":"https:\/\/qiddo.be\/fr\/wp-json\/wp\/v2\/types\/product"}],"replies":[{"embeddable":true,"href":"https:\/\/qiddo.be\/fr\/wp-json\/wp\/v2\/comments?post=8164"}],"version-history":[{"count":4,"href":"https:\/\/qiddo.be\/fr\/wp-json\/wp\/v2\/product\/8164\/revisions"}],"predecessor-version":[{"id":8508,"href":"https:\/\/qiddo.be\/fr\/wp-json\/wp\/v2\/product\/8164\/revisions\/8508"}],"wp:featuredmedia":[{"embeddable":true,"href":"https:\/\/qiddo.be\/fr\/wp-json\/wp\/v2\/media\/8505"}],"wp:attachment":[{"href":"https:\/\/qiddo.be\/fr\/wp-json\/wp\/v2\/media?parent=8164"}],"wp:term":[{"taxonomy":"product_brand","embeddable":true,"href":"https:\/\/qiddo.be\/fr\/wp-json\/wp\/v2\/product_brand?post=8164"},{"taxonomy":"product_cat","embeddable":true,"href":"https:\/\/qiddo.be\/fr\/wp-json\/wp\/v2\/product_cat?post=8164"},{"taxonomy":"product_tag","embeddable":true,"href":"https:\/\/qiddo.be\/fr\/wp-json\/wp\/v2\/product_tag?post=8164"}],"curies":[{"name":"wp","href":"https:\/\/api.w.org\/{rel}","templated":true}]}}