{"id":8168,"date":"2025-11-10T09:16:15","date_gmt":"2025-11-10T09:16:15","guid":{"rendered":"https:\/\/qiddo.be\/?post_type=product&#038;p=8168"},"modified":"2026-03-05T10:26:50","modified_gmt":"2026-03-05T10:26:50","slug":"maxi-cosi-csleeper-iora-air-classic-eco","status":"publish","type":"product","link":"https:\/\/qiddo.be\/fr\/affaires-de-bebe\/embaucher\/maxi-cosi-csleeper-iora-air-classic-eco\/","title":{"rendered":"Maxi-Cosi csleeper Iora Air Classic Eco"},"content":{"rendered":"<p><strong>Maxi-Cosi csleeper Iora Air Classic Eco Beige<\/strong><\/p>\n<p data-start=\"619\" data-end=\"1040\">Le Maxi-Cosi Csleeper Iora Air Classic Eco est con\u00e7u pour les parents qui souhaitent combiner confort, s\u00e9curit\u00e9 et durabilit\u00e9. Gr\u00e2ce aux c\u00f4t\u00e9s en AirMesh de haute qualit\u00e9, votre b\u00e9b\u00e9 b\u00e9n\u00e9ficie d'une ventilation maximale et vous pouvez toujours garder un \u0153il sur lui. Le co-sleeper se connecte facilement \u00e0 presque tous les lits gr\u00e2ce \u00e0 ses positions r\u00e9glables en hauteur, ce qui facilite les t\u00e9t\u00e9es nocturnes et les moments de c\u00e2lins.<\/p>\n<p data-start=\"1042\" data-end=\"1380\">L'Iora Air Classic Eco est fabriqu\u00e9 avec des mat\u00e9riaux \u00e9cologiques soigneusement s\u00e9lectionn\u00e9s - doux pour votre b\u00e9b\u00e9 et meilleurs pour la plan\u00e8te. Le panier de rangement spacieux offre suffisamment de place pour les couches, les lingettes, les pyjamas et d'autres articles essentiels. Gr\u00e2ce \u00e0 son pliage rapide, la gigoteuse s'emporte facilement en voyage ou en week-end.<\/p>\n<p data-start=\"1382\" data-end=\"1586\">Un matelas de luxe est inclus, pour que votre b\u00e9b\u00e9 puisse toujours dormir merveilleusement et en toute s\u00e9curit\u00e9. Le Maxi-Cosi Iora Air Classic Eco est le compagnon de sommeil id\u00e9al pour les premiers mois.<\/p>","protected":false},"excerpt":{"rendered":"<ul>\n<li data-start=\"108\" data-end=\"161\">\n<p data-start=\"110\" data-end=\"161\">Tissus AirMesh respirants pour une ventilation optimale<\/p>\n<\/li>\n<li data-start=\"162\" data-end=\"197\">\n<p data-start=\"164\" data-end=\"197\">Mat\u00e9riaux durables Classic Eco<\/p>\n<\/li>\n<li data-start=\"198\" data-end=\"226\">\n<p data-start=\"200\" data-end=\"226\">R\u00e9glable en 5 hauteurs<\/p>\n<\/li>\n<li data-start=\"227\" data-end=\"270\">\n<p data-start=\"229\" data-end=\"270\">Facilement pliable et facile \u00e0 transporter<\/p>\n<\/li>\n<li data-start=\"271\" data-end=\"303\">\n<p data-start=\"273\" data-end=\"303\">Comprend un matelas confortable<\/p>\n<\/li>\n<li data-start=\"304\" data-end=\"340\">\n<p data-start=\"306\" data-end=\"340\">Panier de rangement spacieux<\/p>\n<\/li>\n<\/ul>","protected":false},"featured_media":8513,"comment_status":"open","ping_status":"closed","template":"","meta":[],"product_brand":[85],"product_cat":[15,72],"product_tag":[],"class_list":{"0":"post-8168","1":"product","2":"type-product","3":"status-publish","4":"has-post-thumbnail","6":"product_brand-maxi-cosi","7":"product_cat-uncategorized","8":"product_cat-slapen","10":"first","11":"instock","12":"taxable","13":"shipping-taxable","14":"purchasable","15":"product-type-simple"},"_links":{"self":[{"href":"https:\/\/qiddo.be\/fr\/wp-json\/wp\/v2\/product\/8168","targetHints":{"allow":["GET"]}}],"collection":[{"href":"https:\/\/qiddo.be\/fr\/wp-json\/wp\/v2\/product"}],"about":[{"href":"https:\/\/qiddo.be\/fr\/wp-json\/wp\/v2\/types\/product"}],"replies":[{"embeddable":true,"href":"https:\/\/qiddo.be\/fr\/wp-json\/wp\/v2\/comments?post=8168"}],"version-history":[{"count":6,"href":"https:\/\/qiddo.be\/fr\/wp-json\/wp\/v2\/product\/8168\/revisions"}],"predecessor-version":[{"id":9046,"href":"https:\/\/qiddo.be\/fr\/wp-json\/wp\/v2\/product\/8168\/revisions\/9046"}],"wp:featuredmedia":[{"embeddable":true,"href":"https:\/\/qiddo.be\/fr\/wp-json\/wp\/v2\/media\/8513"}],"wp:attachment":[{"href":"https:\/\/qiddo.be\/fr\/wp-json\/wp\/v2\/media?parent=8168"}],"wp:term":[{"taxonomy":"product_brand","embeddable":true,"href":"https:\/\/qiddo.be\/fr\/wp-json\/wp\/v2\/product_brand?post=8168"},{"taxonomy":"product_cat","embeddable":true,"href":"https:\/\/qiddo.be\/fr\/wp-json\/wp\/v2\/product_cat?post=8168"},{"taxonomy":"product_tag","embeddable":true,"href":"https:\/\/qiddo.be\/fr\/wp-json\/wp\/v2\/product_tag?post=8168"}],"curies":[{"name":"wp","href":"https:\/\/api.w.org\/{rel}","templated":true}]}}