{"id":8170,"date":"2025-11-10T09:16:15","date_gmt":"2025-11-10T09:16:15","guid":{"rendered":"https:\/\/qiddo.be\/?post_type=product&#038;p=8170"},"modified":"2025-11-18T21:22:49","modified_gmt":"2025-11-18T21:22:49","slug":"fermeture-du-lit-pliant-safety-first","status":"publish","type":"product","link":"https:\/\/qiddo.be\/fr\/affaires-de-bebe\/embaucher\/fermeture-du-lit-pliant-safety-first\/","title":{"rendered":"Sceau de lit pliable Safety First"},"content":{"rendered":"<p><strong>Sceau de lit pliable Safety First<\/strong><\/p>\n<p data-start=\"462\" data-end=\"831\">Le couvre-lit pliant Safety 1st offre une solution fiable et pratique pour emp\u00eacher votre enfant de rouler hors du lit la nuit. Elle est id\u00e9ale pour le passage du lit de b\u00e9b\u00e9 \u00e0 un lit plus grand. La construction robuste et le syst\u00e8me d'encliquetage s\u00fbr garantissent la stabilit\u00e9, tandis que la fen\u00eatre en filet vous permet de toujours voir votre enfant.<\/p>\n<p data-start=\"833\" data-end=\"1093\">Gr\u00e2ce \u00e0 sa conception pliable, vous pouvez facilement emporter la barri\u00e8re de lit en vacances ou en soir\u00e9e. L'installation est facile et se fait sans outils. Lorsqu'elle n'est pas utilis\u00e9e, la barri\u00e8re de lit se replie rapidement et de mani\u00e8re compacte pour prendre peu de place.<\/p>\n<p data-start=\"1095\" data-end=\"1188\">Un choix s\u00fbr et pratique pour les parents qui souhaitent combiner flexibilit\u00e9 et tranquillit\u00e9 d'esprit.<\/p>","protected":false},"excerpt":{"rendered":"<ul>\n<li data-start=\"264\" data-end=\"300\">Pliable et id\u00e9al pour les voyages<\/li>\n<li data-start=\"301\" data-end=\"335\">\n<p data-start=\"303\" data-end=\"335\">Convient aux lits standard<\/p>\n<\/li>\n<li data-start=\"336\" data-end=\"364\">\n<p data-start=\"338\" data-end=\"364\">Facile \u00e0 installer<\/p>\n<\/li>\n<li data-start=\"365\" data-end=\"405\">\n<p data-start=\"367\" data-end=\"405\">L\u00e9ger et compact \u00e0 ranger<\/p>\n<\/li>\n<\/ul>","protected":false},"featured_media":8517,"comment_status":"open","ping_status":"closed","template":"","meta":[],"product_brand":[101],"product_cat":[72,82],"product_tag":[],"class_list":{"0":"post-8170","1":"product","2":"type-product","3":"status-publish","4":"has-post-thumbnail","6":"product_brand-safety-first","7":"product_cat-slapen","8":"product_cat-travel","10":"first","11":"instock","12":"taxable","13":"shipping-taxable","14":"purchasable","15":"product-type-simple"},"_links":{"self":[{"href":"https:\/\/qiddo.be\/fr\/wp-json\/wp\/v2\/product\/8170","targetHints":{"allow":["GET"]}}],"collection":[{"href":"https:\/\/qiddo.be\/fr\/wp-json\/wp\/v2\/product"}],"about":[{"href":"https:\/\/qiddo.be\/fr\/wp-json\/wp\/v2\/types\/product"}],"replies":[{"embeddable":true,"href":"https:\/\/qiddo.be\/fr\/wp-json\/wp\/v2\/comments?post=8170"}],"version-history":[{"count":3,"href":"https:\/\/qiddo.be\/fr\/wp-json\/wp\/v2\/product\/8170\/revisions"}],"predecessor-version":[{"id":8519,"href":"https:\/\/qiddo.be\/fr\/wp-json\/wp\/v2\/product\/8170\/revisions\/8519"}],"wp:featuredmedia":[{"embeddable":true,"href":"https:\/\/qiddo.be\/fr\/wp-json\/wp\/v2\/media\/8517"}],"wp:attachment":[{"href":"https:\/\/qiddo.be\/fr\/wp-json\/wp\/v2\/media?parent=8170"}],"wp:term":[{"taxonomy":"product_brand","embeddable":true,"href":"https:\/\/qiddo.be\/fr\/wp-json\/wp\/v2\/product_brand?post=8170"},{"taxonomy":"product_cat","embeddable":true,"href":"https:\/\/qiddo.be\/fr\/wp-json\/wp\/v2\/product_cat?post=8170"},{"taxonomy":"product_tag","embeddable":true,"href":"https:\/\/qiddo.be\/fr\/wp-json\/wp\/v2\/product_tag?post=8170"}],"curies":[{"name":"wp","href":"https:\/\/api.w.org\/{rel}","templated":true}]}}