{"id":8172,"date":"2025-11-10T09:16:16","date_gmt":"2025-11-10T09:16:16","guid":{"rendered":"https:\/\/qiddo.be\/?post_type=product&#038;p=8172"},"modified":"2025-11-18T21:24:40","modified_gmt":"2025-11-18T21:24:40","slug":"safety-first-bed-seal-90-cm","status":"publish","type":"product","link":"https:\/\/qiddo.be\/fr\/affaires-de-bebe\/embaucher\/safety-first-bed-seal-90-cm\/","title":{"rendered":"Joint de lit Safety First 90 cm"},"content":{"rendered":"<p data-start=\"469\" data-end=\"767\"><strong>Joint de lit Safety First 90 cm<\/strong><\/p>\n<p data-start=\"469\" data-end=\"767\">Le couvre-lit Safety 1st 90 cm offre une protection s\u00fbre et fiable aux enfants qui passent \u00e0 un lit plus grand. Gr\u00e2ce \u00e0 sa construction robuste et \u00e0 sa grande longueur de 90 cm, votre enfant sera en s\u00e9curit\u00e9 la nuit, sans risque de rouler hors du lit.<\/p>\n<p data-start=\"769\" data-end=\"1074\">La barri\u00e8re de lit est \u00e9quip\u00e9e d'une fen\u00eatre en maille respirante, qui vous permet de toujours voir votre enfant et de laisser l'air frais circuler librement. L'installation est rapide et facile, sans aucun outil. La barri\u00e8re de lit est donc id\u00e9ale pour la maison, mais elle peut aussi \u00eatre emport\u00e9e chez grand-m\u00e8re et grand-p\u00e8re ou en vacances.<\/p>\n<p data-start=\"1076\" data-end=\"1199\">Compact, l\u00e9ger et con\u00e7u dans un souci de s\u00e9curit\u00e9 et de commodit\u00e9 - le choix id\u00e9al pour une nuit de sommeil sans souci.<\/p>","protected":false},"excerpt":{"rendered":"<ul>\n<li data-start=\"214\" data-end=\"241\">\n<p data-start=\"216\" data-end=\"241\">Barre de lit robuste de 90 cm<\/p>\n<\/li>\n<li data-start=\"242\" data-end=\"269\">\n<p data-start=\"244\" data-end=\"269\">Evite de tomber du lit<\/p>\n<\/li>\n<li data-start=\"270\" data-end=\"311\">\n<p data-start=\"272\" data-end=\"311\">Fen\u00eatre en maille pour la visibilit\u00e9 et la ventilation<\/p>\n<\/li>\n<li data-start=\"312\" data-end=\"359\">\n<p data-start=\"314\" data-end=\"359\">Facile \u00e0 installer sans outils<\/p>\n<\/li>\n<\/ul>","protected":false},"featured_media":8521,"comment_status":"open","ping_status":"closed","template":"","meta":[],"product_brand":[101],"product_cat":[72],"product_tag":[],"class_list":{"0":"post-8172","1":"product","2":"type-product","3":"status-publish","4":"has-post-thumbnail","6":"product_brand-safety-first","7":"product_cat-slapen","9":"first","10":"instock","11":"taxable","12":"shipping-taxable","13":"purchasable","14":"product-type-simple"},"_links":{"self":[{"href":"https:\/\/qiddo.be\/fr\/wp-json\/wp\/v2\/product\/8172","targetHints":{"allow":["GET"]}}],"collection":[{"href":"https:\/\/qiddo.be\/fr\/wp-json\/wp\/v2\/product"}],"about":[{"href":"https:\/\/qiddo.be\/fr\/wp-json\/wp\/v2\/types\/product"}],"replies":[{"embeddable":true,"href":"https:\/\/qiddo.be\/fr\/wp-json\/wp\/v2\/comments?post=8172"}],"version-history":[{"count":3,"href":"https:\/\/qiddo.be\/fr\/wp-json\/wp\/v2\/product\/8172\/revisions"}],"predecessor-version":[{"id":8525,"href":"https:\/\/qiddo.be\/fr\/wp-json\/wp\/v2\/product\/8172\/revisions\/8525"}],"wp:featuredmedia":[{"embeddable":true,"href":"https:\/\/qiddo.be\/fr\/wp-json\/wp\/v2\/media\/8521"}],"wp:attachment":[{"href":"https:\/\/qiddo.be\/fr\/wp-json\/wp\/v2\/media?parent=8172"}],"wp:term":[{"taxonomy":"product_brand","embeddable":true,"href":"https:\/\/qiddo.be\/fr\/wp-json\/wp\/v2\/product_brand?post=8172"},{"taxonomy":"product_cat","embeddable":true,"href":"https:\/\/qiddo.be\/fr\/wp-json\/wp\/v2\/product_cat?post=8172"},{"taxonomy":"product_tag","embeddable":true,"href":"https:\/\/qiddo.be\/fr\/wp-json\/wp\/v2\/product_tag?post=8172"}],"curies":[{"name":"wp","href":"https:\/\/api.w.org\/{rel}","templated":true}]}}