{"id":8174,"date":"2025-11-10T09:16:16","date_gmt":"2025-11-10T09:16:16","guid":{"rendered":"https:\/\/qiddo.be\/?post_type=product&#038;p=8174"},"modified":"2025-11-18T21:27:32","modified_gmt":"2025-11-18T21:27:32","slug":"premiere-fermeture-de-lit-de-securite-148-cm","status":"publish","type":"product","link":"https:\/\/qiddo.be\/fr\/affaires-de-bebe\/embaucher\/premiere-fermeture-de-lit-de-securite-148-cm\/","title":{"rendered":"Fermeture du lit Safety First 148 cm"},"content":{"rendered":"<p><strong>Fermeture du lit Safety First 148 cm<\/strong><\/p>\n<p data-start=\"219\" data-end=\"564\">La barri\u00e8re de lit Safety First de 148 cm garantit un sommeil s\u00fbr pour les enfants et les parents. Cette barri\u00e8re de lit robuste et fiable emp\u00eache votre enfant de rouler hors du lit pendant son sommeil, sans restreindre son sens de la libert\u00e9. Gr\u00e2ce \u00e0 sa conception extra-large, cette barri\u00e8re de lit offre une protection optimale, m\u00eame pour les dormeurs actifs.<\/p>\n<p data-start=\"566\" data-end=\"993\">La barri\u00e8re de lit est facile \u00e0 installer sous presque tous les cadres de lit standard et se replie sans effort lorsque vous avez besoin d'acc\u00e9der au lit. Id\u00e9al pour la transition entre le lit de b\u00e9b\u00e9 et le lit d'enfant. Fabriqu\u00e9 \u00e0 partir de mat\u00e9riaux durables et dot\u00e9 d'un panneau en maille robuste et respirant, le couvre-lit Safety First offre \u00e0 la fois confort et s\u00e9curit\u00e9. Un compl\u00e9ment pratique et indispensable \u00e0 toute chambre \u00e0 coucher.<\/p>","protected":false},"excerpt":{"rendered":"<ul>\n<li data-start=\"1085\" data-end=\"1127\">Emp\u00eache de rouler hors du lit pendant le sommeil<\/li>\n<li data-start=\"1128\" data-end=\"1170\">\n<p data-start=\"1130\" data-end=\"1170\">Facile \u00e0 assembler et \u00e0 replier<\/p>\n<\/li>\n<li data-start=\"1171\" data-end=\"1215\">\n<p data-start=\"1173\" data-end=\"1215\">Convient \u00e0 la plupart des lits standard<\/p>\n<\/li>\n<li data-start=\"1216\" data-end=\"1260\">\n<p data-start=\"1218\" data-end=\"1260\">Tissu en maille respirante pour un confort optimal<\/p>\n<\/li>\n<\/ul>","protected":false},"featured_media":8530,"comment_status":"open","ping_status":"closed","template":"","meta":[],"product_brand":[101],"product_cat":[15,72],"product_tag":[],"class_list":{"0":"post-8174","1":"product","2":"type-product","3":"status-publish","4":"has-post-thumbnail","6":"product_brand-safety-first","7":"product_cat-uncategorized","8":"product_cat-slapen","10":"first","11":"instock","12":"taxable","13":"shipping-taxable","14":"purchasable","15":"product-type-simple"},"_links":{"self":[{"href":"https:\/\/qiddo.be\/fr\/wp-json\/wp\/v2\/product\/8174","targetHints":{"allow":["GET"]}}],"collection":[{"href":"https:\/\/qiddo.be\/fr\/wp-json\/wp\/v2\/product"}],"about":[{"href":"https:\/\/qiddo.be\/fr\/wp-json\/wp\/v2\/types\/product"}],"replies":[{"embeddable":true,"href":"https:\/\/qiddo.be\/fr\/wp-json\/wp\/v2\/comments?post=8174"}],"version-history":[{"count":3,"href":"https:\/\/qiddo.be\/fr\/wp-json\/wp\/v2\/product\/8174\/revisions"}],"predecessor-version":[{"id":8532,"href":"https:\/\/qiddo.be\/fr\/wp-json\/wp\/v2\/product\/8174\/revisions\/8532"}],"wp:featuredmedia":[{"embeddable":true,"href":"https:\/\/qiddo.be\/fr\/wp-json\/wp\/v2\/media\/8530"}],"wp:attachment":[{"href":"https:\/\/qiddo.be\/fr\/wp-json\/wp\/v2\/media?parent=8174"}],"wp:term":[{"taxonomy":"product_brand","embeddable":true,"href":"https:\/\/qiddo.be\/fr\/wp-json\/wp\/v2\/product_brand?post=8174"},{"taxonomy":"product_cat","embeddable":true,"href":"https:\/\/qiddo.be\/fr\/wp-json\/wp\/v2\/product_cat?post=8174"},{"taxonomy":"product_tag","embeddable":true,"href":"https:\/\/qiddo.be\/fr\/wp-json\/wp\/v2\/product_tag?post=8174"}],"curies":[{"name":"wp","href":"https:\/\/api.w.org\/{rel}","templated":true}]}}