{"id":8178,"date":"2025-11-10T09:16:16","date_gmt":"2025-11-10T09:16:16","guid":{"rendered":"https:\/\/qiddo.be\/?post_type=product&#038;p=8178"},"modified":"2025-11-18T21:31:37","modified_gmt":"2025-11-18T21:31:37","slug":"doomoo-baby-nestn-go","status":"publish","type":"product","link":"https:\/\/qiddo.be\/fr\/affaires-de-bebe\/embaucher\/doomoo-baby-nestn-go\/","title":{"rendered":"Doomoo Nid de b\u00e9b\u00e9 Nest'n Go"},"content":{"rendered":"<p><strong>Doomoo Nid de b\u00e9b\u00e9 Nest'n Go<\/strong><\/p>\n<p>Le Doomoo Nest'n Go offre \u00e0 votre b\u00e9b\u00e9 un endroit s\u00fbr, confortable et s\u00e9curis\u00e9 pour se reposer - o\u00f9 que vous soyez. Ce nid d'enfant innovant combine des mat\u00e9riaux doux, un design intelligent et une facilit\u00e9 d'utilisation exceptionnelle. Gr\u00e2ce \u00e0 son poids l\u00e9ger, ses poign\u00e9es et sa forme compacte, vous pouvez emporter le nid partout sans r\u00e9veiller votre b\u00e9b\u00e9.<br data-start=\"561\" data-end=\"564\" \/>Le matelas est fabriqu\u00e9 en coton biologique extra-doux et le tissu 3D respirant autour de la t\u00eate assure une circulation optimale de l'air. L'ext\u00e9rieur est hydrofuge et r\u00e9siste donc \u00e0 une utilisation quotidienne, \u00e0 l'int\u00e9rieur comme \u00e0 l'ext\u00e9rieur.<br data-start=\"803\" data-end=\"806\" \/>Le Nest'n Go est \u00e9galement tr\u00e8s pratique : le matelas est amovible et lavable \u00e0 30\u00b0C, et la fermeture \u00e9clair \u00e0 l'arri\u00e8re vous permet de changer rapidement la couche de votre b\u00e9b\u00e9 sans avoir \u00e0 le d\u00e9placer. Gr\u00e2ce \u00e0 son design sable\/beige \u00e9l\u00e9gant, le nid s'int\u00e8gre \u00e0 tous les int\u00e9rieurs.<br data-start=\"1083\" data-end=\"1086\" \/>En r\u00e9sum\u00e9, le Doomoo Nest'n Go est une solution id\u00e9ale pour les parents qui souhaitent combiner confort, s\u00e9curit\u00e9 et flexibilit\u00e9 dans un seul et m\u00eame produit.<\/p>\n<p>&nbsp;<\/p>","protected":false},"excerpt":{"rendered":"<ul>\n<li data-start=\"1338\" data-end=\"1400\">L\u00e9ger et facile \u00e0 d\u00e9placer gr\u00e2ce aux poign\u00e9es<\/li>\n<li data-start=\"1466\" data-end=\"1508\">\n<p data-start=\"1468\" data-end=\"1508\">Tissu ext\u00e9rieur imperm\u00e9able et durable<\/p>\n<\/li>\n<li data-start=\"1509\" data-end=\"1549\">\n<p data-start=\"1511\" data-end=\"1549\">Matelas amovible et lavable<\/p>\n<\/li>\n<li data-start=\"1550\" data-end=\"1597\">\n<p data-start=\"1552\" data-end=\"1597\">Fermeture \u00e9clair arri\u00e8re pratique pour un changement de couche rapide<\/p>\n<\/li>\n<li data-start=\"1598\" data-end=\"1638\">\n<p data-start=\"1600\" data-end=\"1638\">Convient de la naissance \u00e0 environ 9 kg<\/p>\n<\/li>\n<li data-start=\"1639\" data-end=\"1700\">\n<p data-start=\"1641\" data-end=\"1700\">Design \u00e9l\u00e9gant sable-beige<\/p>\n<\/li>\n<\/ul>","protected":false},"featured_media":8533,"comment_status":"open","ping_status":"closed","template":"","meta":[],"product_brand":[102],"product_cat":[72],"product_tag":[],"class_list":{"0":"post-8178","1":"product","2":"type-product","3":"status-publish","4":"has-post-thumbnail","6":"product_brand-doomoo","7":"product_cat-slapen","9":"first","10":"instock","11":"taxable","12":"shipping-taxable","13":"purchasable","14":"product-type-simple"},"_links":{"self":[{"href":"https:\/\/qiddo.be\/fr\/wp-json\/wp\/v2\/product\/8178","targetHints":{"allow":["GET"]}}],"collection":[{"href":"https:\/\/qiddo.be\/fr\/wp-json\/wp\/v2\/product"}],"about":[{"href":"https:\/\/qiddo.be\/fr\/wp-json\/wp\/v2\/types\/product"}],"replies":[{"embeddable":true,"href":"https:\/\/qiddo.be\/fr\/wp-json\/wp\/v2\/comments?post=8178"}],"version-history":[{"count":3,"href":"https:\/\/qiddo.be\/fr\/wp-json\/wp\/v2\/product\/8178\/revisions"}],"predecessor-version":[{"id":8535,"href":"https:\/\/qiddo.be\/fr\/wp-json\/wp\/v2\/product\/8178\/revisions\/8535"}],"wp:featuredmedia":[{"embeddable":true,"href":"https:\/\/qiddo.be\/fr\/wp-json\/wp\/v2\/media\/8533"}],"wp:attachment":[{"href":"https:\/\/qiddo.be\/fr\/wp-json\/wp\/v2\/media?parent=8178"}],"wp:term":[{"taxonomy":"product_brand","embeddable":true,"href":"https:\/\/qiddo.be\/fr\/wp-json\/wp\/v2\/product_brand?post=8178"},{"taxonomy":"product_cat","embeddable":true,"href":"https:\/\/qiddo.be\/fr\/wp-json\/wp\/v2\/product_cat?post=8178"},{"taxonomy":"product_tag","embeddable":true,"href":"https:\/\/qiddo.be\/fr\/wp-json\/wp\/v2\/product_tag?post=8178"}],"curies":[{"name":"wp","href":"https:\/\/api.w.org\/{rel}","templated":true}]}}