{"id":8180,"date":"2025-11-10T09:16:16","date_gmt":"2025-11-10T09:16:16","guid":{"rendered":"https:\/\/qiddo.be\/?post_type=product&#038;p=8180"},"modified":"2025-11-20T09:17:54","modified_gmt":"2025-11-20T09:17:54","slug":"berceau-stokke-snoozi","status":"publish","type":"product","link":"https:\/\/qiddo.be\/fr\/affaires-de-bebe\/embaucher\/berceau-stokke-snoozi\/","title":{"rendered":"Stokke Cradle Snoozi Sand-Beige"},"content":{"rendered":"<p><strong>Stokke Cradle Snoozi Sand-Beige\u00a0<\/strong><\/p>\n<p>Le <span class=\"entity-underline hover:entity-accent inline cursor-pointer align-baseline\"><span class=\"whitespace-normal\">Berceau Stokke Snoozi<\/span><\/span> est le choix id\u00e9al pour les parents qui souhaitent combiner s\u00e9curit\u00e9, confort et style. De la naissance \u00e0 9 mois environ (jusqu'\u00e0 \u00b1 15 kg), ce berceau offre \u00e0 votre enfant un endroit s\u00fbr, pr\u00e8s de vous - dans la chambre \u00e0 coucher et dans les autres pi\u00e8ces.<br data-start=\"346\" data-end=\"349\" \/>Gr\u00e2ce aux deux hauteurs de matelas r\u00e9glables, vous pouvez utiliser la position haute pendant les premiers mois et, plus tard, abaisser le bas du matelas lorsque votre b\u00e9b\u00e9 peut se mettre debout tout seul.<br data-start=\"544\" data-end=\"547\" \/>Le cadre est l\u00e9ger et les pieds sont en bois certifi\u00e9 FSC\u00ae - une combinaison de solidit\u00e9 et de design \u00e9l\u00e9gant.\u00a0<br data-start=\"744\" data-end=\"747\" \/>La housse est constitu\u00e9e d'un tissu en maille 3D respirant pour que votre enfant b\u00e9n\u00e9ficie d'une ventilation et d'une visibilit\u00e9 optimales, tandis que l'assemblage se fait sans outil - id\u00e9al \u00e0 la maison et en d\u00e9placement.\u00a0<br data-start=\"964\" data-end=\"967\" \/>Avec le Snoozi\u2122, vous offrez \u00e0 votre b\u00e9b\u00e9 un endroit s\u00fbr et confortable pour dormir et \u00e0 vous-m\u00eame la tranquillit\u00e9 d'esprit de rester \u00e0 proximit\u00e9, sans faire de compromis sur la qualit\u00e9 ou le design.<\/p>","protected":false},"excerpt":{"rendered":"<ul>\n<li data-start=\"1174\" data-end=\"1256\">\n<p data-start=\"1176\" data-end=\"1256\">Equip\u00e9 d'un matelas \u00e0 hauteur r\u00e9glable<\/p>\n<\/li>\n<li data-start=\"1257\" data-end=\"1355\">\n<p data-start=\"1259\" data-end=\"1355\">Convient de la naissance \u00e0 environ 9 mois<\/p>\n<\/li>\n<li data-start=\"1423\" data-end=\"1514\">\n<p data-start=\"1425\" data-end=\"1514\">Tissu 3D-mesh respirant offrant une bonne vue sur votre b\u00e9b\u00e9<\/p>\n<\/li>\n<li data-start=\"1515\" data-end=\"1631\">\n<p data-start=\"1517\" data-end=\"1631\">Assemblage simple et sans outils<\/p>\n<\/li>\n<li data-start=\"1632\" data-end=\"1742\">\n<p data-start=\"1634\" data-end=\"1742\">Design \u00e9l\u00e9gant<\/p>\n<\/li>\n<\/ul>","protected":false},"featured_media":8538,"comment_status":"open","ping_status":"closed","template":"","meta":[],"product_brand":[103],"product_cat":[72],"product_tag":[],"class_list":{"0":"post-8180","1":"product","2":"type-product","3":"status-publish","4":"has-post-thumbnail","6":"product_brand-stokke","7":"product_cat-slapen","9":"first","10":"instock","11":"taxable","12":"shipping-taxable","13":"purchasable","14":"product-type-simple"},"_links":{"self":[{"href":"https:\/\/qiddo.be\/fr\/wp-json\/wp\/v2\/product\/8180","targetHints":{"allow":["GET"]}}],"collection":[{"href":"https:\/\/qiddo.be\/fr\/wp-json\/wp\/v2\/product"}],"about":[{"href":"https:\/\/qiddo.be\/fr\/wp-json\/wp\/v2\/types\/product"}],"replies":[{"embeddable":true,"href":"https:\/\/qiddo.be\/fr\/wp-json\/wp\/v2\/comments?post=8180"}],"version-history":[{"count":3,"href":"https:\/\/qiddo.be\/fr\/wp-json\/wp\/v2\/product\/8180\/revisions"}],"predecessor-version":[{"id":8542,"href":"https:\/\/qiddo.be\/fr\/wp-json\/wp\/v2\/product\/8180\/revisions\/8542"}],"wp:featuredmedia":[{"embeddable":true,"href":"https:\/\/qiddo.be\/fr\/wp-json\/wp\/v2\/media\/8538"}],"wp:attachment":[{"href":"https:\/\/qiddo.be\/fr\/wp-json\/wp\/v2\/media?parent=8180"}],"wp:term":[{"taxonomy":"product_brand","embeddable":true,"href":"https:\/\/qiddo.be\/fr\/wp-json\/wp\/v2\/product_brand?post=8180"},{"taxonomy":"product_cat","embeddable":true,"href":"https:\/\/qiddo.be\/fr\/wp-json\/wp\/v2\/product_cat?post=8180"},{"taxonomy":"product_tag","embeddable":true,"href":"https:\/\/qiddo.be\/fr\/wp-json\/wp\/v2\/product_tag?post=8180"}],"curies":[{"name":"wp","href":"https:\/\/api.w.org\/{rel}","templated":true}]}}