{"id":8182,"date":"2025-11-10T09:16:16","date_gmt":"2025-11-10T09:16:16","guid":{"rendered":"https:\/\/qiddo.be\/?post_type=product&#038;p=8182"},"modified":"2025-11-20T21:03:45","modified_gmt":"2025-11-20T21:03:45","slug":"berceau-a-bascule-childhome-en-rotin","status":"publish","type":"product","link":"https:\/\/qiddo.be\/fr\/affaires-de-bebe\/embaucher\/berceau-a-bascule-childhome-en-rotin\/","title":{"rendered":"Berceau de balan\u00e7oire Childhome en rotin"},"content":{"rendered":"<p><strong>Berceau de balan\u00e7oire Childhome en rotin<\/strong><\/p>\n<p data-start=\"250\" data-end=\"598\">Le berceau \u00e0 bascule en rotin de Childhome apporte chaleur, charme et tranquillit\u00e9 \u00e0 toute chambre d'enfant. Fabriqu\u00e9 \u00e0 la main en rotin naturel, ce magnifique berceau attire tous les regards gr\u00e2ce \u00e0 son design \u00e9l\u00e9gant et a\u00e9r\u00e9. Les doux mouvements de balancement aident \u00e0 apaiser et \u00e0 d\u00e9tendre votre b\u00e9b\u00e9, lui permettant de r\u00eaver dans un environnement s\u00e9curis\u00e9.<\/p>\n<p data-start=\"600\" data-end=\"891\">Le berceau est \u00e9quip\u00e9 d'un matelas de haute qualit\u00e9 et d'un rev\u00eatement en jersey doux de couleur \u00e9crue, pour que votre enfant soit non seulement confortablement couch\u00e9, mais aussi en toute s\u00e9curit\u00e9. Gr\u00e2ce \u00e0 son poids l\u00e9ger, le berceau \u00e0 bascule est facile \u00e0 d\u00e9placer, ce qui est id\u00e9al pour les parents qui aiment avoir leur b\u00e9b\u00e9 pr\u00e8s d'eux pendant la journ\u00e9e.<\/p>\n<p data-start=\"893\" data-end=\"1106\">Avec son aspect naturel, le berceau Childhome Swing s'int\u00e8gre parfaitement dans les int\u00e9rieurs modernes, scandinaves et boh\u00e8mes. Un compl\u00e9ment \u00e9l\u00e9gant et pratique pour les premiers mois de la vie de votre enfant.<\/p>\n<p data-start=\"893\" data-end=\"1106\">Les pieds \u00e0 bascule amovibles sont un grand atout de ce mod\u00e8le : vous pouvez choisir de faire bercer le berceau en douceur pour votre petit, ou de l'utiliser de mani\u00e8re stable sans le bercer - id\u00e9al en fonction de la situation et des pr\u00e9f\u00e9rences de votre b\u00e9b\u00e9.<\/p>\n<p>&nbsp;<\/p>","protected":false},"excerpt":{"rendered":"<ul>\n<li data-start=\"93\" data-end=\"122\">Mouvement de bascule apaisant<\/li>\n<li>Matelas et entourage inclus<\/li>\n<li>L\u00e9ger et facile \u00e0 d\u00e9placer<\/li>\n<li>S'int\u00e8gre parfaitement dans un int\u00e9rieur boho ou moderne<\/li>\n<li>Convient aux b\u00e9b\u00e9s jusqu'\u00e0 9 kg<\/li>\n<\/ul>","protected":false},"featured_media":9053,"comment_status":"open","ping_status":"closed","template":"","meta":[],"product_brand":[104],"product_cat":[72],"product_tag":[],"class_list":{"0":"post-8182","1":"product","2":"type-product","3":"status-publish","4":"has-post-thumbnail","6":"product_brand-childhome","7":"product_cat-slapen","9":"first","10":"instock","11":"taxable","12":"shipping-taxable","13":"purchasable","14":"product-type-simple"},"_links":{"self":[{"href":"https:\/\/qiddo.be\/fr\/wp-json\/wp\/v2\/product\/8182","targetHints":{"allow":["GET"]}}],"collection":[{"href":"https:\/\/qiddo.be\/fr\/wp-json\/wp\/v2\/product"}],"about":[{"href":"https:\/\/qiddo.be\/fr\/wp-json\/wp\/v2\/types\/product"}],"replies":[{"embeddable":true,"href":"https:\/\/qiddo.be\/fr\/wp-json\/wp\/v2\/comments?post=8182"}],"version-history":[{"count":4,"href":"https:\/\/qiddo.be\/fr\/wp-json\/wp\/v2\/product\/8182\/revisions"}],"predecessor-version":[{"id":9056,"href":"https:\/\/qiddo.be\/fr\/wp-json\/wp\/v2\/product\/8182\/revisions\/9056"}],"wp:featuredmedia":[{"embeddable":true,"href":"https:\/\/qiddo.be\/fr\/wp-json\/wp\/v2\/media\/9053"}],"wp:attachment":[{"href":"https:\/\/qiddo.be\/fr\/wp-json\/wp\/v2\/media?parent=8182"}],"wp:term":[{"taxonomy":"product_brand","embeddable":true,"href":"https:\/\/qiddo.be\/fr\/wp-json\/wp\/v2\/product_brand?post=8182"},{"taxonomy":"product_cat","embeddable":true,"href":"https:\/\/qiddo.be\/fr\/wp-json\/wp\/v2\/product_cat?post=8182"},{"taxonomy":"product_tag","embeddable":true,"href":"https:\/\/qiddo.be\/fr\/wp-json\/wp\/v2\/product_tag?post=8182"}],"curies":[{"name":"wp","href":"https:\/\/api.w.org\/{rel}","templated":true}]}}