{"id":8184,"date":"2025-11-10T09:16:16","date_gmt":"2025-11-10T09:16:16","guid":{"rendered":"https:\/\/qiddo.be\/?post_type=product&#038;p=8184"},"modified":"2025-11-18T21:37:27","modified_gmt":"2025-11-18T21:37:27","slug":"aeromoov-moustiquaire-pour-lit-de-voyage","status":"publish","type":"product","link":"https:\/\/qiddo.be\/fr\/affaires-de-bebe\/embaucher\/aeromoov-moustiquaire-pour-lit-de-voyage\/","title":{"rendered":"AeroMoov Moustiquaire pour lit de voyage"},"content":{"rendered":"<p><strong>AeroMoov Moustiquaire pour lit de voyage<\/strong><\/p>\n<p data-start=\"174\" data-end=\"453\">La moustiquaire AeroMoov pour le lit de voyage instantan\u00e9 est la protection id\u00e9ale lorsque votre b\u00e9b\u00e9 dort \u00e0 l'int\u00e9rieur ou \u00e0 l'ext\u00e9rieur. La moustiquaire \u00e0 mailles fines tient efficacement les moustiques et autres insectes \u00e0 distance, tout en assurant une ventilation suffisante pour que votre b\u00e9b\u00e9 puisse toujours se reposer confortablement.<\/p>\n<p data-start=\"455\" data-end=\"688\">La moustiquaire est sp\u00e9cialement con\u00e7ue pour le lit de voyage instantan\u00e9 AeroMoov et s'adapte parfaitement, sans ouverture ni interstice. Gr\u00e2ce \u00e0 sa finition \u00e9l\u00e9gante mais flexible, elle reste parfaitement en place, m\u00eame lorsque vous d\u00e9placez le lit.<\/p>\n<p data-start=\"690\" data-end=\"931\">L\u00e9ger et facile \u00e0 installer, le filet se fixe et s'enl\u00e8ve en quelques secondes. Il se range de mani\u00e8re compacte dans la pochette incluse, ce qui le rend id\u00e9al pour les vacances, les voyages ou l'utilisation dans le jardin.<\/p>\n<p data-start=\"933\" data-end=\"1041\">Avec la moustiquaire AeroMoov, vous cr\u00e9ez un environnement de sommeil s\u00fbr et sans insectes pour votre b\u00e9b\u00e9, o\u00f9 que vous soyez.<\/p>","protected":false},"excerpt":{"rendered":"<ul>\n<li data-start=\"1090\" data-end=\"1128\">\n<p data-start=\"1092\" data-end=\"1128\">Prot\u00e8ge contre les moustiques et les insectes<\/p>\n<\/li>\n<li data-start=\"1129\" data-end=\"1185\">\n<p data-start=\"1131\" data-end=\"1185\">Sp\u00e9cialement con\u00e7u pour le lit de voyage instantan\u00e9 AeroMoov<\/p>\n<\/li>\n<li data-start=\"1186\" data-end=\"1219\">\n<p data-start=\"1188\" data-end=\"1219\">Maille fine et bien ventil\u00e9e<\/p>\n<\/li>\n<li data-start=\"1220\" data-end=\"1264\">\n<p data-start=\"1222\" data-end=\"1264\">L\u00e9ger, compact et facile \u00e0 installer<\/p>\n<\/li>\n<li data-start=\"1265\" data-end=\"1313\">\n<p data-start=\"1267\" data-end=\"1313\">Id\u00e9al pour la maison, les vacances et l'ext\u00e9rieur<\/p>\n<\/li>\n<\/ul>","protected":false},"featured_media":8568,"comment_status":"open","ping_status":"closed","template":"","meta":[],"product_brand":[105],"product_cat":[72,82],"product_tag":[],"class_list":{"0":"post-8184","1":"product","2":"type-product","3":"status-publish","4":"has-post-thumbnail","6":"product_brand-aeromoov","7":"product_cat-slapen","8":"product_cat-travel","10":"first","11":"instock","12":"taxable","13":"shipping-taxable","14":"purchasable","15":"product-type-simple"},"_links":{"self":[{"href":"https:\/\/qiddo.be\/fr\/wp-json\/wp\/v2\/product\/8184","targetHints":{"allow":["GET"]}}],"collection":[{"href":"https:\/\/qiddo.be\/fr\/wp-json\/wp\/v2\/product"}],"about":[{"href":"https:\/\/qiddo.be\/fr\/wp-json\/wp\/v2\/types\/product"}],"replies":[{"embeddable":true,"href":"https:\/\/qiddo.be\/fr\/wp-json\/wp\/v2\/comments?post=8184"}],"version-history":[{"count":3,"href":"https:\/\/qiddo.be\/fr\/wp-json\/wp\/v2\/product\/8184\/revisions"}],"predecessor-version":[{"id":8569,"href":"https:\/\/qiddo.be\/fr\/wp-json\/wp\/v2\/product\/8184\/revisions\/8569"}],"wp:featuredmedia":[{"embeddable":true,"href":"https:\/\/qiddo.be\/fr\/wp-json\/wp\/v2\/media\/8568"}],"wp:attachment":[{"href":"https:\/\/qiddo.be\/fr\/wp-json\/wp\/v2\/media?parent=8184"}],"wp:term":[{"taxonomy":"product_brand","embeddable":true,"href":"https:\/\/qiddo.be\/fr\/wp-json\/wp\/v2\/product_brand?post=8184"},{"taxonomy":"product_cat","embeddable":true,"href":"https:\/\/qiddo.be\/fr\/wp-json\/wp\/v2\/product_cat?post=8184"},{"taxonomy":"product_tag","embeddable":true,"href":"https:\/\/qiddo.be\/fr\/wp-json\/wp\/v2\/product_tag?post=8184"}],"curies":[{"name":"wp","href":"https:\/\/api.w.org\/{rel}","templated":true}]}}