{"id":8186,"date":"2025-11-10T09:16:16","date_gmt":"2025-11-10T09:16:16","guid":{"rendered":"https:\/\/qiddo.be\/?post_type=product&#038;p=8186"},"modified":"2025-11-18T21:39:23","modified_gmt":"2025-11-18T21:39:23","slug":"aeromoov-parasol-pour-lit-de-voyage","status":"publish","type":"product","link":"https:\/\/qiddo.be\/fr\/affaires-de-bebe\/embaucher\/aeromoov-parasol-pour-lit-de-voyage\/","title":{"rendered":"AeroMoov Pare-soleil pour lit de voyage"},"content":{"rendered":"<p><strong>AeroMoov Pare-soleil pour lit de voyage<\/strong><\/p>\n<p data-start=\"188\" data-end=\"479\">Le pare-soleil AeroMoov pour le lit de voyage Instant offre \u00e0 votre b\u00e9b\u00e9 une protection optimale contre le soleil lorsque vous profitez de l'ext\u00e9rieur. L'\u00e9cran r\u00e9duit l'exposition aux rayons UV nocifs et offre un endroit agr\u00e9able et ombrag\u00e9 o\u00f9 votre enfant peut jouer ou dormir en toute s\u00e9curit\u00e9.<\/p>\n<p data-start=\"481\" data-end=\"723\">Le parasol est sp\u00e9cialement con\u00e7u pour le lit de voyage instantan\u00e9 AeroMoov et s'adapte donc parfaitement sans se d\u00e9placer. Sa conception intelligente permet une circulation d'air suffisante, de sorte qu'il ne fait jamais trop chaud sous la moustiquaire.<\/p>\n<p data-start=\"725\" data-end=\"947\">Il est l\u00e9ger, rapide \u00e0 assembler et facile \u00e0 transporter. Id\u00e9al pour une journ\u00e9e au jardin, au parc, \u00e0 la plage ou en vacances. Vous pouvez ainsi cr\u00e9er un espace ext\u00e9rieur s\u00fbr et confortable pour votre b\u00e9b\u00e9 en un rien de temps - n'importe quand, n'importe o\u00f9.<\/p>","protected":false},"excerpt":{"rendered":"<ul>\n<li data-start=\"996\" data-end=\"1048\">\n<p data-start=\"998\" data-end=\"1048\">Protection UV pour le lit de voyage instantan\u00e9 AeroMoov<\/p>\n<\/li>\n<li data-start=\"1049\" data-end=\"1095\">\n<p data-start=\"1051\" data-end=\"1095\">Cr\u00e9e de l'ombre et \u00e9vite la surchauffe<\/p>\n<\/li>\n<li data-start=\"1096\" data-end=\"1136\">\n<p data-start=\"1098\" data-end=\"1136\">Parfaitement ajust\u00e9, reste en place<\/p>\n<\/li>\n<li data-start=\"1137\" data-end=\"1177\">\n<p data-start=\"1139\" data-end=\"1177\">L\u00e9ger, compact et rapide \u00e0 mettre en place<\/p>\n<\/li>\n<li data-start=\"1178\" data-end=\"1224\">\n<p data-start=\"1180\" data-end=\"1224\">Id\u00e9al pour le jardin, le parc, la plage ou les vacances<\/p>\n<\/li>\n<\/ul>","protected":false},"featured_media":8575,"comment_status":"open","ping_status":"closed","template":"","meta":[],"product_brand":[105],"product_cat":[72,82],"product_tag":[],"class_list":{"0":"post-8186","1":"product","2":"type-product","3":"status-publish","4":"has-post-thumbnail","6":"product_brand-aeromoov","7":"product_cat-slapen","8":"product_cat-travel","10":"first","11":"instock","12":"taxable","13":"shipping-taxable","14":"purchasable","15":"product-type-simple"},"_links":{"self":[{"href":"https:\/\/qiddo.be\/fr\/wp-json\/wp\/v2\/product\/8186","targetHints":{"allow":["GET"]}}],"collection":[{"href":"https:\/\/qiddo.be\/fr\/wp-json\/wp\/v2\/product"}],"about":[{"href":"https:\/\/qiddo.be\/fr\/wp-json\/wp\/v2\/types\/product"}],"replies":[{"embeddable":true,"href":"https:\/\/qiddo.be\/fr\/wp-json\/wp\/v2\/comments?post=8186"}],"version-history":[{"count":3,"href":"https:\/\/qiddo.be\/fr\/wp-json\/wp\/v2\/product\/8186\/revisions"}],"predecessor-version":[{"id":8577,"href":"https:\/\/qiddo.be\/fr\/wp-json\/wp\/v2\/product\/8186\/revisions\/8577"}],"wp:featuredmedia":[{"embeddable":true,"href":"https:\/\/qiddo.be\/fr\/wp-json\/wp\/v2\/media\/8575"}],"wp:attachment":[{"href":"https:\/\/qiddo.be\/fr\/wp-json\/wp\/v2\/media?parent=8186"}],"wp:term":[{"taxonomy":"product_brand","embeddable":true,"href":"https:\/\/qiddo.be\/fr\/wp-json\/wp\/v2\/product_brand?post=8186"},{"taxonomy":"product_cat","embeddable":true,"href":"https:\/\/qiddo.be\/fr\/wp-json\/wp\/v2\/product_cat?post=8186"},{"taxonomy":"product_tag","embeddable":true,"href":"https:\/\/qiddo.be\/fr\/wp-json\/wp\/v2\/product_tag?post=8186"}],"curies":[{"name":"wp","href":"https:\/\/api.w.org\/{rel}","templated":true}]}}