{"id":8188,"date":"2025-11-10T09:16:16","date_gmt":"2025-11-10T09:16:16","guid":{"rendered":"https:\/\/qiddo.be\/?post_type=product&#038;p=8188"},"modified":"2025-11-18T21:41:35","modified_gmt":"2025-11-18T21:41:35","slug":"lit-de-voyage-instantane-aeromoov","status":"publish","type":"product","link":"https:\/\/qiddo.be\/fr\/affaires-de-bebe\/embaucher\/lit-de-voyage-instantane-aeromoov\/","title":{"rendered":"Lit de voyage instantan\u00e9 AeroMoov"},"content":{"rendered":"<p><strong>Lit de voyage instantan\u00e9 AeroMoov<\/strong><\/p>\n<p data-start=\"166\" data-end=\"515\">Le lit de voyage instantan\u00e9 d'AeroMoov est la solution pour les parents qui veulent allier commodit\u00e9, s\u00e9curit\u00e9 et flexibilit\u00e9. Gr\u00e2ce \u00e0 son syst\u00e8me de clic unique, le lit de voyage est pr\u00eat en seulement deux secondes - id\u00e9al pour la maison, chez grand-m\u00e8re et grand-p\u00e8re, en vacances ou sur la route. Son poids l\u00e9ger et sa housse de transport compacte permettent d'emporter le lit sans effort.<\/p>\n<p data-start=\"517\" data-end=\"829\">Le lit de voyage est con\u00e7u avec un double r\u00e9glage intelligent de la hauteur : le niveau sup\u00e9rieur est parfait pour les nouveau-n\u00e9s et les jeunes b\u00e9b\u00e9s, tandis que le niveau inf\u00e9rieur est id\u00e9al pour les enfants plus \u00e2g\u00e9s qui peuvent s'asseoir ou jouer en toute s\u00e9curit\u00e9. Les c\u00f4t\u00e9s respirants offrent une excellente ventilation et une bonne vue sur votre b\u00e9b\u00e9.<\/p>\n<p data-start=\"831\" data-end=\"1031\">Qu'il s'agisse de dormir, de jouer ou de se d\u00e9tendre, le lit de voyage instantan\u00e9 AeroMoov offre un environnement s\u00fbr, confortable et pratique, o\u00f9 que vous soyez. Un v\u00e9ritable must pour les familles modernes et mobiles.<\/p>","protected":false},"excerpt":{"rendered":"<ul>\n<li data-start=\"1079\" data-end=\"1132\">\n<p data-start=\"1081\" data-end=\"1132\">Se tient debout en 2 secondes gr\u00e2ce au syst\u00e8me de pliage instantan\u00e9<\/p>\n<\/li>\n<li data-start=\"1133\" data-end=\"1171\">\n<p data-start=\"1135\" data-end=\"1171\">Tr\u00e8s l\u00e9ger et compact \u00e0 transporter<\/p>\n<\/li>\n<li data-start=\"1172\" data-end=\"1225\">\n<p data-start=\"1174\" data-end=\"1225\">Deux hauteurs<\/p>\n<\/li>\n<li data-start=\"1226\" data-end=\"1269\">\n<p data-start=\"1228\" data-end=\"1269\">Conception respirante et bonne visibilit\u00e9<\/p>\n<\/li>\n<li data-start=\"1270\" data-end=\"1316\">\n<p data-start=\"1272\" data-end=\"1316\">Id\u00e9al pour la maison, les sorties et les vacances<\/p>\n<\/li>\n<\/ul>","protected":false},"featured_media":8580,"comment_status":"open","ping_status":"closed","template":"","meta":[],"product_brand":[105],"product_cat":[72,82],"product_tag":[],"class_list":{"0":"post-8188","1":"product","2":"type-product","3":"status-publish","4":"has-post-thumbnail","6":"product_brand-aeromoov","7":"product_cat-slapen","8":"product_cat-travel","10":"first","11":"instock","12":"taxable","13":"shipping-taxable","14":"purchasable","15":"product-type-simple"},"_links":{"self":[{"href":"https:\/\/qiddo.be\/fr\/wp-json\/wp\/v2\/product\/8188","targetHints":{"allow":["GET"]}}],"collection":[{"href":"https:\/\/qiddo.be\/fr\/wp-json\/wp\/v2\/product"}],"about":[{"href":"https:\/\/qiddo.be\/fr\/wp-json\/wp\/v2\/types\/product"}],"replies":[{"embeddable":true,"href":"https:\/\/qiddo.be\/fr\/wp-json\/wp\/v2\/comments?post=8188"}],"version-history":[{"count":3,"href":"https:\/\/qiddo.be\/fr\/wp-json\/wp\/v2\/product\/8188\/revisions"}],"predecessor-version":[{"id":8582,"href":"https:\/\/qiddo.be\/fr\/wp-json\/wp\/v2\/product\/8188\/revisions\/8582"}],"wp:featuredmedia":[{"embeddable":true,"href":"https:\/\/qiddo.be\/fr\/wp-json\/wp\/v2\/media\/8580"}],"wp:attachment":[{"href":"https:\/\/qiddo.be\/fr\/wp-json\/wp\/v2\/media?parent=8188"}],"wp:term":[{"taxonomy":"product_brand","embeddable":true,"href":"https:\/\/qiddo.be\/fr\/wp-json\/wp\/v2\/product_brand?post=8188"},{"taxonomy":"product_cat","embeddable":true,"href":"https:\/\/qiddo.be\/fr\/wp-json\/wp\/v2\/product_cat?post=8188"},{"taxonomy":"product_tag","embeddable":true,"href":"https:\/\/qiddo.be\/fr\/wp-json\/wp\/v2\/product_tag?post=8188"}],"curies":[{"name":"wp","href":"https:\/\/api.w.org\/{rel}","templated":true}]}}