{"id":8190,"date":"2025-11-10T09:16:16","date_gmt":"2025-11-10T09:16:16","guid":{"rendered":"https:\/\/qiddo.be\/?post_type=product&#038;p=8190"},"modified":"2025-11-18T21:44:22","modified_gmt":"2025-11-18T21:44:22","slug":"quax-co-sleeper-side-by-side","status":"publish","type":"product","link":"https:\/\/qiddo.be\/fr\/affaires-de-bebe\/embaucher\/quax-co-sleeper-side-by-side\/","title":{"rendered":"Quax Co-Sleeper Side-By-Side"},"content":{"rendered":"<p><strong>Quax Co-Sleeper Side-By-Side<\/strong><\/p>\n<p data-start=\"169\" data-end=\"516\">Le Quax Co-Sleeper Side-By-Side est con\u00e7u pour permettre \u00e0 votre b\u00e9b\u00e9 de dormir pr\u00e8s de vous d\u00e8s le premier jour, de mani\u00e8re s\u00fbre et confortable. Gr\u00e2ce \u00e0 sa hauteur r\u00e9glable, le co-sleeper s'adapte parfaitement \u00e0 presque tous les lits, de sorte que vous avez toujours votre b\u00e9b\u00e9 \u00e0 port\u00e9e de main pour le nourrir la nuit, le rassurer ou le rapprocher davantage.<\/p>\n<p data-start=\"518\" data-end=\"759\">Le c\u00f4t\u00e9 peut \u00eatre facilement ouvert, ce qui permet \u00e0 votre b\u00e9b\u00e9 de s'allonger en toute s\u00e9curit\u00e9 \u00e0 c\u00f4t\u00e9 de vous tout en restant dans son propre espace de sommeil prot\u00e9g\u00e9. Les tissus respirants et le cadre robuste garantissent une ventilation, une stabilit\u00e9 et un confort optimaux.<\/p>\n<p data-start=\"761\" data-end=\"1000\">Le co-coucheur est \u00e9quip\u00e9 d'un matelas de haute qualit\u00e9 et offre de multiples r\u00e9glages en hauteur pour s'adapter \u00e0 vos besoins. Gr\u00e2ce aux roulettes avec frein, vous pouvez d\u00e9placer le lit sans effort dans toute la maison, ce qui est id\u00e9al pour les siestes pendant la journ\u00e9e.<\/p>\n<p data-start=\"1002\" data-end=\"1236\">Avec son design \u00e9l\u00e9gant et moderne et ses couleurs douces, le Quax Side-By-Side s'int\u00e8gre parfaitement dans n'importe quelle chambre \u00e0 coucher. Une merveilleuse combinaison de fonctionnalit\u00e9, de s\u00e9curit\u00e9 et d'\u00e9l\u00e9gance - exactement ce que vous recherchez pour les premiers mois avec votre b\u00e9b\u00e9.<\/p>","protected":false},"excerpt":{"rendered":"<ul>\n<li data-start=\"1284\" data-end=\"1336\">\n<p data-start=\"1286\" data-end=\"1336\">Conception s\u00fbre avec c\u00f4t\u00e9 d\u00e9pliable<\/p>\n<\/li>\n<li data-start=\"1337\" data-end=\"1405\">\n<p data-start=\"1339\" data-end=\"1405\">Plusieurs r\u00e9glages en hauteur pour une adaptation parfaite \u00e0 votre lit<\/p>\n<\/li>\n<li data-start=\"1406\" data-end=\"1440\">\n<p data-start=\"1408\" data-end=\"1440\">Comprend un matelas confortable<\/p>\n<\/li>\n<li data-start=\"1441\" data-end=\"1487\">\n<p data-start=\"1443\" data-end=\"1487\">Mat\u00e9riau respirant pour une ventilation optimale<\/p>\n<\/li>\n<li data-start=\"1488\" data-end=\"1535\">\n<p data-start=\"1490\" data-end=\"1535\">Roues avec frein pour faciliter le d\u00e9placement<\/p>\n<\/li>\n<li data-start=\"1536\" data-end=\"1590\">\n<p data-start=\"1538\" data-end=\"1590\">Design moderne et \u00e9l\u00e9gant pour s'adapter \u00e0 toutes les chambres \u00e0 coucher<\/p>\n<\/li>\n<\/ul>","protected":false},"featured_media":8963,"comment_status":"open","ping_status":"closed","template":"","meta":[],"product_brand":[],"product_cat":[72],"product_tag":[],"class_list":{"0":"post-8190","1":"product","2":"type-product","3":"status-publish","4":"has-post-thumbnail","6":"product_cat-slapen","8":"first","9":"instock","10":"taxable","11":"shipping-taxable","12":"purchasable","13":"product-type-simple"},"_links":{"self":[{"href":"https:\/\/qiddo.be\/fr\/wp-json\/wp\/v2\/product\/8190","targetHints":{"allow":["GET"]}}],"collection":[{"href":"https:\/\/qiddo.be\/fr\/wp-json\/wp\/v2\/product"}],"about":[{"href":"https:\/\/qiddo.be\/fr\/wp-json\/wp\/v2\/types\/product"}],"replies":[{"embeddable":true,"href":"https:\/\/qiddo.be\/fr\/wp-json\/wp\/v2\/comments?post=8190"}],"version-history":[{"count":3,"href":"https:\/\/qiddo.be\/fr\/wp-json\/wp\/v2\/product\/8190\/revisions"}],"predecessor-version":[{"id":8590,"href":"https:\/\/qiddo.be\/fr\/wp-json\/wp\/v2\/product\/8190\/revisions\/8590"}],"wp:featuredmedia":[{"embeddable":true,"href":"https:\/\/qiddo.be\/fr\/wp-json\/wp\/v2\/media\/8963"}],"wp:attachment":[{"href":"https:\/\/qiddo.be\/fr\/wp-json\/wp\/v2\/media?parent=8190"}],"wp:term":[{"taxonomy":"product_brand","embeddable":true,"href":"https:\/\/qiddo.be\/fr\/wp-json\/wp\/v2\/product_brand?post=8190"},{"taxonomy":"product_cat","embeddable":true,"href":"https:\/\/qiddo.be\/fr\/wp-json\/wp\/v2\/product_cat?post=8190"},{"taxonomy":"product_tag","embeddable":true,"href":"https:\/\/qiddo.be\/fr\/wp-json\/wp\/v2\/product_tag?post=8190"}],"curies":[{"name":"wp","href":"https:\/\/api.w.org\/{rel}","templated":true}]}}