{"id":8192,"date":"2025-11-10T09:16:16","date_gmt":"2025-11-10T09:16:16","guid":{"rendered":"https:\/\/qiddo.be\/?post_type=product&#038;p=8192"},"modified":"2025-11-20T08:56:48","modified_gmt":"2025-11-20T08:56:48","slug":"chicco-co-sleeper-next2me-twins","status":"publish","type":"product","link":"https:\/\/qiddo.be\/fr\/affaires-de-bebe\/embaucher\/chicco-co-sleeper-next2me-twins\/","title":{"rendered":"Chicco Co-Sleeper Next2Me Twins"},"content":{"rendered":"<p data-start=\"331\" data-end=\"366\"><strong>Chicco Co-Sleeper Next2Me Twins<\/strong><\/p>\n<p data-start=\"74\" data-end=\"361\">Le Next2Me Twins est la solution de co-sleeping id\u00e9ale pour les jumeaux, de la naissance \u00e0 6 mois environ. Gr\u00e2ce \u00e0 la s\u00e9paration transparente avec insert en maille respirante, les jumeaux peuvent continuer \u00e0 se voir et \u00e0 se sentir l'un l'autre, tout en restant couch\u00e9s en toute s\u00e9curit\u00e9 dans leur propre espace.<\/p>\n<p data-start=\"363\" data-end=\"607\">Le berceau est livr\u00e9 avec deux matelas fermes con\u00e7us pour un soutien optimal. Avec 11 niveaux de hauteur r\u00e9glables et des pieds pliants, le Next2Me Twins s'adapte sans effort \u00e0 presque tous les lits parentaux, m\u00eame ceux avec un tiroir.<\/p>\n<p data-start=\"609\" data-end=\"767\">La barri\u00e8re coulissante actionn\u00e9e d'une seule main facilite l'ouverture et la fermeture, pour que les parents aient toujours un acc\u00e8s rapide et s\u00fbr \u00e0 leur b\u00e9b\u00e9.<\/p>\n<p data-start=\"769\" data-end=\"909\" data-is-last-node=\"\" data-is-only-node=\"\">Le Next2Me Twins allie confort optimal, visibilit\u00e9 et facilit\u00e9 d'utilisation - parfait pour un sommeil s\u00fbr et s\u00e9curis\u00e9, chaque nuit.<\/p>\n<p data-start=\"769\" data-end=\"909\" data-is-last-node=\"\" data-is-only-node=\"\"><strong>Sp\u00e9cifications du produit<\/strong>:<\/p>\n<p data-start=\"769\" data-end=\"909\" data-is-last-node=\"\" data-is-only-node=\"\">Dimensions : 98x98x62 cm<\/p>\n<p data-start=\"769\" data-end=\"909\" data-is-last-node=\"\" data-is-only-node=\"\">Poids : 15 kg<\/p>\n<p data-start=\"769\" data-end=\"909\" data-is-last-node=\"\" data-is-only-node=\"\">","protected":false},"excerpt":{"rendered":"<ul>\n<li data-start=\"70\" data-end=\"120\">\n<p data-start=\"72\" data-end=\"120\">Couchette pour jumeaux (0-6 mois)<\/p>\n<\/li>\n<li data-start=\"121\" data-end=\"152\">\n<p data-start=\"123\" data-end=\"152\">\u00c9cran transparent<\/p>\n<\/li>\n<li data-start=\"153\" data-end=\"186\">\n<p data-start=\"155\" data-end=\"186\">Comprend 2 matelas fermes<\/p>\n<\/li>\n<li data-start=\"187\" data-end=\"226\">\n<p data-start=\"189\" data-end=\"226\">11 niveaux de hauteur + pieds repliables<\/p>\n<\/li>\n<li data-start=\"227\" data-end=\"266\" data-is-last-node=\"\">\n<p data-start=\"229\" data-end=\"266\" data-is-last-node=\"\">Barri\u00e8re coulissante \u00e0 ouverture d'une seule main<\/p>\n<\/li>\n<\/ul>","protected":false},"featured_media":8705,"comment_status":"open","ping_status":"closed","template":"","meta":[],"product_brand":[],"product_cat":[72,89],"product_tag":[],"class_list":{"0":"post-8192","1":"product","2":"type-product","3":"status-publish","4":"has-post-thumbnail","6":"product_cat-slapen","7":"product_cat-tweeling","9":"first","10":"instock","11":"taxable","12":"shipping-taxable","13":"purchasable","14":"product-type-simple"},"_links":{"self":[{"href":"https:\/\/qiddo.be\/fr\/wp-json\/wp\/v2\/product\/8192","targetHints":{"allow":["GET"]}}],"collection":[{"href":"https:\/\/qiddo.be\/fr\/wp-json\/wp\/v2\/product"}],"about":[{"href":"https:\/\/qiddo.be\/fr\/wp-json\/wp\/v2\/types\/product"}],"replies":[{"embeddable":true,"href":"https:\/\/qiddo.be\/fr\/wp-json\/wp\/v2\/comments?post=8192"}],"version-history":[{"count":4,"href":"https:\/\/qiddo.be\/fr\/wp-json\/wp\/v2\/product\/8192\/revisions"}],"predecessor-version":[{"id":9044,"href":"https:\/\/qiddo.be\/fr\/wp-json\/wp\/v2\/product\/8192\/revisions\/9044"}],"wp:featuredmedia":[{"embeddable":true,"href":"https:\/\/qiddo.be\/fr\/wp-json\/wp\/v2\/media\/8705"}],"wp:attachment":[{"href":"https:\/\/qiddo.be\/fr\/wp-json\/wp\/v2\/media?parent=8192"}],"wp:term":[{"taxonomy":"product_brand","embeddable":true,"href":"https:\/\/qiddo.be\/fr\/wp-json\/wp\/v2\/product_brand?post=8192"},{"taxonomy":"product_cat","embeddable":true,"href":"https:\/\/qiddo.be\/fr\/wp-json\/wp\/v2\/product_cat?post=8192"},{"taxonomy":"product_tag","embeddable":true,"href":"https:\/\/qiddo.be\/fr\/wp-json\/wp\/v2\/product_tag?post=8192"}],"curies":[{"name":"wp","href":"https:\/\/api.w.org\/{rel}","templated":true}]}}