{"id":8194,"date":"2025-11-10T09:16:17","date_gmt":"2025-11-10T09:16:17","guid":{"rendered":"https:\/\/qiddo.be\/?post_type=product&#038;p=8194"},"modified":"2025-11-18T21:47:07","modified_gmt":"2025-11-18T21:47:07","slug":"pericles-co-sleeper","status":"publish","type":"product","link":"https:\/\/qiddo.be\/fr\/affaires-de-bebe\/embaucher\/pericles-co-sleeper\/","title":{"rendered":"Couffin Pericles Beige"},"content":{"rendered":"<p><strong>Couffin Pericles Beige<\/strong><\/p>\n<p data-start=\"424\" data-end=\"664\">Le cocoucher Pericles Beige offre \u00e0 votre b\u00e9b\u00e9 un endroit s\u00fbr et confortable pour dormir pendant que vous profitez de la proximit\u00e9 et de la commodit\u00e9 de dormir ensemble. Gr\u00e2ce \u00e0 son design beige \u00e9l\u00e9gant, ce co-sleeper s'int\u00e8gre sans effort dans n'importe quel int\u00e9rieur.<\/p>\n<p data-start=\"666\" data-end=\"989\">Le co-coucheur est \u00e9quip\u00e9 de panneaux lat\u00e9raux en maille respirante, ce qui vous permet de toujours voir clairement votre b\u00e9b\u00e9 et garantit une circulation optimale de l'air. La hauteur r\u00e9glable permet au lit de s'adapter parfaitement au lit de presque tous les parents, ce qui facilite grandement les t\u00e9t\u00e9es et les moments de r\u00e9confort nocturnes.<\/p>\n<p data-start=\"991\" data-end=\"1209\">Le matelas confortable fourni offre le soutien ad\u00e9quat pour un sommeil r\u00e9parateur. En outre, le co-coucheur est facile \u00e0 d\u00e9placer, tandis que la base robuste assure une stabilit\u00e9 maximale.<\/p>\n<p data-start=\"1211\" data-end=\"1391\" data-is-last-node=\"\" data-is-only-node=\"\">Le Couffin Pericles Beige allie s\u00e9curit\u00e9, facilit\u00e9 d'utilisation et design moderne. Il est id\u00e9al pour les parents qui souhaitent garder leur b\u00e9b\u00e9 pr\u00e8s d'eux pendant les premiers mois.<\/p>","protected":false},"excerpt":{"rendered":"<ul data-start=\"166\" data-end=\"379\">\n<li data-start=\"166\" data-end=\"222\">\n<p data-start=\"168\" data-end=\"222\">Couchette beige \u00e9l\u00e9gante pour dormir ensemble en toute s\u00e9curit\u00e9<\/p>\n<\/li>\n<li data-start=\"223\" data-end=\"273\">\n<p data-start=\"225\" data-end=\"273\">Hauteur r\u00e9glable pour un ajustement parfait du lit<\/p>\n<\/li>\n<li data-start=\"274\" data-end=\"307\">\n<p data-start=\"276\" data-end=\"307\">Filet respirant sur les c\u00f4t\u00e9s<\/p>\n<\/li>\n<li data-start=\"308\" data-end=\"340\">\n<p data-start=\"310\" data-end=\"340\">Comprend un matelas confortable<\/p>\n<\/li>\n<li data-start=\"341\" data-end=\"379\">\n<p data-start=\"343\" data-end=\"379\">Facilement d\u00e9pla\u00e7able et stable<\/p>\n<\/li>\n<\/ul>","protected":false},"featured_media":8711,"comment_status":"open","ping_status":"closed","template":"","meta":[],"product_brand":[113],"product_cat":[15,72],"product_tag":[],"class_list":{"0":"post-8194","1":"product","2":"type-product","3":"status-publish","4":"has-post-thumbnail","6":"product_brand-pericles","7":"product_cat-uncategorized","8":"product_cat-slapen","10":"first","11":"instock","12":"taxable","13":"shipping-taxable","14":"purchasable","15":"product-type-simple"},"_links":{"self":[{"href":"https:\/\/qiddo.be\/fr\/wp-json\/wp\/v2\/product\/8194","targetHints":{"allow":["GET"]}}],"collection":[{"href":"https:\/\/qiddo.be\/fr\/wp-json\/wp\/v2\/product"}],"about":[{"href":"https:\/\/qiddo.be\/fr\/wp-json\/wp\/v2\/types\/product"}],"replies":[{"embeddable":true,"href":"https:\/\/qiddo.be\/fr\/wp-json\/wp\/v2\/comments?post=8194"}],"version-history":[{"count":4,"href":"https:\/\/qiddo.be\/fr\/wp-json\/wp\/v2\/product\/8194\/revisions"}],"predecessor-version":[{"id":8713,"href":"https:\/\/qiddo.be\/fr\/wp-json\/wp\/v2\/product\/8194\/revisions\/8713"}],"wp:featuredmedia":[{"embeddable":true,"href":"https:\/\/qiddo.be\/fr\/wp-json\/wp\/v2\/media\/8711"}],"wp:attachment":[{"href":"https:\/\/qiddo.be\/fr\/wp-json\/wp\/v2\/media?parent=8194"}],"wp:term":[{"taxonomy":"product_brand","embeddable":true,"href":"https:\/\/qiddo.be\/fr\/wp-json\/wp\/v2\/product_brand?post=8194"},{"taxonomy":"product_cat","embeddable":true,"href":"https:\/\/qiddo.be\/fr\/wp-json\/wp\/v2\/product_cat?post=8194"},{"taxonomy":"product_tag","embeddable":true,"href":"https:\/\/qiddo.be\/fr\/wp-json\/wp\/v2\/product_tag?post=8194"}],"curies":[{"name":"wp","href":"https:\/\/api.w.org\/{rel}","templated":true}]}}