{"id":8198,"date":"2025-11-10T09:16:17","date_gmt":"2025-11-10T09:16:17","guid":{"rendered":"https:\/\/qiddo.be\/?post_type=product&#038;p=8198"},"modified":"2026-02-17T13:43:20","modified_gmt":"2026-02-17T13:43:20","slug":"petit-lit-de-voyage-hollandais","status":"publish","type":"product","link":"https:\/\/qiddo.be\/fr\/affaires-de-bebe\/embaucher\/petit-lit-de-voyage-hollandais\/","title":{"rendered":"Little Dutch Travel Cot Beige"},"content":{"rendered":"<p><strong>Little Dutch Travel Cot Beige<\/strong><\/p>\n<p data-start=\"194\" data-end=\"589\">Le lit de voyage Little Dutch est la combinaison parfaite de confort, de s\u00e9curit\u00e9 et de commodit\u00e9 pour les parents qui sont souvent en d\u00e9placement. Ce lit de voyage \u00e9l\u00e9gant a \u00e9t\u00e9 con\u00e7u dans un souci de fonctionnalit\u00e9 pratique et de modernit\u00e9. Gr\u00e2ce \u00e0 son poids l\u00e9ger et \u00e0 son m\u00e9canisme de pliage facile, vous pouvez emporter le lit sans effort en vacances, lors de soir\u00e9es pyjama ou pour des siestes \u00e0 l'ext\u00e9rieur.<\/p>\n<p data-start=\"591\" data-end=\"981\">Le lit est dot\u00e9 de pieds solides et stables et de c\u00f4t\u00e9s en maille respirante, ce qui permet \u00e0 votre enfant d'\u00eatre toujours bien vu et de profiter pleinement de l'air frais. Le matelas \u00e0 fond souple offre un confort de couchage agr\u00e9able et est facile \u00e0 nettoyer. Le lit de voyage Little Dutch est livr\u00e9 avec un sac de transport pratique, qui vous permet de ranger le lit de mani\u00e8re compacte et de l'emporter partout.<\/p>\n<p data-start=\"983\" data-end=\"1248\">Que vous soyez \u00e0 la maison ou en d\u00e9placement, le lit de voyage Little Dutch garantit \u00e0 votre enfant un endroit s\u00fbr et s\u00e9curis\u00e9 pour dormir ou jouer. Son design intemporel correspond parfaitement au style de Little Dutch : chaleureux, moderne et soucieux du d\u00e9tail.<\/p>","protected":false},"excerpt":{"rendered":"<ul>\n<li data-start=\"1299\" data-end=\"1341\">\n<p data-start=\"1301\" data-end=\"1341\">L\u00e9ger et facile \u00e0 plier<\/p>\n<\/li>\n<li data-start=\"1342\" data-end=\"1378\">\n<p data-start=\"1344\" data-end=\"1378\">Maille respirante sur les deux c\u00f4t\u00e9s<\/p>\n<\/li>\n<li data-start=\"1418\" data-end=\"1457\">\n<p data-start=\"1420\" data-end=\"1457\">Fourni avec un \u00e9tui de transport pratique<\/p>\n<\/li>\n<li>Comprend un matelas de base confortable<\/li>\n<li data-start=\"1512\" data-end=\"1547\">\n<p data-start=\"1514\" data-end=\"1547\">Construction stable et s\u00fbre<\/p>\n<\/li>\n<li data-start=\"1548\" data-end=\"1590\">\n<p data-start=\"1550\" data-end=\"1590\">Design moderne et \u00e9l\u00e9gant<\/p>\n<\/li>\n<\/ul>","protected":false},"featured_media":8714,"comment_status":"open","ping_status":"closed","template":"","meta":[],"product_brand":[114],"product_cat":[72,82],"product_tag":[],"class_list":{"0":"post-8198","1":"product","2":"type-product","3":"status-publish","4":"has-post-thumbnail","6":"product_brand-little-dutch","7":"product_cat-slapen","8":"product_cat-travel","10":"first","11":"instock","12":"taxable","13":"shipping-taxable","14":"purchasable","15":"product-type-simple"},"_links":{"self":[{"href":"https:\/\/qiddo.be\/fr\/wp-json\/wp\/v2\/product\/8198","targetHints":{"allow":["GET"]}}],"collection":[{"href":"https:\/\/qiddo.be\/fr\/wp-json\/wp\/v2\/product"}],"about":[{"href":"https:\/\/qiddo.be\/fr\/wp-json\/wp\/v2\/types\/product"}],"replies":[{"embeddable":true,"href":"https:\/\/qiddo.be\/fr\/wp-json\/wp\/v2\/comments?post=8198"}],"version-history":[{"count":5,"href":"https:\/\/qiddo.be\/fr\/wp-json\/wp\/v2\/product\/8198\/revisions"}],"predecessor-version":[{"id":8718,"href":"https:\/\/qiddo.be\/fr\/wp-json\/wp\/v2\/product\/8198\/revisions\/8718"}],"wp:featuredmedia":[{"embeddable":true,"href":"https:\/\/qiddo.be\/fr\/wp-json\/wp\/v2\/media\/8714"}],"wp:attachment":[{"href":"https:\/\/qiddo.be\/fr\/wp-json\/wp\/v2\/media?parent=8198"}],"wp:term":[{"taxonomy":"product_brand","embeddable":true,"href":"https:\/\/qiddo.be\/fr\/wp-json\/wp\/v2\/product_brand?post=8198"},{"taxonomy":"product_cat","embeddable":true,"href":"https:\/\/qiddo.be\/fr\/wp-json\/wp\/v2\/product_cat?post=8198"},{"taxonomy":"product_tag","embeddable":true,"href":"https:\/\/qiddo.be\/fr\/wp-json\/wp\/v2\/product_tag?post=8198"}],"curies":[{"name":"wp","href":"https:\/\/api.w.org\/{rel}","templated":true}]}}