{"id":8200,"date":"2025-11-10T09:16:17","date_gmt":"2025-11-10T09:16:17","guid":{"rendered":"https:\/\/qiddo.be\/?post_type=product&#038;p=8200"},"modified":"2025-11-19T08:00:41","modified_gmt":"2025-11-19T08:00:41","slug":"quax-lit-dappoint-ashi","status":"publish","type":"product","link":"https:\/\/qiddo.be\/fr\/affaires-de-bebe\/embaucher\/quax-lit-dappoint-ashi\/","title":{"rendered":"Quax Cot Ashi Marron"},"content":{"rendered":"<p><strong>Quax Cot Ashi Marron\u00a0<\/strong><\/p>\n<p data-start=\"195\" data-end=\"619\">Le lit \u00e9volutif Ashi de Quax est une solution de sommeil \u00e9l\u00e9gante et durable qui grandit avec votre enfant, de la petite enfance jusqu'\u00e0 bien plus tard. Ce magnifique lit de croissance fait partie de la populaire collection Ashi de Quax, connue pour ses lignes modernes, ses accents de bois chaleureux et sa finition de haute qualit\u00e9. Con\u00e7u pour durer des ann\u00e9es, ce lit offre aux parents un choix pratique et \u00e9l\u00e9gant pour la chambre d'enfant.<\/p>\n<p data-start=\"621\" data-end=\"959\">Le lit Quax Ashi se transforme facilement d'un lit d'enfant en un v\u00e9ritable lit simple, garantissant \u00e0 votre enfant un endroit confortable et s\u00fbr pour dormir. Les mat\u00e9riaux robustes et la construction stable garantissent une nuit de sommeil fiable, tandis que le design minimaliste s'int\u00e8gre sans effort \u00e0 tous les int\u00e9rieurs.<\/p>\n<p data-start=\"961\" data-end=\"1248\">Que vous aimiez le style scandinave, le design moderne ou l'aspect naturel et chaleureux, le lit \u00e9volutif Ashi est un ajout intemporel \u00e0 toute pi\u00e8ce. Gr\u00e2ce \u00e0 sa finition de haute qualit\u00e9 et \u00e0 son design bien pens\u00e9, ce lit d'enfant n'est pas seulement pratique, il attire \u00e9galement tous les regards.<\/p>\n<p data-start=\"961\" data-end=\"1248\"><strong>Caract\u00e9ristiques techniques :\u00a0<\/strong><\/p>\n<p data-start=\"961\" data-end=\"1248\">Couleur : marron<\/p>\n<p data-start=\"961\" data-end=\"1248\">Taille : 140 x 70 cm<\/p>\n<p data-start=\"961\" data-end=\"1248\">","protected":false},"excerpt":{"rendered":"<ul>\n<li data-start=\"1299\" data-end=\"1357\">\n<p data-start=\"1301\" data-end=\"1357\">Lit r\u00e9glable : facile \u00e0 convertir en un lit plus grand<\/p>\n<\/li>\n<li data-start=\"1410\" data-end=\"1462\">\n<p data-start=\"1412\" data-end=\"1462\">Design moderne, intemporel et chaleureux avec des accents de bois<\/p>\n<\/li>\n<li data-start=\"1463\" data-end=\"1509\">\n<p data-start=\"1465\" data-end=\"1509\">Construction robuste pour des ann\u00e9es d'utilisation<\/p>\n<\/li>\n<li data-start=\"1566\" data-end=\"1626\">\n<p data-start=\"1568\" data-end=\"1626\">S'adapte \u00e0 tous les styles d'int\u00e9rieur gr\u00e2ce \u00e0 son look minimaliste<\/p>\n<\/li>\n<li data-start=\"1627\" data-end=\"1676\">\n<p data-start=\"1629\" data-end=\"1676\">Mat\u00e9riaux durables et fabrication de haute qualit\u00e9<\/p>\n<\/li>\n<\/ul>","protected":false},"featured_media":8730,"comment_status":"open","ping_status":"closed","template":"","meta":[],"product_brand":[93],"product_cat":[72],"product_tag":[],"class_list":{"0":"post-8200","1":"product","2":"type-product","3":"status-publish","4":"has-post-thumbnail","6":"product_brand-quax","7":"product_cat-slapen","9":"first","10":"instock","11":"taxable","12":"shipping-taxable","13":"purchasable","14":"product-type-simple"},"_links":{"self":[{"href":"https:\/\/qiddo.be\/fr\/wp-json\/wp\/v2\/product\/8200","targetHints":{"allow":["GET"]}}],"collection":[{"href":"https:\/\/qiddo.be\/fr\/wp-json\/wp\/v2\/product"}],"about":[{"href":"https:\/\/qiddo.be\/fr\/wp-json\/wp\/v2\/types\/product"}],"replies":[{"embeddable":true,"href":"https:\/\/qiddo.be\/fr\/wp-json\/wp\/v2\/comments?post=8200"}],"version-history":[{"count":6,"href":"https:\/\/qiddo.be\/fr\/wp-json\/wp\/v2\/product\/8200\/revisions"}],"predecessor-version":[{"id":9025,"href":"https:\/\/qiddo.be\/fr\/wp-json\/wp\/v2\/product\/8200\/revisions\/9025"}],"wp:featuredmedia":[{"embeddable":true,"href":"https:\/\/qiddo.be\/fr\/wp-json\/wp\/v2\/media\/8730"}],"wp:attachment":[{"href":"https:\/\/qiddo.be\/fr\/wp-json\/wp\/v2\/media?parent=8200"}],"wp:term":[{"taxonomy":"product_brand","embeddable":true,"href":"https:\/\/qiddo.be\/fr\/wp-json\/wp\/v2\/product_brand?post=8200"},{"taxonomy":"product_cat","embeddable":true,"href":"https:\/\/qiddo.be\/fr\/wp-json\/wp\/v2\/product_cat?post=8200"},{"taxonomy":"product_tag","embeddable":true,"href":"https:\/\/qiddo.be\/fr\/wp-json\/wp\/v2\/product_tag?post=8200"}],"curies":[{"name":"wp","href":"https:\/\/api.w.org\/{rel}","templated":true}]}}