{"id":8202,"date":"2025-11-10T09:16:17","date_gmt":"2025-11-10T09:16:17","guid":{"rendered":"https:\/\/qiddo.be\/?post_type=product&#038;p=8202"},"modified":"2025-11-20T09:29:58","modified_gmt":"2025-11-20T09:29:58","slug":"quax-cot-lima","status":"publish","type":"product","link":"https:\/\/qiddo.be\/fr\/affaires-de-bebe\/embaucher\/quax-cot-lima\/","title":{"rendered":"Lit b\u00e9b\u00e9 Quax Lima Moonshadow"},"content":{"rendered":"<p><strong>Lit b\u00e9b\u00e9 Quax Lima Moonshadow<\/strong><\/p>\n<p data-start=\"175\" data-end=\"539\">Le lit pour b\u00e9b\u00e9 Lima de Quax allie une \u00e9l\u00e9gance intemporelle \u00e0 une fonctionnalit\u00e9 pratique, ce qui en fait le choix id\u00e9al pour les parents qui souhaitent cr\u00e9er une atmosph\u00e8re moderne et calme dans la chambre de b\u00e9b\u00e9. Ce lit \u00e9l\u00e9gant pour b\u00e9b\u00e9 fait partie de la collection Lima de Quax, tr\u00e8s appr\u00e9ci\u00e9e, qui se caract\u00e9rise par ses lignes raffin\u00e9es, son design minimaliste et ses mat\u00e9riaux de haute qualit\u00e9.<\/p>\n<p data-start=\"541\" data-end=\"922\">Le lit offre un lieu de sommeil s\u00fbr et confortable \u00e0 votre b\u00e9b\u00e9 d\u00e8s sa naissance. Gr\u00e2ce aux hauteurs de base r\u00e9glables, le lit pour b\u00e9b\u00e9 Quax Lima grandit sans effort avec votre enfant. Dans la position la plus haute, vous pouvez coucher votre nouveau-n\u00e9 facilement et de mani\u00e8re ergonomique. Lorsque votre enfant grandit et commence \u00e0 s'asseoir ou \u00e0 se tenir debout, il vous suffit d'abaisser le sommier pour une s\u00e9curit\u00e9 optimale.<\/p>\n<p data-start=\"924\" data-end=\"1264\"><strong>Caract\u00e9ristiques techniques :\u00a0<\/strong><\/p>\n<p data-start=\"924\" data-end=\"1264\">Couleur : Ombre de lune<\/p>\n<p data-start=\"924\" data-end=\"1264\">Dimensions : 120x60 cm<\/p>","protected":false},"excerpt":{"rendered":"<ul>\n<li data-start=\"1373\" data-end=\"1420\">\n<p data-start=\"1375\" data-end=\"1420\">Hauteur de la base r\u00e9glable pour chaque stade de croissance<\/p>\n<\/li>\n<li data-start=\"1421\" data-end=\"1457\">\n<p data-start=\"1423\" data-end=\"1457\">Construction stable et durable<\/p>\n<\/li>\n<li data-start=\"1458\" data-end=\"1510\">\n<p data-start=\"1460\" data-end=\"1510\">Un design minimaliste qui s'adapte \u00e0 toutes les chambres de b\u00e9b\u00e9<\/p>\n<\/li>\n<li data-start=\"1567\" data-end=\"1607\">\n<p data-start=\"1569\" data-end=\"1607\">Mat\u00e9riaux et fabrication de haute qualit\u00e9<\/p>\n<\/li>\n<\/ul>","protected":false},"featured_media":8961,"comment_status":"open","ping_status":"closed","template":"","meta":[],"product_brand":[93],"product_cat":[72],"product_tag":[],"class_list":{"0":"post-8202","1":"product","2":"type-product","3":"status-publish","4":"has-post-thumbnail","6":"product_brand-quax","7":"product_cat-slapen","9":"first","10":"instock","11":"taxable","12":"shipping-taxable","13":"purchasable","14":"product-type-simple"},"_links":{"self":[{"href":"https:\/\/qiddo.be\/fr\/wp-json\/wp\/v2\/product\/8202","targetHints":{"allow":["GET"]}}],"collection":[{"href":"https:\/\/qiddo.be\/fr\/wp-json\/wp\/v2\/product"}],"about":[{"href":"https:\/\/qiddo.be\/fr\/wp-json\/wp\/v2\/types\/product"}],"replies":[{"embeddable":true,"href":"https:\/\/qiddo.be\/fr\/wp-json\/wp\/v2\/comments?post=8202"}],"version-history":[{"count":5,"href":"https:\/\/qiddo.be\/fr\/wp-json\/wp\/v2\/product\/8202\/revisions"}],"predecessor-version":[{"id":8962,"href":"https:\/\/qiddo.be\/fr\/wp-json\/wp\/v2\/product\/8202\/revisions\/8962"}],"wp:featuredmedia":[{"embeddable":true,"href":"https:\/\/qiddo.be\/fr\/wp-json\/wp\/v2\/media\/8961"}],"wp:attachment":[{"href":"https:\/\/qiddo.be\/fr\/wp-json\/wp\/v2\/media?parent=8202"}],"wp:term":[{"taxonomy":"product_brand","embeddable":true,"href":"https:\/\/qiddo.be\/fr\/wp-json\/wp\/v2\/product_brand?post=8202"},{"taxonomy":"product_cat","embeddable":true,"href":"https:\/\/qiddo.be\/fr\/wp-json\/wp\/v2\/product_cat?post=8202"},{"taxonomy":"product_tag","embeddable":true,"href":"https:\/\/qiddo.be\/fr\/wp-json\/wp\/v2\/product_tag?post=8202"}],"curies":[{"name":"wp","href":"https:\/\/api.w.org\/{rel}","templated":true}]}}