{"id":8204,"date":"2025-11-10T09:16:17","date_gmt":"2025-11-10T09:16:17","guid":{"rendered":"https:\/\/qiddo.be\/?post_type=product&#038;p=8204"},"modified":"2025-11-19T08:03:15","modified_gmt":"2025-11-19T08:03:15","slug":"pericles-park-malmo","status":"publish","type":"product","link":"https:\/\/qiddo.be\/fr\/affaires-de-bebe\/embaucher\/pericles-park-malmo\/","title":{"rendered":"Parc Pericles Malmo Blanc"},"content":{"rendered":"<p><strong>Parc Pericles Malmo Blanc\u00a0<\/strong><\/p>\n<p>Le parc Malmo a un beau design scandinave et intemporel et s'int\u00e8gre donc dans n'importe quel int\u00e9rieur. De plus, ce parc offre \u00e0 votre enfant un endroit id\u00e9al, s\u00fbr et s\u00e9curis\u00e9 pour se reposer ou jouer. Le fond est r\u00e9glable en 3 positions. Lorsque votre b\u00e9b\u00e9 est encore petit, vous pouvez placer le parc sur la position la plus haute. Il est ainsi facile de coucher votre enfant sans trop se pencher. Lorsque votre enfant devient plus grand et plus actif, vous pouvez abaisser le fond pour que votre compagnon de jeu actif puisse jouer en toute s\u00e9curit\u00e9 dans le parc.<\/p>\n<p>Sp\u00e9cifications techniques :<\/p>\n<ul>\n<li>Poids : 24 kg<\/li>\n<li>Hauteur : 83 cm<\/li>\n<li>Largeur : 78 cm<\/li>\n<li>Longueur : 98 cm<\/li>\n<li>Norme EN : EN 12227 - 2010<\/li>\n<li>\u00c2ge de l'enfant : 0 - 24 m<\/li>\n<li>Poids de l'enfant : Maximum 15 Kg<\/li>\n<li>Dimensions du matelas : 93 x 73 x 10<\/li>\n<li>Fond : 10 x 72,50 x 92,50<\/li>\n<\/ul>","protected":false},"excerpt":{"rendered":"<ul>\n<li data-start=\"137\" data-end=\"169\">\n<p data-start=\"139\" data-end=\"169\">Design moderne et scandinave<\/p>\n<\/li>\n<li data-start=\"170\" data-end=\"199\">\n<p data-start=\"172\" data-end=\"199\">Parc \u00e0 b\u00e9b\u00e9 robuste et s\u00fbr<\/p>\n<\/li>\n<li data-start=\"200\" data-end=\"221\">\n<p data-start=\"202\" data-end=\"221\">Fond r\u00e9glable<\/p>\n<\/li>\n<li data-start=\"222\" data-end=\"271\">\n<p data-start=\"224\" data-end=\"271\">Fabriqu\u00e9 \u00e0 partir de mat\u00e9riaux durables et de haute qualit\u00e9<\/p>\n<\/li>\n<li data-start=\"272\" data-end=\"307\">\n<p data-start=\"274\" data-end=\"307\">Une aire de jeux spacieuse et confortable<\/p>\n<\/li>\n<\/ul>","protected":false},"featured_media":8696,"comment_status":"open","ping_status":"closed","template":"","meta":[],"product_brand":[113],"product_cat":[72],"product_tag":[],"class_list":{"0":"post-8204","1":"product","2":"type-product","3":"status-publish","4":"has-post-thumbnail","6":"product_brand-pericles","7":"product_cat-slapen","9":"first","10":"instock","11":"taxable","12":"shipping-taxable","13":"purchasable","14":"product-type-simple"},"_links":{"self":[{"href":"https:\/\/qiddo.be\/fr\/wp-json\/wp\/v2\/product\/8204","targetHints":{"allow":["GET"]}}],"collection":[{"href":"https:\/\/qiddo.be\/fr\/wp-json\/wp\/v2\/product"}],"about":[{"href":"https:\/\/qiddo.be\/fr\/wp-json\/wp\/v2\/types\/product"}],"replies":[{"embeddable":true,"href":"https:\/\/qiddo.be\/fr\/wp-json\/wp\/v2\/comments?post=8204"}],"version-history":[{"count":3,"href":"https:\/\/qiddo.be\/fr\/wp-json\/wp\/v2\/product\/8204\/revisions"}],"predecessor-version":[{"id":8700,"href":"https:\/\/qiddo.be\/fr\/wp-json\/wp\/v2\/product\/8204\/revisions\/8700"}],"wp:featuredmedia":[{"embeddable":true,"href":"https:\/\/qiddo.be\/fr\/wp-json\/wp\/v2\/media\/8696"}],"wp:attachment":[{"href":"https:\/\/qiddo.be\/fr\/wp-json\/wp\/v2\/media?parent=8204"}],"wp:term":[{"taxonomy":"product_brand","embeddable":true,"href":"https:\/\/qiddo.be\/fr\/wp-json\/wp\/v2\/product_brand?post=8204"},{"taxonomy":"product_cat","embeddable":true,"href":"https:\/\/qiddo.be\/fr\/wp-json\/wp\/v2\/product_cat?post=8204"},{"taxonomy":"product_tag","embeddable":true,"href":"https:\/\/qiddo.be\/fr\/wp-json\/wp\/v2\/product_tag?post=8204"}],"curies":[{"name":"wp","href":"https:\/\/api.w.org\/{rel}","templated":true}]}}