{"id":8206,"date":"2025-11-10T09:16:17","date_gmt":"2025-11-10T09:16:17","guid":{"rendered":"https:\/\/qiddo.be\/?post_type=product&#038;p=8206"},"modified":"2025-11-19T08:05:32","modified_gmt":"2025-11-19T08:05:32","slug":"la-mia-du-parc-de-pericles-avec-des-roues","status":"publish","type":"product","link":"https:\/\/qiddo.be\/fr\/affaires-de-bebe\/embaucher\/la-mia-du-parc-de-pericles-avec-des-roues\/","title":{"rendered":"Pericles Park Mia avec roues Noisette"},"content":{"rendered":"<p><strong>Pericles Park Mia avec roues Noisette<\/strong><\/p>\n<p data-start=\"400\" data-end=\"662\">Le Pericles Mia Park offre un espace de jeu et de repos s\u00fbr, confortable et \u00e9l\u00e9gant \u00e0 votre enfant. Fabriqu\u00e9 \u00e0 partir de mat\u00e9riaux durables et de haute qualit\u00e9, ce parc pour b\u00e9b\u00e9 pr\u00e9sente un aspect moderne et \u00e9pur\u00e9 qui s'int\u00e8gre facilement \u00e0 tout type d'int\u00e9rieur.<\/p>\n<p data-start=\"664\" data-end=\"937\">Les roues int\u00e9gr\u00e9es rendent le parc particuli\u00e8rement convivial : vous pouvez le d\u00e9placer facilement du salon \u00e0 la cuisine ou \u00e0 la chambre \u00e0 coucher, sans aucun probl\u00e8me. Les roues sont \u00e9quip\u00e9es d'un frein de s\u00e9curit\u00e9, de sorte que le parc reste toujours stable et s\u00fbr.<\/p>\n<p data-start=\"939\" data-end=\"1195\">Gr\u00e2ce \u00e0 ses dimensions spacieuses, votre b\u00e9b\u00e9 aura beaucoup d'espace pour jouer, explorer et se d\u00e9tendre. La base est r\u00e9glable en hauteur, ce qui vous permet d'adapter le parc \u00e0 la croissance de votre b\u00e9b\u00e9 et de rester ergonomiquement confortable lorsque vous y entrez et en sortez.<\/p>\n<p data-start=\"1197\" data-end=\"1363\">Le Pericles Park Mia \u00e0 roulettes est la combinaison id\u00e9ale du design, de la mobilit\u00e9 et de la s\u00e9curit\u00e9 - parfait pour les parents qui veulent combiner fonctionnalit\u00e9 et style.<\/p>\n<p data-start=\"1197\" data-end=\"1363\"><strong>Sp\u00e9cifications techniques<\/strong><\/p>\n<ul>\n<li data-start=\"1197\" data-end=\"1363\">Dimensions sans les roues : 98 x 78 x 80 cm<\/li>\n<li data-start=\"1197\" data-end=\"1363\">Dimensions avec roues : 98 x 78 x 85 cm<\/li>\n<\/ul>","protected":false},"excerpt":{"rendered":"<ul>\n<li data-start=\"55\" data-end=\"84\">Parc \u00e0 b\u00e9b\u00e9 moderne et \u00e9l\u00e9gant<\/li>\n<li data-start=\"55\" data-end=\"84\">Avec roulettes pour un d\u00e9placement ais\u00e9<\/li>\n<li data-start=\"55\" data-end=\"84\">Frein de s\u00e9curit\u00e9 pour la stabilit\u00e9<\/li>\n<li data-start=\"55\" data-end=\"84\">Fabriqu\u00e9 en mat\u00e9riaux durables<\/li>\n<li data-start=\"55\" data-end=\"84\">Fond r\u00e9glable<\/li>\n<\/ul>","protected":false},"featured_media":8694,"comment_status":"open","ping_status":"closed","template":"","meta":[],"product_brand":[113],"product_cat":[72],"product_tag":[],"class_list":{"0":"post-8206","1":"product","2":"type-product","3":"status-publish","4":"has-post-thumbnail","6":"product_brand-pericles","7":"product_cat-slapen","9":"first","10":"instock","11":"taxable","12":"shipping-taxable","13":"purchasable","14":"product-type-simple"},"_links":{"self":[{"href":"https:\/\/qiddo.be\/fr\/wp-json\/wp\/v2\/product\/8206","targetHints":{"allow":["GET"]}}],"collection":[{"href":"https:\/\/qiddo.be\/fr\/wp-json\/wp\/v2\/product"}],"about":[{"href":"https:\/\/qiddo.be\/fr\/wp-json\/wp\/v2\/types\/product"}],"replies":[{"embeddable":true,"href":"https:\/\/qiddo.be\/fr\/wp-json\/wp\/v2\/comments?post=8206"}],"version-history":[{"count":6,"href":"https:\/\/qiddo.be\/fr\/wp-json\/wp\/v2\/product\/8206\/revisions"}],"predecessor-version":[{"id":8703,"href":"https:\/\/qiddo.be\/fr\/wp-json\/wp\/v2\/product\/8206\/revisions\/8703"}],"wp:featuredmedia":[{"embeddable":true,"href":"https:\/\/qiddo.be\/fr\/wp-json\/wp\/v2\/media\/8694"}],"wp:attachment":[{"href":"https:\/\/qiddo.be\/fr\/wp-json\/wp\/v2\/media?parent=8206"}],"wp:term":[{"taxonomy":"product_brand","embeddable":true,"href":"https:\/\/qiddo.be\/fr\/wp-json\/wp\/v2\/product_brand?post=8206"},{"taxonomy":"product_cat","embeddable":true,"href":"https:\/\/qiddo.be\/fr\/wp-json\/wp\/v2\/product_cat?post=8206"},{"taxonomy":"product_tag","embeddable":true,"href":"https:\/\/qiddo.be\/fr\/wp-json\/wp\/v2\/product_tag?post=8206"}],"curies":[{"name":"wp","href":"https:\/\/api.w.org\/{rel}","templated":true}]}}