{"id":8212,"date":"2025-11-10T09:16:22","date_gmt":"2025-11-10T09:16:22","guid":{"rendered":"https:\/\/qiddo.be\/?post_type=product&#038;p=8212"},"modified":"2025-11-19T08:07:40","modified_gmt":"2025-11-19T08:07:40","slug":"nid-de-bebe-doomoo-cocon","status":"publish","type":"product","link":"https:\/\/qiddo.be\/fr\/affaires-de-bebe\/embaucher\/nid-de-bebe-doomoo-cocon\/","title":{"rendered":"Doomoo Nid de b\u00e9b\u00e9 Cocoon Classic Grey"},"content":{"rendered":"<p><strong>Doomoo Nid de b\u00e9b\u00e9 Cocoon Classic Grey<\/strong><\/p>\n<p data-start=\"202\" data-end=\"574\">Nid douillet et s\u00fbr pour b\u00e9b\u00e9, id\u00e9al pour se d\u00e9tendre ou dormir. Le Cocon doomoo cr\u00e9e un espace personnalis\u00e9 pour votre b\u00e9b\u00e9 et lui permet de se sentir en s\u00e9curit\u00e9 lorsqu'il passe du ventre de sa maman \u00e0 son propre lit. Le nid est fabriqu\u00e9 dans les mat\u00e9riaux les plus doux : coton biologique et mat\u00e9riau 3D respirant autour de la t\u00eate de b\u00e9b\u00e9. La ceinture amovible permet \u00e0 b\u00e9b\u00e9 de rester en s\u00e9curit\u00e9 sur le dos.<\/p>\n<p data-start=\"202\" data-end=\"574\">Le nid s'ouvre par le bas, ce qui le rend adapt\u00e9 aux b\u00e9b\u00e9s de la naissance \u00e0 8 mois environ.<\/p>\n<p data-start=\"202\" data-end=\"574\">","protected":false},"excerpt":{"rendered":"<ul>\n<li data-start=\"62\" data-end=\"99\">Nid d'enfant s\u00e9curis\u00e9 pour les nouveau-n\u00e9s<\/li>\n<li data-start=\"62\" data-end=\"99\">Mat\u00e9riaux souples et respirants<\/li>\n<li data-start=\"62\" data-end=\"99\">Repose-pieds r\u00e9glable<\/li>\n<li data-start=\"62\" data-end=\"99\">Conception antid\u00e9rapante s\u00fbre<\/li>\n<li data-start=\"62\" data-end=\"99\">L\u00e9ger et facile \u00e0 transporter<\/li>\n<li data-start=\"62\" data-end=\"99\">Housse amovible et lavable<\/li>\n<\/ul>","protected":false},"featured_media":8741,"comment_status":"open","ping_status":"closed","template":"","meta":[],"product_brand":[],"product_cat":[72],"product_tag":[],"class_list":{"0":"post-8212","1":"product","2":"type-product","3":"status-publish","4":"has-post-thumbnail","6":"product_cat-slapen","8":"first","9":"instock","10":"taxable","11":"shipping-taxable","12":"purchasable","13":"product-type-simple"},"_links":{"self":[{"href":"https:\/\/qiddo.be\/fr\/wp-json\/wp\/v2\/product\/8212","targetHints":{"allow":["GET"]}}],"collection":[{"href":"https:\/\/qiddo.be\/fr\/wp-json\/wp\/v2\/product"}],"about":[{"href":"https:\/\/qiddo.be\/fr\/wp-json\/wp\/v2\/types\/product"}],"replies":[{"embeddable":true,"href":"https:\/\/qiddo.be\/fr\/wp-json\/wp\/v2\/comments?post=8212"}],"version-history":[{"count":3,"href":"https:\/\/qiddo.be\/fr\/wp-json\/wp\/v2\/product\/8212\/revisions"}],"predecessor-version":[{"id":8743,"href":"https:\/\/qiddo.be\/fr\/wp-json\/wp\/v2\/product\/8212\/revisions\/8743"}],"wp:featuredmedia":[{"embeddable":true,"href":"https:\/\/qiddo.be\/fr\/wp-json\/wp\/v2\/media\/8741"}],"wp:attachment":[{"href":"https:\/\/qiddo.be\/fr\/wp-json\/wp\/v2\/media?parent=8212"}],"wp:term":[{"taxonomy":"product_brand","embeddable":true,"href":"https:\/\/qiddo.be\/fr\/wp-json\/wp\/v2\/product_brand?post=8212"},{"taxonomy":"product_cat","embeddable":true,"href":"https:\/\/qiddo.be\/fr\/wp-json\/wp\/v2\/product_cat?post=8212"},{"taxonomy":"product_tag","embeddable":true,"href":"https:\/\/qiddo.be\/fr\/wp-json\/wp\/v2\/product_tag?post=8212"}],"curies":[{"name":"wp","href":"https:\/\/api.w.org\/{rel}","templated":true}]}}