{"id":8214,"date":"2025-11-10T09:16:22","date_gmt":"2025-11-10T09:16:22","guid":{"rendered":"https:\/\/qiddo.be\/?post_type=product&#038;p=8214"},"modified":"2025-11-19T08:12:28","modified_gmt":"2025-11-19T08:12:28","slug":"porte-bebe-wildride-porte-balancoire-pour-enfant","status":"publish","type":"product","link":"https:\/\/qiddo.be\/fr\/affaires-de-bebe\/embaucher\/porte-bebe-wildride-porte-balancoire-pour-enfant\/","title":{"rendered":"Wildride Baby Carrier Toddler Swing Carrier"},"content":{"rendered":"<p><strong>Wildride Baby Carrier Toddler Swing Carrier<\/strong><\/p>\n<p data-start=\"621\" data-end=\"1040\">Le porte-b\u00e9b\u00e9 Wildride - Swing Carrier est la solution \u00e9l\u00e9gante et pratique pour les parents d'enfants actifs. Con\u00e7u pour les enfants de 9 mois \u00e0 4 ans environ, ce porte-b\u00e9b\u00e9 ergonomique rend le transport de votre enfant non seulement plus facile, mais aussi plus confortable. Gr\u00e2ce \u00e0 la conception intelligente des \u00e9paules, le poids est r\u00e9parti uniform\u00e9ment, ce qui r\u00e9duit la pression sur les bras et le dos.<\/p>\n<p data-start=\"1042\" data-end=\"1384\">Que vous partiez en promenade, que vous visitiez une ville ou que vous souhaitiez simplement porter votre enfant rapidement : le porte-b\u00e9b\u00e9 Wildride s'enfile en un seul geste. Il est compact, l\u00e9ger et pourtant \u00e9tonnamment solide gr\u00e2ce \u00e0 sa construction robuste. Son design moderne s'harmonise avec toutes les tenues et en fait le porte-b\u00e9b\u00e9 id\u00e9al pour les parents qui souhaitent allier fonctionnalit\u00e9 et style.<\/p>\n<p>&nbsp;<\/p>","protected":false},"excerpt":{"rendered":"<ul>\n<li data-start=\"73\" data-end=\"135\">\n<p data-start=\"75\" data-end=\"135\">Porte-b\u00e9b\u00e9 confortable pour les enfants de 9 mois \u00e0 4 ans<\/p>\n<\/li>\n<li data-start=\"136\" data-end=\"187\">\n<p data-start=\"138\" data-end=\"187\">Conception ergonomique qui soulage les bras et les \u00e9paules<\/p>\n<\/li>\n<li data-start=\"188\" data-end=\"221\">\n<p data-start=\"190\" data-end=\"221\">Rapide et facile \u00e0 mettre en place<\/p>\n<\/li>\n<li data-start=\"222\" data-end=\"265\">\n<p data-start=\"224\" data-end=\"265\">Fabriqu\u00e9 \u00e0 partir de mat\u00e9riaux solides et durables<\/p>\n<\/li>\n<li data-start=\"266\" data-end=\"307\">\n<p data-start=\"268\" data-end=\"307\">Id\u00e9al pour les promenades et les excursions<\/p>\n<\/li>\n<li data-start=\"308\" data-end=\"346\" data-is-last-node=\"\">\n<p data-start=\"310\" data-end=\"346\" data-is-last-node=\"\">L\u00e9ger et compact \u00e0 transporter<\/p>\n<\/li>\n<\/ul>","protected":false},"featured_media":8747,"comment_status":"open","ping_status":"closed","template":"","meta":[],"product_brand":[115],"product_cat":[73],"product_tag":[],"class_list":{"0":"post-8214","1":"product","2":"type-product","3":"status-publish","4":"has-post-thumbnail","6":"product_brand-wildride","7":"product_cat-draagssystemen","9":"first","10":"instock","11":"taxable","12":"shipping-taxable","13":"purchasable","14":"product-type-simple"},"_links":{"self":[{"href":"https:\/\/qiddo.be\/fr\/wp-json\/wp\/v2\/product\/8214","targetHints":{"allow":["GET"]}}],"collection":[{"href":"https:\/\/qiddo.be\/fr\/wp-json\/wp\/v2\/product"}],"about":[{"href":"https:\/\/qiddo.be\/fr\/wp-json\/wp\/v2\/types\/product"}],"replies":[{"embeddable":true,"href":"https:\/\/qiddo.be\/fr\/wp-json\/wp\/v2\/comments?post=8214"}],"version-history":[{"count":3,"href":"https:\/\/qiddo.be\/fr\/wp-json\/wp\/v2\/product\/8214\/revisions"}],"predecessor-version":[{"id":8748,"href":"https:\/\/qiddo.be\/fr\/wp-json\/wp\/v2\/product\/8214\/revisions\/8748"}],"wp:featuredmedia":[{"embeddable":true,"href":"https:\/\/qiddo.be\/fr\/wp-json\/wp\/v2\/media\/8747"}],"wp:attachment":[{"href":"https:\/\/qiddo.be\/fr\/wp-json\/wp\/v2\/media?parent=8214"}],"wp:term":[{"taxonomy":"product_brand","embeddable":true,"href":"https:\/\/qiddo.be\/fr\/wp-json\/wp\/v2\/product_brand?post=8214"},{"taxonomy":"product_cat","embeddable":true,"href":"https:\/\/qiddo.be\/fr\/wp-json\/wp\/v2\/product_cat?post=8214"},{"taxonomy":"product_tag","embeddable":true,"href":"https:\/\/qiddo.be\/fr\/wp-json\/wp\/v2\/product_tag?post=8214"}],"curies":[{"name":"wp","href":"https:\/\/api.w.org\/{rel}","templated":true}]}}