{"id":8216,"date":"2025-11-10T09:16:22","date_gmt":"2025-11-10T09:16:22","guid":{"rendered":"https:\/\/qiddo.be\/?post_type=product&#038;p=8216"},"modified":"2025-11-20T09:44:28","modified_gmt":"2025-11-20T09:44:28","slug":"minimonkey-combi-carrier-tandem","status":"publish","type":"product","link":"https:\/\/qiddo.be\/fr\/affaires-de-bebe\/embaucher\/minimonkey-combi-carrier-tandem\/","title":{"rendered":"Minimonkey Combination Carrier Tandem"},"content":{"rendered":"<p><strong>Minimonkey Combination Carrier Tandem<\/strong><\/p>\n<p data-start=\"186\" data-end=\"571\">Le Minimonkey Combination Carrier Tandem - Twins est sp\u00e9cialement con\u00e7u pour les parents de jumeaux qui veulent porter confortablement, en toute s\u00e9curit\u00e9 et efficacement. Ce porte-b\u00e9b\u00e9 intelligent permet de porter deux b\u00e9b\u00e9s en m\u00eame temps : l'un sur le ventre et l'autre sur le dos. Vous gardez ainsi les mains libres, r\u00e9partissez le poids de mani\u00e8re optimale et cr\u00e9ez une position de portage s\u00fbre et ergonomique pour les deux enfants.<\/p>\n<p data-start=\"573\" data-end=\"885\">Le porte-b\u00e9b\u00e9 convient de la naissance (avec soutien) \u00e0 l'\u00e2ge des tout-petits, gr\u00e2ce \u00e0 sa conception ajustable qui grandit avec vos enfants. Les si\u00e8ges sont ergonomiques et soutiennent la position naturelle de M. Les mat\u00e9riaux souples mais robustes garantissent un portage s\u00fbr et confortable.<\/p>\n<p data-start=\"887\" data-end=\"1130\">Malgr\u00e9 sa double fonction, le porte-b\u00e9b\u00e9 combin\u00e9 est \u00e9tonnamment l\u00e9ger et compact. Il est facile \u00e0 mettre, convivial et id\u00e9al pour les parents qui souhaitent rester mobiles avec leurs jumeaux. Il est parfait pour la maison, la route ou les sorties.<\/p>\n<p data-start=\"1132\" data-end=\"1240\">Avec le tandem Minimonkey, vous d\u00e9couvrez la commodit\u00e9 du transport d'une nouvelle mani\u00e8re - doublement pratique, doublement connect\u00e9e.<\/p>","protected":false},"excerpt":{"rendered":"<ul>\n<li data-start=\"1288\" data-end=\"1338\">\n<p data-start=\"1290\" data-end=\"1338\">Sp\u00e9cialement pour les jumeaux : un devant, un derri\u00e8re<\/p>\n<\/li>\n<li data-start=\"1339\" data-end=\"1383\">\n<p data-start=\"1341\" data-end=\"1383\">Position M ergonomique pour les deux b\u00e9b\u00e9s<\/p>\n<\/li>\n<li data-start=\"1384\" data-end=\"1423\">\n<p data-start=\"1386\" data-end=\"1423\">L\u00e9ger et convivial<\/p>\n<\/li>\n<li data-start=\"1424\" data-end=\"1466\">\n<p data-start=\"1426\" data-end=\"1466\">R\u00e9glable et adapt\u00e9 d\u00e8s la naissance<\/p>\n<\/li>\n<li data-start=\"1467\" data-end=\"1515\">\n<p data-start=\"1469\" data-end=\"1515\">R\u00e9partition optimale du poids pour plus de confort<\/p>\n<\/li>\n<\/ul>","protected":false},"featured_media":8954,"comment_status":"open","ping_status":"closed","template":"","meta":[],"product_brand":[131],"product_cat":[73,89],"product_tag":[],"class_list":{"0":"post-8216","1":"product","2":"type-product","3":"status-publish","4":"has-post-thumbnail","6":"product_brand-minimonkey","7":"product_cat-draagssystemen","8":"product_cat-tweeling","10":"first","11":"instock","12":"taxable","13":"shipping-taxable","14":"purchasable","15":"product-type-simple"},"_links":{"self":[{"href":"https:\/\/qiddo.be\/fr\/wp-json\/wp\/v2\/product\/8216","targetHints":{"allow":["GET"]}}],"collection":[{"href":"https:\/\/qiddo.be\/fr\/wp-json\/wp\/v2\/product"}],"about":[{"href":"https:\/\/qiddo.be\/fr\/wp-json\/wp\/v2\/types\/product"}],"replies":[{"embeddable":true,"href":"https:\/\/qiddo.be\/fr\/wp-json\/wp\/v2\/comments?post=8216"}],"version-history":[{"count":3,"href":"https:\/\/qiddo.be\/fr\/wp-json\/wp\/v2\/product\/8216\/revisions"}],"predecessor-version":[{"id":8960,"href":"https:\/\/qiddo.be\/fr\/wp-json\/wp\/v2\/product\/8216\/revisions\/8960"}],"wp:featuredmedia":[{"embeddable":true,"href":"https:\/\/qiddo.be\/fr\/wp-json\/wp\/v2\/media\/8954"}],"wp:attachment":[{"href":"https:\/\/qiddo.be\/fr\/wp-json\/wp\/v2\/media?parent=8216"}],"wp:term":[{"taxonomy":"product_brand","embeddable":true,"href":"https:\/\/qiddo.be\/fr\/wp-json\/wp\/v2\/product_brand?post=8216"},{"taxonomy":"product_cat","embeddable":true,"href":"https:\/\/qiddo.be\/fr\/wp-json\/wp\/v2\/product_cat?post=8216"},{"taxonomy":"product_tag","embeddable":true,"href":"https:\/\/qiddo.be\/fr\/wp-json\/wp\/v2\/product_tag?post=8216"}],"curies":[{"name":"wp","href":"https:\/\/api.w.org\/{rel}","templated":true}]}}