{"id":8218,"date":"2025-11-10T09:16:22","date_gmt":"2025-11-10T09:16:22","guid":{"rendered":"https:\/\/qiddo.be\/?post_type=product&#038;p=8218"},"modified":"2025-11-20T09:37:03","modified_gmt":"2025-11-20T09:37:03","slug":"ergobaby-combi-carrier-adapt-softflex-mesh","status":"publish","type":"product","link":"https:\/\/qiddo.be\/fr\/affaires-de-bebe\/embaucher\/ergobaby-combi-carrier-adapt-softflex-mesh\/","title":{"rendered":"ERGObaby Combination Carrier Adapt SoftFlex Mesh"},"content":{"rendered":"<p><strong>ERGObaby Combination Carrier Adapt SoftFlex Mesh<\/strong><\/p>\n<p data-start=\"189\" data-end=\"628\">L'ERGObaby Adapt SoftFlex Mesh offre un confort optimal de la naissance \u00e0 la petite enfance, sans n\u00e9cessiter de coussin r\u00e9ducteur. Gr\u00e2ce \u00e0 l'astucieuse <em data-start=\"355\" data-end=\"362\">Adapter<\/em>Ce porte-b\u00e9b\u00e9 ergonomique grandit sans effort avec votre enfant. Le si\u00e8ge large et r\u00e9glable favorise toujours une position M naturelle, tandis que le mat\u00e9riau SoftFlex Mesh offre une ventilation exceptionnelle, id\u00e9ale pour les journ\u00e9es chaudes ou les parents actifs.<\/p>\n<p data-start=\"630\" data-end=\"957\">Le parent et l'enfant b\u00e9n\u00e9ficient d'un confort maximal : les bretelles rembourr\u00e9es, la ceinture r\u00e9glable et la r\u00e9partition uniforme du poids soulagent le dos et les \u00e9paules, ce qui vous permet de porter confortablement pendant plus longtemps. Vous pouvez utiliser le porte-b\u00e9b\u00e9 dans trois positions - ventre, hanches et dos - en fonction de l'\u00e2ge et des pr\u00e9f\u00e9rences de votre enfant.<\/p>\n<p data-start=\"959\" data-end=\"1102\">L'ERGObaby Adapt SoftFlex Mesh allie l\u00e9g\u00e8ret\u00e9, s\u00e9curit\u00e9 et ergonomie. Une solution de portage fiable et polyvalente pour tous les jours.<\/p>","protected":false},"excerpt":{"rendered":"<ul>\n<li data-start=\"1150\" data-end=\"1195\">\n<p data-start=\"1152\" data-end=\"1195\">Porte-b\u00e9b\u00e9 ergonomique sans matelas \u00e0 langer<\/p>\n<\/li>\n<li data-start=\"1196\" data-end=\"1242\">\n<p data-start=\"1198\" data-end=\"1242\">Airy SoftFlex Mesh : ventilation parfaite<\/p>\n<\/li>\n<li data-start=\"1243\" data-end=\"1283\">\n<p data-start=\"1245\" data-end=\"1283\">Grandit avec vous de la naissance \u00e0 la petite enfance<\/p>\n<\/li>\n<li data-start=\"1284\" data-end=\"1323\">\n<p data-start=\"1286\" data-end=\"1323\">Trois positions de portage : ventre, hanches, dos<\/p>\n<\/li>\n<li data-start=\"1324\" data-end=\"1377\">\n<p data-start=\"1326\" data-end=\"1377\">Pneus confortables et r\u00e9partition optimale du poids<\/p>\n<\/li>\n<\/ul>","protected":false},"featured_media":8949,"comment_status":"open","ping_status":"closed","template":"","meta":[],"product_brand":[130],"product_cat":[73],"product_tag":[],"class_list":{"0":"post-8218","1":"product","2":"type-product","3":"status-publish","4":"has-post-thumbnail","6":"product_brand-ergobaby","7":"product_cat-draagssystemen","9":"first","10":"instock","11":"taxable","12":"shipping-taxable","13":"purchasable","14":"product-type-simple"},"_links":{"self":[{"href":"https:\/\/qiddo.be\/fr\/wp-json\/wp\/v2\/product\/8218","targetHints":{"allow":["GET"]}}],"collection":[{"href":"https:\/\/qiddo.be\/fr\/wp-json\/wp\/v2\/product"}],"about":[{"href":"https:\/\/qiddo.be\/fr\/wp-json\/wp\/v2\/types\/product"}],"replies":[{"embeddable":true,"href":"https:\/\/qiddo.be\/fr\/wp-json\/wp\/v2\/comments?post=8218"}],"version-history":[{"count":3,"href":"https:\/\/qiddo.be\/fr\/wp-json\/wp\/v2\/product\/8218\/revisions"}],"predecessor-version":[{"id":8953,"href":"https:\/\/qiddo.be\/fr\/wp-json\/wp\/v2\/product\/8218\/revisions\/8953"}],"wp:featuredmedia":[{"embeddable":true,"href":"https:\/\/qiddo.be\/fr\/wp-json\/wp\/v2\/media\/8949"}],"wp:attachment":[{"href":"https:\/\/qiddo.be\/fr\/wp-json\/wp\/v2\/media?parent=8218"}],"wp:term":[{"taxonomy":"product_brand","embeddable":true,"href":"https:\/\/qiddo.be\/fr\/wp-json\/wp\/v2\/product_brand?post=8218"},{"taxonomy":"product_cat","embeddable":true,"href":"https:\/\/qiddo.be\/fr\/wp-json\/wp\/v2\/product_cat?post=8218"},{"taxonomy":"product_tag","embeddable":true,"href":"https:\/\/qiddo.be\/fr\/wp-json\/wp\/v2\/product_tag?post=8218"}],"curies":[{"name":"wp","href":"https:\/\/api.w.org\/{rel}","templated":true}]}}