{"id":8220,"date":"2025-11-10T09:16:23","date_gmt":"2025-11-10T09:16:23","guid":{"rendered":"https:\/\/qiddo.be\/?post_type=product&#038;p=8220"},"modified":"2025-11-20T09:54:28","modified_gmt":"2025-11-20T09:54:28","slug":"porte-enfant-thule-sapin","status":"publish","type":"product","link":"https:\/\/qiddo.be\/fr\/affaires-de-bebe\/embaucher\/porte-enfant-thule-sapin\/","title":{"rendered":"Porte-b\u00e9b\u00e9 Thule Sapling"},"content":{"rendered":"<p><strong>Porte-b\u00e9b\u00e9 Thule Sapling<\/strong><\/p>\n<p data-start=\"175\" data-end=\"541\">Le porte-enfant Thule Sapling est le choix id\u00e9al pour les parents actifs qui souhaitent emmener leur b\u00e9b\u00e9 en toute s\u00e9curit\u00e9 et confortablement lors d'une randonn\u00e9e ou d'une aventure. Ce porte-b\u00e9b\u00e9 dorsal de haute qualit\u00e9 offre une assise ergonomique \u00e0 votre enfant, avec un si\u00e8ge r\u00e9glable, des ouvertures rembourr\u00e9es pour les jambes et un coussin doux et confortable pour un confort optimal lors des longs trajets.<\/p>\n<p data-start=\"543\" data-end=\"844\">Pour les parents aussi, le Sapling a \u00e9t\u00e9 con\u00e7u pour offrir un maximum de confort de portage. La longueur du dos, la ceinture et les bretelles sont enti\u00e8rement r\u00e9glables, de sorte que papa et maman peuvent utiliser le porte-b\u00e9b\u00e9 sans effort. Gr\u00e2ce \u00e0 une ventilation intelligente, le portage reste confortable m\u00eame pendant les journ\u00e9es les plus chaudes.<\/p>\n<p data-start=\"846\" data-end=\"1107\">Le porte-enfant est \u00e9quip\u00e9 d'un espace de rangement pratique, notamment d'un sac amovible spacieux, qui vous permet de transporter facilement tous vos objets essentiels. La construction robuste, les boucles s\u00fbres et les mat\u00e9riaux de haute qualit\u00e9 garantissent la durabilit\u00e9 et la tranquillit\u00e9 d'esprit \u00e0 chaque \u00e9tape.<\/p>\n<p data-start=\"1109\" data-end=\"1202\">Avec le Thule Sapling, vous profitez de l'aventure, de la libert\u00e9 et du confort - avec votre enfant.<\/p>","protected":false},"excerpt":{"rendered":"<ul>\n<li data-start=\"1250\" data-end=\"1295\">\n<p data-start=\"1252\" data-end=\"1295\">Si\u00e8ge enfant ergonomique et r\u00e9glable<\/p>\n<\/li>\n<li data-start=\"1296\" data-end=\"1339\">\n<p data-start=\"1298\" data-end=\"1339\">Confortable pour le parent et l'enfant<\/p>\n<\/li>\n<li data-start=\"1340\" data-end=\"1378\">\n<p data-start=\"1342\" data-end=\"1378\">Ventilation dans le dos et syst\u00e8me de portage<\/p>\n<\/li>\n<li data-start=\"1379\" data-end=\"1420\">\n<p data-start=\"1381\" data-end=\"1420\">Comprend un sac de rangement spacieux et amovible<\/p>\n<\/li>\n<li data-start=\"1421\" data-end=\"1472\">\n<p data-start=\"1423\" data-end=\"1472\">Robuste, s\u00fbr et id\u00e9al pour les aventures en plein air<\/p>\n<\/li>\n<\/ul>","protected":false},"featured_media":8944,"comment_status":"open","ping_status":"closed","template":"","meta":[],"product_brand":[110],"product_cat":[73,82],"product_tag":[],"class_list":{"0":"post-8220","1":"product","2":"type-product","3":"status-publish","4":"has-post-thumbnail","6":"product_brand-thule","7":"product_cat-draagssystemen","8":"product_cat-travel","10":"first","11":"instock","12":"taxable","13":"shipping-taxable","14":"purchasable","15":"product-type-simple"},"_links":{"self":[{"href":"https:\/\/qiddo.be\/fr\/wp-json\/wp\/v2\/product\/8220","targetHints":{"allow":["GET"]}}],"collection":[{"href":"https:\/\/qiddo.be\/fr\/wp-json\/wp\/v2\/product"}],"about":[{"href":"https:\/\/qiddo.be\/fr\/wp-json\/wp\/v2\/types\/product"}],"replies":[{"embeddable":true,"href":"https:\/\/qiddo.be\/fr\/wp-json\/wp\/v2\/comments?post=8220"}],"version-history":[{"count":3,"href":"https:\/\/qiddo.be\/fr\/wp-json\/wp\/v2\/product\/8220\/revisions"}],"predecessor-version":[{"id":8948,"href":"https:\/\/qiddo.be\/fr\/wp-json\/wp\/v2\/product\/8220\/revisions\/8948"}],"wp:featuredmedia":[{"embeddable":true,"href":"https:\/\/qiddo.be\/fr\/wp-json\/wp\/v2\/media\/8944"}],"wp:attachment":[{"href":"https:\/\/qiddo.be\/fr\/wp-json\/wp\/v2\/media?parent=8220"}],"wp:term":[{"taxonomy":"product_brand","embeddable":true,"href":"https:\/\/qiddo.be\/fr\/wp-json\/wp\/v2\/product_brand?post=8220"},{"taxonomy":"product_cat","embeddable":true,"href":"https:\/\/qiddo.be\/fr\/wp-json\/wp\/v2\/product_cat?post=8220"},{"taxonomy":"product_tag","embeddable":true,"href":"https:\/\/qiddo.be\/fr\/wp-json\/wp\/v2\/product_tag?post=8220"}],"curies":[{"name":"wp","href":"https:\/\/api.w.org\/{rel}","templated":true}]}}