{"id":8222,"date":"2025-11-10T09:16:23","date_gmt":"2025-11-10T09:16:23","guid":{"rendered":"https:\/\/qiddo.be\/?post_type=product&#038;p=8222"},"modified":"2025-11-20T09:40:26","modified_gmt":"2025-11-20T09:40:26","slug":"porte-bebe-ergobaby-aura-knit","status":"publish","type":"product","link":"https:\/\/qiddo.be\/fr\/affaires-de-bebe\/embaucher\/porte-bebe-ergobaby-aura-knit\/","title":{"rendered":"Harnais ERGObaby Aura Knit"},"content":{"rendered":"<p><strong>Harnais ERGObaby Aura Knit<\/strong><\/p>\n<p data-start=\"177\" data-end=\"608\">Le harnais ERGObaby Aura Knit est con\u00e7u pour rendre le portage l\u00e9ger, facile et confortable - id\u00e9al pour les parents novices et exp\u00e9riment\u00e9s. Le tissu doux et respirant donne une impression d'a\u00e9ration tout en offrant le soutien dont votre b\u00e9b\u00e9 a besoin. La mati\u00e8re l\u00e9g\u00e8re et extensible vous permet d'enrouler sans effort le tissu autour de votre corps, pour que vous et votre b\u00e9b\u00e9 puissiez profiter d'un contact \u00e9troit et s\u00fbr.<\/p>\n<p data-start=\"610\" data-end=\"933\">Parfaite d\u00e8s la naissance, l'\u00e9charpe Aura Knit aide \u00e0 apaiser votre b\u00e9b\u00e9 gr\u00e2ce \u00e0 sa proximit\u00e9 famili\u00e8re. Le porte-b\u00e9b\u00e9 offre une position ergonomique et r\u00e9partit le poids uniform\u00e9ment sur les \u00e9paules et le dos. De plus, il se plie de mani\u00e8re compacte et est livr\u00e9 avec une pochette de rangement pratique, id\u00e9ale pour les voyages.<\/p>","protected":false},"excerpt":{"rendered":"<ul>\n<li data-start=\"1074\" data-end=\"1114\">\n<p data-start=\"1076\" data-end=\"1114\">Harnais souple, l\u00e9ger et respirant<\/p>\n<\/li>\n<li data-start=\"1115\" data-end=\"1143\">\n<p data-start=\"1117\" data-end=\"1143\">Id\u00e9al pour les nouveaux-n\u00e9s<\/p>\n<\/li>\n<li data-start=\"1144\" data-end=\"1172\">\n<p data-start=\"1146\" data-end=\"1172\">Facile \u00e0 envelopper<\/p>\n<\/li>\n<li data-start=\"1173\" data-end=\"1222\">\n<p data-start=\"1175\" data-end=\"1222\">Soutien ergonomique pour le b\u00e9b\u00e9 et le parent<\/p>\n<\/li>\n<li data-start=\"1223\" data-end=\"1258\">\n<p data-start=\"1225\" data-end=\"1258\">Compact, avec pochette de rangement pratique<\/p>\n<\/li>\n<\/ul>","protected":false},"featured_media":8941,"comment_status":"open","ping_status":"closed","template":"","meta":[],"product_brand":[130],"product_cat":[73],"product_tag":[],"class_list":{"0":"post-8222","1":"product","2":"type-product","3":"status-publish","4":"has-post-thumbnail","6":"product_brand-ergobaby","7":"product_cat-draagssystemen","9":"first","10":"instock","11":"taxable","12":"shipping-taxable","13":"purchasable","14":"product-type-simple"},"_links":{"self":[{"href":"https:\/\/qiddo.be\/fr\/wp-json\/wp\/v2\/product\/8222","targetHints":{"allow":["GET"]}}],"collection":[{"href":"https:\/\/qiddo.be\/fr\/wp-json\/wp\/v2\/product"}],"about":[{"href":"https:\/\/qiddo.be\/fr\/wp-json\/wp\/v2\/types\/product"}],"replies":[{"embeddable":true,"href":"https:\/\/qiddo.be\/fr\/wp-json\/wp\/v2\/comments?post=8222"}],"version-history":[{"count":3,"href":"https:\/\/qiddo.be\/fr\/wp-json\/wp\/v2\/product\/8222\/revisions"}],"predecessor-version":[{"id":8943,"href":"https:\/\/qiddo.be\/fr\/wp-json\/wp\/v2\/product\/8222\/revisions\/8943"}],"wp:featuredmedia":[{"embeddable":true,"href":"https:\/\/qiddo.be\/fr\/wp-json\/wp\/v2\/media\/8941"}],"wp:attachment":[{"href":"https:\/\/qiddo.be\/fr\/wp-json\/wp\/v2\/media?parent=8222"}],"wp:term":[{"taxonomy":"product_brand","embeddable":true,"href":"https:\/\/qiddo.be\/fr\/wp-json\/wp\/v2\/product_brand?post=8222"},{"taxonomy":"product_cat","embeddable":true,"href":"https:\/\/qiddo.be\/fr\/wp-json\/wp\/v2\/product_cat?post=8222"},{"taxonomy":"product_tag","embeddable":true,"href":"https:\/\/qiddo.be\/fr\/wp-json\/wp\/v2\/product_tag?post=8222"}],"curies":[{"name":"wp","href":"https:\/\/api.w.org\/{rel}","templated":true}]}}