{"id":8228,"date":"2025-11-10T09:16:23","date_gmt":"2025-11-10T09:16:23","guid":{"rendered":"https:\/\/qiddo.be\/?post_type=product&#038;p=8228"},"modified":"2025-11-20T10:04:45","modified_gmt":"2025-11-20T10:04:45","slug":"kit-de-construction-modu-kit-du-reveur","status":"publish","type":"product","link":"https:\/\/qiddo.be\/fr\/affaires-de-bebe\/embaucher\/kit-de-construction-modu-kit-du-reveur\/","title":{"rendered":"Kit Modu DIY Dreamer"},"content":{"rendered":"<p><strong>Kit Modu DIY Dreamer<\/strong><\/p>\n<p data-start=\"183\" data-end=\"589\">Le kit MODU Dreamer est le kit de construction et de jeu par excellence pour les enfants qui aiment explorer, construire et bouger. Gr\u00e2ce aux blocs de mousse l\u00e9gers et durables et aux solides goupilles de connexion, vous pouvez cr\u00e9er des sc\u00e9narios de jeu infinis en un rien de temps : du v\u00e9lo d'\u00e9quilibre \u00e0 la balan\u00e7oire, de l'objet \u00e0 grimper \u00e0 la table de jeu. Le kit Dreamer encourage non seulement le jeu imaginatif, mais aussi le d\u00e9veloppement moteur, l'\u00e9quilibre et la cr\u00e9ativit\u00e9.<\/p>\n<p data-start=\"591\" data-end=\"915\">Toutes les pi\u00e8ces sont souples, s\u00fbres et faciles \u00e0 nettoyer, ce qui les rend id\u00e9ales pour une utilisation \u00e0 l'int\u00e9rieur comme \u00e0 l'ext\u00e9rieur. Gr\u00e2ce \u00e0 sa conception modulaire, le jouet grandit avec votre enfant et peut \u00eatre reconstruit dans de nouvelles formes et fonctions, encore et encore. Le kit MODU Dreamer reste ainsi int\u00e9ressant et stimulant pendant des ann\u00e9es.<\/p>\n<p data-start=\"917\" data-end=\"1021\">Avec le kit du r\u00eaveur, vous offrez \u00e0 votre enfant un monde plein de possibilit\u00e9s - pour construire, bouger et r\u00eaver.<\/p>","protected":false},"excerpt":{"rendered":"<ul>\n<li data-start=\"1069\" data-end=\"1119\">\n<p data-start=\"1071\" data-end=\"1119\">Grand kit de construction offrant des possibilit\u00e9s de jeu infinies<\/p>\n<\/li>\n<li data-start=\"1120\" data-end=\"1170\">\n<p data-start=\"1122\" data-end=\"1170\">Stimule la cr\u00e9ativit\u00e9, la motricit\u00e9 et l'\u00e9quilibre<\/p>\n<\/li>\n<li data-start=\"1171\" data-end=\"1202\">\n<p data-start=\"1173\" data-end=\"1202\">Mousse souple, l\u00e9g\u00e8re et s\u00fbre<\/p>\n<\/li>\n<li data-start=\"1203\" data-end=\"1257\">\n<p data-start=\"1205\" data-end=\"1257\">Facile \u00e0 nettoyer et construction modulaire<\/p>\n<\/li>\n<li data-start=\"1258\" data-end=\"1292\">\n<p data-start=\"1260\" data-end=\"1292\">Convient \u00e0 une utilisation int\u00e9rieure et ext\u00e9rieure<\/p>\n<\/li>\n<\/ul>","protected":false},"featured_media":8932,"comment_status":"open","ping_status":"closed","template":"","meta":[],"product_brand":[129],"product_cat":[74],"product_tag":[],"class_list":{"0":"post-8228","1":"product","2":"type-product","3":"status-publish","4":"has-post-thumbnail","6":"product_brand-modu","7":"product_cat-spelen","9":"first","10":"instock","11":"taxable","12":"shipping-taxable","13":"purchasable","14":"product-type-simple"},"_links":{"self":[{"href":"https:\/\/qiddo.be\/fr\/wp-json\/wp\/v2\/product\/8228","targetHints":{"allow":["GET"]}}],"collection":[{"href":"https:\/\/qiddo.be\/fr\/wp-json\/wp\/v2\/product"}],"about":[{"href":"https:\/\/qiddo.be\/fr\/wp-json\/wp\/v2\/types\/product"}],"replies":[{"embeddable":true,"href":"https:\/\/qiddo.be\/fr\/wp-json\/wp\/v2\/comments?post=8228"}],"version-history":[{"count":4,"href":"https:\/\/qiddo.be\/fr\/wp-json\/wp\/v2\/product\/8228\/revisions"}],"predecessor-version":[{"id":8939,"href":"https:\/\/qiddo.be\/fr\/wp-json\/wp\/v2\/product\/8228\/revisions\/8939"}],"wp:featuredmedia":[{"embeddable":true,"href":"https:\/\/qiddo.be\/fr\/wp-json\/wp\/v2\/media\/8932"}],"wp:attachment":[{"href":"https:\/\/qiddo.be\/fr\/wp-json\/wp\/v2\/media?parent=8228"}],"wp:term":[{"taxonomy":"product_brand","embeddable":true,"href":"https:\/\/qiddo.be\/fr\/wp-json\/wp\/v2\/product_brand?post=8228"},{"taxonomy":"product_cat","embeddable":true,"href":"https:\/\/qiddo.be\/fr\/wp-json\/wp\/v2\/product_cat?post=8228"},{"taxonomy":"product_tag","embeddable":true,"href":"https:\/\/qiddo.be\/fr\/wp-json\/wp\/v2\/product_tag?post=8228"}],"curies":[{"name":"wp","href":"https:\/\/api.w.org\/{rel}","templated":true}]}}