{"id":8238,"date":"2025-11-10T09:16:23","date_gmt":"2025-11-10T09:16:23","guid":{"rendered":"https:\/\/qiddo.be\/?post_type=product&#038;p=8238"},"modified":"2025-11-19T08:19:18","modified_gmt":"2025-11-19T08:19:18","slug":"cadre-descalade-en-bois-tryco-avec-toboggan","status":"publish","type":"product","link":"https:\/\/qiddo.be\/fr\/affaires-de-bebe\/embaucher\/cadre-descalade-en-bois-tryco-avec-toboggan\/","title":{"rendered":"Tryco Cadre \u00e0 grimper en bois avec toboggan"},"content":{"rendered":"<p><strong>Tryco Cadre \u00e0 grimper en bois avec toboggan<\/strong><\/p>\n<p>Pour les petits grimpeurs qui ont de grands projets ! Le cadre d'escalade en bois Tryco avec toboggan est l'endroit o\u00f9 votre enfant peut d\u00e9penser son \u00e9nergie. Courir ? Grimper ? Glisser ? Tout est permis. Et m\u00eame si vous vous lassez de regarder, votre enfant ne fait que commencer.<\/p>\n<p>Ce cadre d'escalade en bois naturel n'est pas seulement amusant, il est aussi bon pour le d\u00e9veloppement. Votre enfant d\u00e9veloppe sa motricit\u00e9, son \u00e9quilibre et sa confiance en lui de mani\u00e8re ludique. Et qu'y a-t-il de plus amusant que de se tenir au sommet de quelque chose que l'on a escalad\u00e9 tout seul ?<\/p>\n<p>Le toboggan inclus est doublement amusant : un c\u00f4t\u00e9 est lisse pour une descente agr\u00e9able, l'autre c\u00f4t\u00e9 comporte des pierres d'escalade pour ceux qui veulent grimper. Le toboggan est r\u00e9glable en 6 hauteurs, ce qui permet de s'adapter \u00e0 l'\u00e2ge (et au niveau d'audace) sans probl\u00e8me.<\/p>\n<p><strong>Sp\u00e9cifications techniques<\/strong><\/p>\n<ul>\n<li>Couleur : naturel<\/li>\n<li>Dimensions du cadre d'escalade : 60 cm x 75 cm x 60 cm<\/li>\n<li>Dimensions de la diapositive : 96 cm x 37 cm x 4 cm<\/li>\n<li>Convient \u00e0 partir de 18 mois<\/li>\n<li>Mat\u00e9riau : bois<\/li>\n<\/ul>","protected":false},"excerpt":{"rendered":"<ul>\n<li>Stimule la motricit\u00e9 et l'\u00e9quilibre<\/li>\n<li data-start=\"178\" data-end=\"212\">Rapide \u00e0 installer et \u00e0 ranger<\/li>\n<li data-start=\"178\" data-end=\"212\">Id\u00e9al pour les jeux actifs<\/li>\n<li>Conception durable et s\u00fbre pour les enfants<\/li>\n<li>Pour l'int\u00e9rieur et l'ext\u00e9rieur<\/li>\n<\/ul>","protected":false},"featured_media":8761,"comment_status":"open","ping_status":"closed","template":"","meta":[],"product_brand":[118],"product_cat":[74],"product_tag":[],"class_list":{"0":"post-8238","1":"product","2":"type-product","3":"status-publish","4":"has-post-thumbnail","6":"product_brand-tryco","7":"product_cat-spelen","9":"first","10":"instock","11":"taxable","12":"shipping-taxable","13":"purchasable","14":"product-type-simple"},"_links":{"self":[{"href":"https:\/\/qiddo.be\/fr\/wp-json\/wp\/v2\/product\/8238","targetHints":{"allow":["GET"]}}],"collection":[{"href":"https:\/\/qiddo.be\/fr\/wp-json\/wp\/v2\/product"}],"about":[{"href":"https:\/\/qiddo.be\/fr\/wp-json\/wp\/v2\/types\/product"}],"replies":[{"embeddable":true,"href":"https:\/\/qiddo.be\/fr\/wp-json\/wp\/v2\/comments?post=8238"}],"version-history":[{"count":3,"href":"https:\/\/qiddo.be\/fr\/wp-json\/wp\/v2\/product\/8238\/revisions"}],"predecessor-version":[{"id":8762,"href":"https:\/\/qiddo.be\/fr\/wp-json\/wp\/v2\/product\/8238\/revisions\/8762"}],"wp:featuredmedia":[{"embeddable":true,"href":"https:\/\/qiddo.be\/fr\/wp-json\/wp\/v2\/media\/8761"}],"wp:attachment":[{"href":"https:\/\/qiddo.be\/fr\/wp-json\/wp\/v2\/media?parent=8238"}],"wp:term":[{"taxonomy":"product_brand","embeddable":true,"href":"https:\/\/qiddo.be\/fr\/wp-json\/wp\/v2\/product_brand?post=8238"},{"taxonomy":"product_cat","embeddable":true,"href":"https:\/\/qiddo.be\/fr\/wp-json\/wp\/v2\/product_cat?post=8238"},{"taxonomy":"product_tag","embeddable":true,"href":"https:\/\/qiddo.be\/fr\/wp-json\/wp\/v2\/product_tag?post=8238"}],"curies":[{"name":"wp","href":"https:\/\/api.w.org\/{rel}","templated":true}]}}