{"id":8242,"date":"2025-11-10T09:16:24","date_gmt":"2025-11-10T09:16:24","guid":{"rendered":"https:\/\/qiddo.be\/?post_type=product&#038;p=8242"},"modified":"2025-11-19T08:38:38","modified_gmt":"2025-11-19T08:38:38","slug":"matelas-tryco-pour-arche-descalade-en-bois","status":"publish","type":"product","link":"https:\/\/qiddo.be\/fr\/affaires-de-bebe\/embaucher\/matelas-tryco-pour-arche-descalade-en-bois\/","title":{"rendered":"Matelas Tryco pour arche d'escalade en bois Beige"},"content":{"rendered":"<p><strong>Matelas Tryco pour arche d'escalade en bois Beige<\/strong><\/p>\n<p data-start=\"520\" data-end=\"864\">Le matelas Tryco pour l'arche d'escalade en bois rend le jeu encore plus confortable et plus s\u00fbr. Con\u00e7u pr\u00e9cis\u00e9ment pour s'adapter \u00e0 l'arche d'escalade Tryco, ce matelas doux et de haute qualit\u00e9 fournit une surface fine pour s'asseoir, s'allonger, se balancer ou se d\u00e9tendre. Il transforme l'arche d'escalade en un coin salon confortable ou en une cabane de jeu imaginative en un rien de temps.<\/p>\n<p data-start=\"866\" data-end=\"1100\">Le matelas est fabriqu\u00e9 \u00e0 partir de mat\u00e9riaux durables et adapt\u00e9s aux enfants et reste fermement en place pendant le jeu. Il est facile \u00e0 attacher et \u00e0 enlever, de sorte qu'il peut \u00e9galement \u00eatre utilis\u00e9 s\u00e9par\u00e9ment comme tapis de jeu sur le sol.<\/p>\n<p data-start=\"1102\" data-end=\"1220\">Un compl\u00e9ment id\u00e9al pour les parents qui veulent ajouter plus de confort et des options de jeu suppl\u00e9mentaires \u00e0 l'arche d'escalade Tryco.<\/p>","protected":false},"excerpt":{"rendered":"<ul data-start=\"193\" data-end=\"471\">\n<li data-start=\"193\" data-end=\"248\">\n<p data-start=\"195\" data-end=\"248\">Matelas souple sp\u00e9cialement con\u00e7u pour l'arche d'escalade en bois Tryco<\/p>\n<\/li>\n<li data-start=\"249\" data-end=\"286\">\n<p data-start=\"251\" data-end=\"286\">Offre un confort et une s\u00e9curit\u00e9 accrus<\/p>\n<\/li>\n<li data-start=\"287\" data-end=\"325\">\n<p data-start=\"289\" data-end=\"325\">Parfait comme tapis pour s'asseoir, s'allonger ou jouer<\/p>\n<\/li>\n<li data-start=\"326\" data-end=\"378\">\n<p data-start=\"328\" data-end=\"378\">Fabriqu\u00e9 \u00e0 partir de mat\u00e9riaux robustes et adapt\u00e9s aux enfants<\/p>\n<\/li>\n<li data-start=\"379\" data-end=\"424\">\n<p data-start=\"381\" data-end=\"424\">Facile \u00e0 attacher et \u00e0 enlever<\/p>\n<\/li>\n<\/ul>","protected":false},"featured_media":8771,"comment_status":"open","ping_status":"closed","template":"","meta":[],"product_brand":[118],"product_cat":[74],"product_tag":[],"class_list":{"0":"post-8242","1":"product","2":"type-product","3":"status-publish","4":"has-post-thumbnail","6":"product_brand-tryco","7":"product_cat-spelen","9":"first","10":"instock","11":"taxable","12":"shipping-taxable","13":"purchasable","14":"product-type-simple"},"_links":{"self":[{"href":"https:\/\/qiddo.be\/fr\/wp-json\/wp\/v2\/product\/8242","targetHints":{"allow":["GET"]}}],"collection":[{"href":"https:\/\/qiddo.be\/fr\/wp-json\/wp\/v2\/product"}],"about":[{"href":"https:\/\/qiddo.be\/fr\/wp-json\/wp\/v2\/types\/product"}],"replies":[{"embeddable":true,"href":"https:\/\/qiddo.be\/fr\/wp-json\/wp\/v2\/comments?post=8242"}],"version-history":[{"count":4,"href":"https:\/\/qiddo.be\/fr\/wp-json\/wp\/v2\/product\/8242\/revisions"}],"predecessor-version":[{"id":8773,"href":"https:\/\/qiddo.be\/fr\/wp-json\/wp\/v2\/product\/8242\/revisions\/8773"}],"wp:featuredmedia":[{"embeddable":true,"href":"https:\/\/qiddo.be\/fr\/wp-json\/wp\/v2\/media\/8771"}],"wp:attachment":[{"href":"https:\/\/qiddo.be\/fr\/wp-json\/wp\/v2\/media?parent=8242"}],"wp:term":[{"taxonomy":"product_brand","embeddable":true,"href":"https:\/\/qiddo.be\/fr\/wp-json\/wp\/v2\/product_brand?post=8242"},{"taxonomy":"product_cat","embeddable":true,"href":"https:\/\/qiddo.be\/fr\/wp-json\/wp\/v2\/product_cat?post=8242"},{"taxonomy":"product_tag","embeddable":true,"href":"https:\/\/qiddo.be\/fr\/wp-json\/wp\/v2\/product_tag?post=8242"}],"curies":[{"name":"wp","href":"https:\/\/api.w.org\/{rel}","templated":true}]}}