{"id":8246,"date":"2025-11-10T09:16:24","date_gmt":"2025-11-10T09:16:24","guid":{"rendered":"https:\/\/qiddo.be\/?post_type=product&#038;p=8246"},"modified":"2025-11-20T10:14:07","modified_gmt":"2025-11-20T10:14:07","slug":"scoot-and-ride-step-highwaykick-1","status":"publish","type":"product","link":"https:\/\/qiddo.be\/fr\/affaires-de-bebe\/embaucher\/scoot-and-ride-step-highwaykick-1\/","title":{"rendered":"Scoot and Ride Step Highwaykick 1"},"content":{"rendered":"<p><strong>Scoot and Ride Step Highwaykick 1 Bleu<\/strong><\/p>\n<p>Le Scoot and Ride Highwaykick 1 est une trottinette et un v\u00e9lo d'\u00e9quilibre en un. C'est ce qui rend le Scoot and Ride unique en son genre.<\/p>\n<p>Laissez votre enfant faire ses premiers pas sur le Scoot and Ride en l'utilisant comme v\u00e9lo d'\u00e9quilibre. Lorsque votre enfant grandit, il peut transformer le Scoot and Ride en une amusante trottinette. Votre enfant est assur\u00e9 de vivre de superbes aventures avec lui !<\/p>\n<p>Le Scoot and Ride peut \u00eatre utilis\u00e9 par des enfants mesurant de 82 cm \u00e0 118 cm. Cela correspond approximativement \u00e0 l'\u00e2ge de 1 \u00e0 5 ans. En tirant la poign\u00e9e, en tournant le si\u00e8ge et en d\u00e9pla\u00e7ant le guidon, vous transformez la trottinette en v\u00e9lo d'\u00e9quilibre. La conversion est facile et s\u00fbre.<\/p>\n<p>Le Highwaykick assure l'\u00e9quilibre gr\u00e2ce \u00e0 ses deux roues avant. Il est \u00e9galement dot\u00e9 d'une protection contre l'inclinaison, qui emp\u00eache le v\u00e9lo de basculer vers l'avant. Gr\u00e2ce \u00e0 la selle basse, votre enfant est assis de mani\u00e8re tr\u00e8s stable. De plus, le Scoot and Ride est \u00e9quip\u00e9 de poign\u00e9es ergonomiques.<\/p>\n<p><strong>Sp\u00e9cifications techniques :\u00a0<\/strong><\/p>\n<ul>\n<li>Hauteur d'assise r\u00e9glable entre 22,5 et 29 cm<\/li>\n<li>Guidon r\u00e9glable entre 57 et 64 cm<\/li>\n<li>Charge maximale : 20 kg en position assise, 50 kg en position debout<\/li>\n<li>\u00a0Deux roues avant<\/li>\n<li>Poids : 2,8 kg<\/li>\n<\/ul>","protected":false},"excerpt":{"rendered":"<ul>\n<li data-start=\"170\" data-end=\"203\">V\u00e9lo d'\u00e9quilibre et trottinette 2 en 1<\/li>\n<li data-start=\"204\" data-end=\"239\">\n<p data-start=\"206\" data-end=\"239\">Grandit de 1 \u00e0 5 ans environ<\/p>\n<\/li>\n<li data-start=\"240\" data-end=\"293\">\n<p data-start=\"242\" data-end=\"293\">Stabilit\u00e9 accrue gr\u00e2ce \u00e0 la selle large et \u00e0 la position assise basse<\/p>\n<\/li>\n<li data-start=\"294\" data-end=\"350\">\n<p data-start=\"296\" data-end=\"350\">Avec coussin de s\u00e9curit\u00e9 pour \u00e9viter le basculement vers l'avant<\/p>\n<\/li>\n<li data-start=\"385\" data-end=\"438\">\n<p data-start=\"387\" data-end=\"438\">Conception durable, l\u00e9g\u00e8re et adapt\u00e9e aux enfants<\/p>\n<\/li>\n<\/ul>","protected":false},"featured_media":8774,"comment_status":"open","ping_status":"closed","template":"","meta":[],"product_brand":[119],"product_cat":[74],"product_tag":[],"class_list":{"0":"post-8246","1":"product","2":"type-product","3":"status-publish","4":"has-post-thumbnail","6":"product_brand-scoot-and-ride","7":"product_cat-spelen","9":"first","10":"instock","11":"taxable","12":"shipping-taxable","13":"purchasable","14":"product-type-simple"},"_links":{"self":[{"href":"https:\/\/qiddo.be\/fr\/wp-json\/wp\/v2\/product\/8246","targetHints":{"allow":["GET"]}}],"collection":[{"href":"https:\/\/qiddo.be\/fr\/wp-json\/wp\/v2\/product"}],"about":[{"href":"https:\/\/qiddo.be\/fr\/wp-json\/wp\/v2\/types\/product"}],"replies":[{"embeddable":true,"href":"https:\/\/qiddo.be\/fr\/wp-json\/wp\/v2\/comments?post=8246"}],"version-history":[{"count":3,"href":"https:\/\/qiddo.be\/fr\/wp-json\/wp\/v2\/product\/8246\/revisions"}],"predecessor-version":[{"id":8776,"href":"https:\/\/qiddo.be\/fr\/wp-json\/wp\/v2\/product\/8246\/revisions\/8776"}],"wp:featuredmedia":[{"embeddable":true,"href":"https:\/\/qiddo.be\/fr\/wp-json\/wp\/v2\/media\/8774"}],"wp:attachment":[{"href":"https:\/\/qiddo.be\/fr\/wp-json\/wp\/v2\/media?parent=8246"}],"wp:term":[{"taxonomy":"product_brand","embeddable":true,"href":"https:\/\/qiddo.be\/fr\/wp-json\/wp\/v2\/product_brand?post=8246"},{"taxonomy":"product_cat","embeddable":true,"href":"https:\/\/qiddo.be\/fr\/wp-json\/wp\/v2\/product_cat?post=8246"},{"taxonomy":"product_tag","embeddable":true,"href":"https:\/\/qiddo.be\/fr\/wp-json\/wp\/v2\/product_tag?post=8246"}],"curies":[{"name":"wp","href":"https:\/\/api.w.org\/{rel}","templated":true}]}}