{"id":8252,"date":"2025-11-10T09:16:24","date_gmt":"2025-11-10T09:16:24","guid":{"rendered":"https:\/\/qiddo.be\/?post_type=product&#038;p=8252"},"modified":"2025-11-21T05:15:15","modified_gmt":"2025-11-21T05:15:15","slug":"waytoplay-king-of-the-road-40-parts","status":"publish","type":"product","link":"https:\/\/qiddo.be\/fr\/affaires-de-bebe\/embaucher\/waytoplay-king-of-the-road-40-parts\/","title":{"rendered":"Waytoplay King of the Road 40 parties"},"content":{"rendered":"<p><strong>Waytoplay King of the Road 40 parties<\/strong><\/p>\n<p data-start=\"505\" data-end=\"906\">Le Waytoplay King of the Road 40-piece est le jeu de route ultime pour les enfants qui aiment les voitures et la construction cr\u00e9ative. Cet ensemble complet comprend un circuit de voitures complet et flexible qui permet aux enfants de concevoir leur propre syst\u00e8me routier. Gr\u00e2ce au caoutchouc flexible de haute qualit\u00e9, vous pouvez facilement poser le circuit sur toutes sortes de surfaces, du sol \u00e0 l'herbe, en passant par le sable et m\u00eame la neige.<\/p>\n<p data-start=\"908\" data-end=\"1174\">Les pi\u00e8ces sont imperm\u00e9ables, super durables et faciles \u00e0 nettoyer, ce qui rend l'ensemble parfait pour les jeux d'int\u00e9rieur et d'ext\u00e9rieur. Le Roi de la route est compatible avec presque toutes les voitures et peut \u00eatre \u00e9tendu \u00e0 l'infini avec d'autres ensembles Waytoplay.<\/p>\n<p data-start=\"1176\" data-end=\"1309\">Cet ensemble de 40 pi\u00e8ces encourage la cr\u00e9ativit\u00e9, l'imagination et la perception de l'espace et offre des heures de plaisir aux petits constructeurs de routes.<\/p>","protected":false},"excerpt":{"rendered":"<ul>\n<li data-start=\"197\" data-end=\"238\">\n<p data-start=\"199\" data-end=\"238\">Circuit flexible complet de 40 pi\u00e8ces<\/p>\n<\/li>\n<li data-start=\"239\" data-end=\"286\">\n<p data-start=\"241\" data-end=\"286\">Caoutchouc flexible, r\u00e9sistant \u00e0 l'eau et durable<\/p>\n<\/li>\n<li data-start=\"287\" data-end=\"321\">\n<p data-start=\"289\" data-end=\"321\">Convient \u00e0 une utilisation int\u00e9rieure et ext\u00e9rieure<\/p>\n<\/li>\n<li data-start=\"322\" data-end=\"367\">\n<p data-start=\"324\" data-end=\"367\">Combinable et extensible \u00e0 l'infini<\/p>\n<\/li>\n<li data-start=\"368\" data-end=\"408\">\n<p data-start=\"370\" data-end=\"408\">Stimule l'imagination et le jeu cr\u00e9atif<\/p>\n<\/li>\n<\/ul>","protected":false},"featured_media":8790,"comment_status":"open","ping_status":"closed","template":"","meta":[],"product_brand":[121],"product_cat":[74],"product_tag":[],"class_list":{"0":"post-8252","1":"product","2":"type-product","3":"status-publish","4":"has-post-thumbnail","6":"product_brand-waytoplay","7":"product_cat-spelen","9":"first","10":"instock","11":"taxable","12":"shipping-taxable","13":"purchasable","14":"product-type-simple"},"_links":{"self":[{"href":"https:\/\/qiddo.be\/fr\/wp-json\/wp\/v2\/product\/8252","targetHints":{"allow":["GET"]}}],"collection":[{"href":"https:\/\/qiddo.be\/fr\/wp-json\/wp\/v2\/product"}],"about":[{"href":"https:\/\/qiddo.be\/fr\/wp-json\/wp\/v2\/types\/product"}],"replies":[{"embeddable":true,"href":"https:\/\/qiddo.be\/fr\/wp-json\/wp\/v2\/comments?post=8252"}],"version-history":[{"count":3,"href":"https:\/\/qiddo.be\/fr\/wp-json\/wp\/v2\/product\/8252\/revisions"}],"predecessor-version":[{"id":8792,"href":"https:\/\/qiddo.be\/fr\/wp-json\/wp\/v2\/product\/8252\/revisions\/8792"}],"wp:featuredmedia":[{"embeddable":true,"href":"https:\/\/qiddo.be\/fr\/wp-json\/wp\/v2\/media\/8790"}],"wp:attachment":[{"href":"https:\/\/qiddo.be\/fr\/wp-json\/wp\/v2\/media?parent=8252"}],"wp:term":[{"taxonomy":"product_brand","embeddable":true,"href":"https:\/\/qiddo.be\/fr\/wp-json\/wp\/v2\/product_brand?post=8252"},{"taxonomy":"product_cat","embeddable":true,"href":"https:\/\/qiddo.be\/fr\/wp-json\/wp\/v2\/product_cat?post=8252"},{"taxonomy":"product_tag","embeddable":true,"href":"https:\/\/qiddo.be\/fr\/wp-json\/wp\/v2\/product_tag?post=8252"}],"curies":[{"name":"wp","href":"https:\/\/api.w.org\/{rel}","templated":true}]}}