{"id":8254,"date":"2025-11-10T09:16:24","date_gmt":"2025-11-10T09:16:24","guid":{"rendered":"https:\/\/qiddo.be\/?post_type=product&#038;p=8254"},"modified":"2025-11-20T21:09:32","modified_gmt":"2025-11-20T21:09:32","slug":"dauphin-mush-play","status":"publish","type":"product","link":"https:\/\/qiddo.be\/fr\/affaires-de-bebe\/embaucher\/dauphin-mush-play\/","title":{"rendered":"MOES Play Dolphin"},"content":{"rendered":"<p><strong>MOES Play Dolphin<\/strong><\/p>\n<p data-start=\"161\" data-end=\"480\">Le dauphin MOES Play est un objet d'\u00e9quilibre et de jeu ludique, doux et accueillant qui encourage naturellement les enfants \u00e0 bouger. Fabriqu\u00e9 en mousse robuste mais confortable, ce dauphin offre des possibilit\u00e9s infinies de jeu actif : grimper, se balancer, pousser, rouler ou simplement se pr\u00e9lasser.<\/p>\n<p data-start=\"482\" data-end=\"859\">Son design intemporel et ses couleurs calmes s'int\u00e8grent parfaitement dans une salle de jeux, un salon ou une garderie. Le dauphin MOES Play favorise le d\u00e9veloppement moteur et aide les enfants \u00e0 am\u00e9liorer leur \u00e9quilibre, leur force et leur coordination, tout en s'amusant. Gr\u00e2ce \u00e0 ses mat\u00e9riaux l\u00e9gers, il est facile \u00e0 d\u00e9placer et s\u00fbr pour les enfants d\u00e8s leur plus jeune \u00e2ge.<\/p>\n<p data-start=\"861\" data-end=\"989\">Qu'il s'agisse d'un jeu imaginatif ou d'un exercice actif, le dauphin MOES Play deviendra rapidement un \u00e9l\u00e9ment de jeu favori dans la maison.<\/p>","protected":false},"excerpt":{"rendered":"<ul>\n<li data-start=\"1037\" data-end=\"1081\">\n<p data-start=\"1039\" data-end=\"1081\">Objet de jeu et d'\u00e9quilibre doux et s\u00fbr<\/p>\n<\/li>\n<li data-start=\"1082\" data-end=\"1118\">\n<p data-start=\"1084\" data-end=\"1118\">Stimule la motricit\u00e9 et l'\u00e9quilibre<\/p>\n<\/li>\n<li data-start=\"1119\" data-end=\"1163\">\n<p data-start=\"1121\" data-end=\"1163\">L\u00e9ger et facile \u00e0 d\u00e9placer<\/p>\n<\/li>\n<li data-start=\"1164\" data-end=\"1212\">\n<p data-start=\"1166\" data-end=\"1212\">Mousse ferme, adapt\u00e9e \u00e0 un usage quotidien<\/p>\n<\/li>\n<li data-start=\"1213\" data-end=\"1250\">\n<p data-start=\"1215\" data-end=\"1250\">S'int\u00e8gre parfaitement dans n'importe quelle pi\u00e8ce (de jeu)<\/p>\n<\/li>\n<\/ul>","protected":false},"featured_media":8925,"comment_status":"open","ping_status":"closed","template":"","meta":[],"product_brand":[128],"product_cat":[74],"product_tag":[],"class_list":{"0":"post-8254","1":"product","2":"type-product","3":"status-publish","4":"has-post-thumbnail","6":"product_brand-moes-play","7":"product_cat-spelen","9":"first","10":"instock","11":"taxable","12":"shipping-taxable","13":"purchasable","14":"product-type-simple"},"_links":{"self":[{"href":"https:\/\/qiddo.be\/fr\/wp-json\/wp\/v2\/product\/8254","targetHints":{"allow":["GET"]}}],"collection":[{"href":"https:\/\/qiddo.be\/fr\/wp-json\/wp\/v2\/product"}],"about":[{"href":"https:\/\/qiddo.be\/fr\/wp-json\/wp\/v2\/types\/product"}],"replies":[{"embeddable":true,"href":"https:\/\/qiddo.be\/fr\/wp-json\/wp\/v2\/comments?post=8254"}],"version-history":[{"count":3,"href":"https:\/\/qiddo.be\/fr\/wp-json\/wp\/v2\/product\/8254\/revisions"}],"predecessor-version":[{"id":8930,"href":"https:\/\/qiddo.be\/fr\/wp-json\/wp\/v2\/product\/8254\/revisions\/8930"}],"wp:featuredmedia":[{"embeddable":true,"href":"https:\/\/qiddo.be\/fr\/wp-json\/wp\/v2\/media\/8925"}],"wp:attachment":[{"href":"https:\/\/qiddo.be\/fr\/wp-json\/wp\/v2\/media?parent=8254"}],"wp:term":[{"taxonomy":"product_brand","embeddable":true,"href":"https:\/\/qiddo.be\/fr\/wp-json\/wp\/v2\/product_brand?post=8254"},{"taxonomy":"product_cat","embeddable":true,"href":"https:\/\/qiddo.be\/fr\/wp-json\/wp\/v2\/product_cat?post=8254"},{"taxonomy":"product_tag","embeddable":true,"href":"https:\/\/qiddo.be\/fr\/wp-json\/wp\/v2\/product_tag?post=8254"}],"curies":[{"name":"wp","href":"https:\/\/api.w.org\/{rel}","templated":true}]}}