{"id":8260,"date":"2025-11-10T09:16:24","date_gmt":"2025-11-10T09:16:24","guid":{"rendered":"https:\/\/qiddo.be\/?post_type=product&#038;p=8260"},"modified":"2025-11-20T10:09:48","modified_gmt":"2025-11-20T10:09:48","slug":"pilestein-orignal-set-rainbow","status":"publish","type":"product","link":"https:\/\/qiddo.be\/fr\/affaires-de-bebe\/embaucher\/pilestein-orignal-set-rainbow\/","title":{"rendered":"Stapelstein Orignal Set Rainbow"},"content":{"rendered":"<p><strong>Stapelstein Orignal Set Rainbow<\/strong><\/p>\n<p data-start=\"555\" data-end=\"892\">Le Stapelstein Original Set Rainbow est un jeu color\u00e9 qui invite les enfants \u00e0 bouger, \u00e0 d\u00e9couvrir et \u00e0 cr\u00e9er. Il se compose de six \u00e9l\u00e9ments l\u00e9gers mais extr\u00eamement solides, aux couleurs de l'arc-en-ciel. Les enfants peuvent l'utiliser \u00e0 l'infini pour empiler, \u00e9quilibrer, construire et inventer des formes de jeu imaginatives, \u00e0 l'int\u00e9rieur comme \u00e0 l'ext\u00e9rieur.<\/p>\n<p data-start=\"894\" data-end=\"1282\">Les \u00e9l\u00e9ments sont totalement r\u00e9sistants \u00e0 l'eau et peuvent donc \u00eatre emport\u00e9s dans le bain, dans le jardin ou \u00e0 la plage sans aucun souci. Gr\u00e2ce \u00e0 leur mat\u00e9riau solide mais l\u00e9ger, ils sont sans danger pour les jeunes enfants et faciles \u00e0 d\u00e9placer pour tous les \u00e2ges. De plus, l'ensemble est fabriqu\u00e9 en EPP durable et recyclable, ce qui le rend non seulement durable, mais aussi respectueux de l'environnement.<\/p>\n<p data-start=\"1284\" data-end=\"1388\">Avec l'ensemble arc-en-ciel Stapelstein, n'importe quelle pi\u00e8ce devient un paysage ludique plein de mouvement, de cr\u00e9ativit\u00e9 et de couleurs.<\/p>","protected":false},"excerpt":{"rendered":"<ul>\n<li data-start=\"250\" data-end=\"300\">Encourage le mouvement, l'\u00e9quilibre et le jeu imaginatif<\/li>\n<li data-start=\"301\" data-end=\"347\">\n<p data-start=\"303\" data-end=\"347\">L\u00e9ger, solide et r\u00e9sistant \u00e0 l'eau 100%<\/p>\n<\/li>\n<li data-start=\"348\" data-end=\"404\">\n<p data-start=\"350\" data-end=\"404\">Pour l'int\u00e9rieur et l'ext\u00e9rieur, convient \u00e0 tous les \u00e2ges<\/p>\n<\/li>\n<li data-start=\"405\" data-end=\"454\">\n<p data-start=\"407\" data-end=\"454\">Durable et fabriqu\u00e9 \u00e0 partir de mat\u00e9riaux recyclables<\/p>\n<\/li>\n<\/ul>","protected":false},"featured_media":8795,"comment_status":"open","ping_status":"closed","template":"","meta":[],"product_brand":[122],"product_cat":[74],"product_tag":[],"class_list":{"0":"post-8260","1":"product","2":"type-product","3":"status-publish","4":"has-post-thumbnail","6":"product_brand-stapelstein","7":"product_cat-spelen","9":"first","10":"instock","11":"taxable","12":"shipping-taxable","13":"purchasable","14":"product-type-simple"},"_links":{"self":[{"href":"https:\/\/qiddo.be\/fr\/wp-json\/wp\/v2\/product\/8260","targetHints":{"allow":["GET"]}}],"collection":[{"href":"https:\/\/qiddo.be\/fr\/wp-json\/wp\/v2\/product"}],"about":[{"href":"https:\/\/qiddo.be\/fr\/wp-json\/wp\/v2\/types\/product"}],"replies":[{"embeddable":true,"href":"https:\/\/qiddo.be\/fr\/wp-json\/wp\/v2\/comments?post=8260"}],"version-history":[{"count":3,"href":"https:\/\/qiddo.be\/fr\/wp-json\/wp\/v2\/product\/8260\/revisions"}],"predecessor-version":[{"id":8798,"href":"https:\/\/qiddo.be\/fr\/wp-json\/wp\/v2\/product\/8260\/revisions\/8798"}],"wp:featuredmedia":[{"embeddable":true,"href":"https:\/\/qiddo.be\/fr\/wp-json\/wp\/v2\/media\/8795"}],"wp:attachment":[{"href":"https:\/\/qiddo.be\/fr\/wp-json\/wp\/v2\/media?parent=8260"}],"wp:term":[{"taxonomy":"product_brand","embeddable":true,"href":"https:\/\/qiddo.be\/fr\/wp-json\/wp\/v2\/product_brand?post=8260"},{"taxonomy":"product_cat","embeddable":true,"href":"https:\/\/qiddo.be\/fr\/wp-json\/wp\/v2\/product_cat?post=8260"},{"taxonomy":"product_tag","embeddable":true,"href":"https:\/\/qiddo.be\/fr\/wp-json\/wp\/v2\/product_tag?post=8260"}],"curies":[{"name":"wp","href":"https:\/\/api.w.org\/{rel}","templated":true}]}}