{"id":8262,"date":"2025-11-10T09:16:24","date_gmt":"2025-11-10T09:16:24","guid":{"rendered":"https:\/\/qiddo.be\/?post_type=product&#038;p=8262"},"modified":"2025-11-21T05:26:42","modified_gmt":"2025-11-21T05:26:42","slug":"stokke-tripp-trapp-eating-tablet","status":"publish","type":"product","link":"https:\/\/qiddo.be\/fr\/affaires-de-bebe\/embaucher\/stokke-tripp-trapp-eating-tablet\/","title":{"rendered":"Stokke Tripp Trapp Table \u00e0 manger"},"content":{"rendered":"<p><strong>Stokke Tripp Trapp Table \u00e0 manger<\/strong><\/p>\n<p data-start=\"517\" data-end=\"846\">La tablette de repas Stokke Tripp Trapp est le compl\u00e9ment id\u00e9al pour les parents qui souhaitent offrir \u00e0 leur enfant une surface priv\u00e9e et s\u00e9curis\u00e9e lorsqu'il mange et joue. Con\u00e7ue sp\u00e9cifiquement pour \u00eatre utilis\u00e9e avec l'ensemble pour b\u00e9b\u00e9 Tripp Trapp, la tablette de repas s'enclenche fermement et facilement, sans aucun outil.<\/p>\n<p data-start=\"848\" data-end=\"1110\">Le plateau spacieux offre \u00e0 votre enfant une surface confortable pour manger, jouer ou dessiner, tandis que vous b\u00e9n\u00e9ficiez d'une plus grande commodit\u00e9 et d'un encombrement r\u00e9duit. Gr\u00e2ce \u00e0 son mat\u00e9riau lisse et hygi\u00e9nique, la tablette peut \u00eatre nettoy\u00e9e en un clin d'\u0153il, ce qui est id\u00e9al pour un usage quotidien.<\/p>\n<p data-start=\"1112\" data-end=\"1288\">Fabriqu\u00e9e dans des mat\u00e9riaux de haute qualit\u00e9 et sans danger pour les enfants, la tablette \u00e0 manger est parfaitement assortie au design embl\u00e9matique de Tripp Trapp et permet \u00e0 votre enfant d'\u00eatre plus autonome \u00e0 table.<\/p>","protected":false},"excerpt":{"rendered":"<ul data-start=\"168\" data-end=\"468\">\n<li data-start=\"230\" data-end=\"280\">\n<p data-start=\"232\" data-end=\"280\">Fournit \u00e0 votre enfant sa propre surface de jeu et de repas<\/p>\n<\/li>\n<li data-start=\"281\" data-end=\"328\">\n<p data-start=\"283\" data-end=\"328\">Facile \u00e0 attacher et \u00e0 enlever<\/p>\n<\/li>\n<li data-start=\"329\" data-end=\"380\">\n<p data-start=\"331\" data-end=\"380\">Robuste, hygi\u00e9nique et facile \u00e0 nettoyer<\/p>\n<\/li>\n<li data-start=\"381\" data-end=\"423\">\n<p data-start=\"383\" data-end=\"423\">Id\u00e9al pour manger et jouer en toute autonomie<\/p>\n<\/li>\n<li data-start=\"424\" data-end=\"468\">\n<p data-start=\"426\" data-end=\"468\">Fabriqu\u00e9 \u00e0 partir de mat\u00e9riaux s\u00fbrs et durables<\/p>\n<\/li>\n<\/ul>","protected":false},"featured_media":8922,"comment_status":"open","ping_status":"closed","template":"","meta":[],"product_brand":[103],"product_cat":[78],"product_tag":[],"class_list":{"0":"post-8262","1":"product","2":"type-product","3":"status-publish","4":"has-post-thumbnail","6":"product_brand-stokke","7":"product_cat-stoelen","9":"first","10":"instock","11":"taxable","12":"shipping-taxable","13":"purchasable","14":"product-type-simple"},"_links":{"self":[{"href":"https:\/\/qiddo.be\/fr\/wp-json\/wp\/v2\/product\/8262","targetHints":{"allow":["GET"]}}],"collection":[{"href":"https:\/\/qiddo.be\/fr\/wp-json\/wp\/v2\/product"}],"about":[{"href":"https:\/\/qiddo.be\/fr\/wp-json\/wp\/v2\/types\/product"}],"replies":[{"embeddable":true,"href":"https:\/\/qiddo.be\/fr\/wp-json\/wp\/v2\/comments?post=8262"}],"version-history":[{"count":4,"href":"https:\/\/qiddo.be\/fr\/wp-json\/wp\/v2\/product\/8262\/revisions"}],"predecessor-version":[{"id":8924,"href":"https:\/\/qiddo.be\/fr\/wp-json\/wp\/v2\/product\/8262\/revisions\/8924"}],"wp:featuredmedia":[{"embeddable":true,"href":"https:\/\/qiddo.be\/fr\/wp-json\/wp\/v2\/media\/8922"}],"wp:attachment":[{"href":"https:\/\/qiddo.be\/fr\/wp-json\/wp\/v2\/media?parent=8262"}],"wp:term":[{"taxonomy":"product_brand","embeddable":true,"href":"https:\/\/qiddo.be\/fr\/wp-json\/wp\/v2\/product_brand?post=8262"},{"taxonomy":"product_cat","embeddable":true,"href":"https:\/\/qiddo.be\/fr\/wp-json\/wp\/v2\/product_cat?post=8262"},{"taxonomy":"product_tag","embeddable":true,"href":"https:\/\/qiddo.be\/fr\/wp-json\/wp\/v2\/product_tag?post=8262"}],"curies":[{"name":"wp","href":"https:\/\/api.w.org\/{rel}","templated":true}]}}