{"id":8264,"date":"2025-11-10T09:16:25","date_gmt":"2025-11-10T09:16:25","guid":{"rendered":"https:\/\/qiddo.be\/?post_type=product&#038;p=8264"},"modified":"2025-11-21T05:33:40","modified_gmt":"2025-11-21T05:33:40","slug":"stokke-trapp-newborn-set","status":"publish","type":"product","link":"https:\/\/qiddo.be\/fr\/affaires-de-bebe\/embaucher\/stokke-trapp-newborn-set\/","title":{"rendered":"Stokke Trapp Newborn set"},"content":{"rendered":"<p><strong>Stokke Trapp Newborn set<\/strong><\/p>\n<p data-start=\"186\" data-end=\"586\">L'ensemble Stokke Tripp Trapp Newborn Set - Grey permet \u00e0 votre nouveau-n\u00e9 de participer \u00e0 la vie de la table d\u00e8s le premier jour. Cette solution d'assise confortable et sur\u00e9lev\u00e9e s'enclenche facilement et en toute s\u00e9curit\u00e9 sur la chaise Tripp Trapp, garantissant que votre b\u00e9b\u00e9 est \u00e0 hauteur de regard pendant les repas, les jeux et les interactions quotidiennes. Cela permet non seulement d'am\u00e9liorer le moment pass\u00e9 en famille, mais aussi d'encourager les liens et l'engagement.<\/p>\n<p data-start=\"588\" data-end=\"980\">Le Newborn Set est con\u00e7u de mani\u00e8re ergonomique avec un si\u00e8ge doux et confortable dans lequel votre b\u00e9b\u00e9 peut s'allonger en toute s\u00e9curit\u00e9 et se d\u00e9tendre. Gr\u00e2ce au harnais de s\u00e9curit\u00e9 \u00e0 5 points et \u00e0 la construction robuste, votre b\u00e9b\u00e9 est toujours prot\u00e9g\u00e9. L'ensemble a deux positions r\u00e9glables et un indicateur qui montre s'il est correctement fix\u00e9. Le crochet \u00e0 jouets offre un emplacement pratique pour une peluche ou un hochet.<\/p>\n<p data-start=\"982\" data-end=\"1124\">Le set Tripp Trapp Newborn cr\u00e9e un espace s\u00fbr, confortable et ergonomique pour votre b\u00e9b\u00e9 - parfait pour les premiers mois \u00e0 table.<\/p>","protected":false},"excerpt":{"rendered":"<ul>\n<li data-start=\"1172\" data-end=\"1221\">\n<p data-start=\"1174\" data-end=\"1221\">Peut \u00eatre utilis\u00e9 d\u00e8s la naissance sur le Tripp Trapp<\/p>\n<\/li>\n<li data-start=\"1222\" data-end=\"1270\">\n<p data-start=\"1224\" data-end=\"1270\">Si\u00e8ge confortable et ergonomique pour nouveau-n\u00e9<\/p>\n<\/li>\n<li data-start=\"1271\" data-end=\"1296\">\n<p data-start=\"1273\" data-end=\"1296\">Harnais de s\u00e9curit\u00e9 \u00e0 5 points<\/p>\n<\/li>\n<li data-start=\"1297\" data-end=\"1326\">\n<p data-start=\"1299\" data-end=\"1326\">Deux positions r\u00e9glables<\/p>\n<\/li>\n<li data-start=\"1327\" data-end=\"1379\">\n<p data-start=\"1329\" data-end=\"1379\">Comprend un crochet pour le jouet et un indicateur de fixation<\/p>\n<\/li>\n<\/ul>","protected":false},"featured_media":8915,"comment_status":"open","ping_status":"closed","template":"","meta":[],"product_brand":[103],"product_cat":[78],"product_tag":[],"class_list":{"0":"post-8264","1":"product","2":"type-product","3":"status-publish","4":"has-post-thumbnail","6":"product_brand-stokke","7":"product_cat-stoelen","9":"first","10":"instock","11":"taxable","12":"shipping-taxable","13":"purchasable","14":"product-type-simple"},"_links":{"self":[{"href":"https:\/\/qiddo.be\/fr\/wp-json\/wp\/v2\/product\/8264","targetHints":{"allow":["GET"]}}],"collection":[{"href":"https:\/\/qiddo.be\/fr\/wp-json\/wp\/v2\/product"}],"about":[{"href":"https:\/\/qiddo.be\/fr\/wp-json\/wp\/v2\/types\/product"}],"replies":[{"embeddable":true,"href":"https:\/\/qiddo.be\/fr\/wp-json\/wp\/v2\/comments?post=8264"}],"version-history":[{"count":3,"href":"https:\/\/qiddo.be\/fr\/wp-json\/wp\/v2\/product\/8264\/revisions"}],"predecessor-version":[{"id":8913,"href":"https:\/\/qiddo.be\/fr\/wp-json\/wp\/v2\/product\/8264\/revisions\/8913"}],"wp:featuredmedia":[{"embeddable":true,"href":"https:\/\/qiddo.be\/fr\/wp-json\/wp\/v2\/media\/8915"}],"wp:attachment":[{"href":"https:\/\/qiddo.be\/fr\/wp-json\/wp\/v2\/media?parent=8264"}],"wp:term":[{"taxonomy":"product_brand","embeddable":true,"href":"https:\/\/qiddo.be\/fr\/wp-json\/wp\/v2\/product_brand?post=8264"},{"taxonomy":"product_cat","embeddable":true,"href":"https:\/\/qiddo.be\/fr\/wp-json\/wp\/v2\/product_cat?post=8264"},{"taxonomy":"product_tag","embeddable":true,"href":"https:\/\/qiddo.be\/fr\/wp-json\/wp\/v2\/product_tag?post=8264"}],"curies":[{"name":"wp","href":"https:\/\/api.w.org\/{rel}","templated":true}]}}