{"id":8266,"date":"2025-11-10T09:16:25","date_gmt":"2025-11-10T09:16:25","guid":{"rendered":"https:\/\/qiddo.be\/?post_type=product&#038;p=8266"},"modified":"2025-11-19T08:54:47","modified_gmt":"2025-11-19T08:54:47","slug":"stokke-tripp-trapp-dining-chair","status":"publish","type":"product","link":"https:\/\/qiddo.be\/fr\/affaires-de-bebe\/embaucher\/stokke-tripp-trapp-dining-chair\/","title":{"rendered":"Stokke Tripp Trapp Dining Chair"},"content":{"rendered":"<p><strong>Stokke Tripp Trapp Dining Chair<\/strong><\/p>\n<p data-start=\"564\" data-end=\"853\">Un classique parmi les chaises hautes, la chaise de salle \u00e0 manger Stokke Tripp Trapp est con\u00e7ue pour que votre enfant s'implique vraiment \u00e0 table. Gr\u00e2ce au syst\u00e8me de croissance intelligent, l'assise et le pied de la chaise peuvent \u00eatre facilement r\u00e9gl\u00e9s, ce qui permet \u00e0 votre enfant d'\u00eatre toujours assis de mani\u00e8re ergonomique.<\/p>\n<p data-start=\"855\" data-end=\"1228\">Fabriqu\u00e9e en bois de h\u00eatre robuste de haute qualit\u00e9, la chaise offre une stabilit\u00e9 maximale lors d'une utilisation quotidienne. Le design scandinave intemporel s'int\u00e8gre \u00e0 tous les int\u00e9rieurs et a une long\u00e9vit\u00e9 prouv\u00e9e. La chaise Tripp Trapp se glisse directement sur la table \u00e0 manger, de sorte que votre enfant est assis au m\u00eame niveau que le reste de la famille, ce qui contribue \u00e0 la coh\u00e9sion et \u00e0 l'ind\u00e9pendance.<\/p>\n<p data-start=\"1230\" data-end=\"1364\">Avec ses mat\u00e9riaux durables, sa construction solide et son ajustement parfait, le Tripp Trapp reste un choix fiable pour chaque \u00e9tape de la vie.<\/p>","protected":false},"excerpt":{"rendered":"<ul>\n<li data-start=\"189\" data-end=\"241\">Chaise de croissance<\/li>\n<li data-start=\"187\" data-end=\"241\">\n<p data-start=\"189\" data-end=\"241\">Si\u00e8ge et repose-pieds r\u00e9glables pour une ergonomie optimale<\/p>\n<\/li>\n<li data-start=\"302\" data-end=\"344\">\n<p data-start=\"304\" data-end=\"344\">Fabriqu\u00e9 en bois de h\u00eatre solide et durable<\/p>\n<\/li>\n<li data-start=\"466\" data-end=\"515\">\n<p data-start=\"468\" data-end=\"515\">Longue dur\u00e9e de vie et construction tr\u00e8s stable<\/p>\n<\/li>\n<\/ul>","protected":false},"featured_media":8802,"comment_status":"open","ping_status":"closed","template":"","meta":[],"product_brand":[103],"product_cat":[78],"product_tag":[],"class_list":{"0":"post-8266","1":"product","2":"type-product","3":"status-publish","4":"has-post-thumbnail","6":"product_brand-stokke","7":"product_cat-stoelen","9":"first","10":"instock","11":"taxable","12":"shipping-taxable","13":"purchasable","14":"product-type-simple"},"_links":{"self":[{"href":"https:\/\/qiddo.be\/fr\/wp-json\/wp\/v2\/product\/8266","targetHints":{"allow":["GET"]}}],"collection":[{"href":"https:\/\/qiddo.be\/fr\/wp-json\/wp\/v2\/product"}],"about":[{"href":"https:\/\/qiddo.be\/fr\/wp-json\/wp\/v2\/types\/product"}],"replies":[{"embeddable":true,"href":"https:\/\/qiddo.be\/fr\/wp-json\/wp\/v2\/comments?post=8266"}],"version-history":[{"count":3,"href":"https:\/\/qiddo.be\/fr\/wp-json\/wp\/v2\/product\/8266\/revisions"}],"predecessor-version":[{"id":8804,"href":"https:\/\/qiddo.be\/fr\/wp-json\/wp\/v2\/product\/8266\/revisions\/8804"}],"wp:featuredmedia":[{"embeddable":true,"href":"https:\/\/qiddo.be\/fr\/wp-json\/wp\/v2\/media\/8802"}],"wp:attachment":[{"href":"https:\/\/qiddo.be\/fr\/wp-json\/wp\/v2\/media?parent=8266"}],"wp:term":[{"taxonomy":"product_brand","embeddable":true,"href":"https:\/\/qiddo.be\/fr\/wp-json\/wp\/v2\/product_brand?post=8266"},{"taxonomy":"product_cat","embeddable":true,"href":"https:\/\/qiddo.be\/fr\/wp-json\/wp\/v2\/product_cat?post=8266"},{"taxonomy":"product_tag","embeddable":true,"href":"https:\/\/qiddo.be\/fr\/wp-json\/wp\/v2\/product_tag?post=8266"}],"curies":[{"name":"wp","href":"https:\/\/api.w.org\/{rel}","templated":true}]}}