{"id":8270,"date":"2025-11-10T09:16:25","date_gmt":"2025-11-10T09:16:25","guid":{"rendered":"https:\/\/qiddo.be\/?post_type=product&#038;p=8270"},"modified":"2025-11-19T08:56:20","modified_gmt":"2025-11-19T08:56:20","slug":"tour-dapprentissage-maxi-cosi-toucan","status":"publish","type":"product","link":"https:\/\/qiddo.be\/fr\/affaires-de-bebe\/embaucher\/tour-dapprentissage-maxi-cosi-toucan\/","title":{"rendered":"Tour d'apprentissage Maxi-Cosi Toucan"},"content":{"rendered":"<p><strong>Tour d'apprentissage Maxi-Cosi Toucan<\/strong><\/p>\n<p data-start=\"515\" data-end=\"840\">La tour d'apprentissage Toucan de Maxi-Cosi est sp\u00e9cialement con\u00e7ue pour faire participer les enfants aux activit\u00e9s quotidiennes de la maison de mani\u00e8re s\u00fbre et ludique. La plate-forme solide et stable permet aux enfants d'atteindre la hauteur voulue pour aider dans la cuisine, se laver les mains ou faire des activit\u00e9s cr\u00e9atives dans l'\u00e9vier.<\/p>\n<p data-start=\"842\" data-end=\"1118\">La tour d'apprentissage est r\u00e9glable en hauteur, ce qui lui permet de grandir avec votre enfant et de toujours offrir une position ergonomique. La conception adapt\u00e9e aux enfants garantit des \u00e9tapes s\u00fbres et un bon soutien, afin que votre enfant puisse explorer de nouvelles comp\u00e9tences en toute confiance.<\/p>\n<p data-start=\"1120\" data-end=\"1291\">Fabriqu\u00e9 \u00e0 partir de mat\u00e9riaux durables et faciles \u00e0 nettoyer, le Maxi-Cosi Toucan est un compl\u00e9ment pratique et \u00e9l\u00e9gant pour toute famille cherchant \u00e0 encourager l'ind\u00e9pendance.<\/p>\n<p data-start=\"1120\" data-end=\"1291\">","protected":false},"excerpt":{"rendered":"<ul>\n<li data-start=\"69\" data-end=\"100\">\n<p data-start=\"71\" data-end=\"100\">Tour d'apprentissage s\u00fbre et stable<\/p>\n<\/li>\n<li data-start=\"101\" data-end=\"126\">\n<p data-start=\"103\" data-end=\"126\">Hauteur r\u00e9glable<\/p>\n<\/li>\n<li data-start=\"127\" data-end=\"157\">\n<p data-start=\"129\" data-end=\"157\">Encourage l'ind\u00e9pendance<\/p>\n<\/li>\n<li data-start=\"158\" data-end=\"206\">\n<p data-start=\"160\" data-end=\"206\">Adapt\u00e9 aux enfants et facile \u00e0 nettoyer<\/p>\n<\/li>\n<li data-start=\"207\" data-end=\"239\" data-is-last-node=\"\">\n<p data-start=\"209\" data-end=\"239\" data-is-last-node=\"\">Id\u00e9al pour la cuisine et la salle de bains<\/p>\n<\/li>\n<\/ul>","protected":false},"featured_media":8806,"comment_status":"open","ping_status":"closed","template":"","meta":[],"product_brand":[85],"product_cat":[78],"product_tag":[],"class_list":{"0":"post-8270","1":"product","2":"type-product","3":"status-publish","4":"has-post-thumbnail","6":"product_brand-maxi-cosi","7":"product_cat-stoelen","9":"first","10":"instock","11":"taxable","12":"shipping-taxable","13":"purchasable","14":"product-type-simple"},"_links":{"self":[{"href":"https:\/\/qiddo.be\/fr\/wp-json\/wp\/v2\/product\/8270","targetHints":{"allow":["GET"]}}],"collection":[{"href":"https:\/\/qiddo.be\/fr\/wp-json\/wp\/v2\/product"}],"about":[{"href":"https:\/\/qiddo.be\/fr\/wp-json\/wp\/v2\/types\/product"}],"replies":[{"embeddable":true,"href":"https:\/\/qiddo.be\/fr\/wp-json\/wp\/v2\/comments?post=8270"}],"version-history":[{"count":3,"href":"https:\/\/qiddo.be\/fr\/wp-json\/wp\/v2\/product\/8270\/revisions"}],"predecessor-version":[{"id":8812,"href":"https:\/\/qiddo.be\/fr\/wp-json\/wp\/v2\/product\/8270\/revisions\/8812"}],"wp:featuredmedia":[{"embeddable":true,"href":"https:\/\/qiddo.be\/fr\/wp-json\/wp\/v2\/media\/8806"}],"wp:attachment":[{"href":"https:\/\/qiddo.be\/fr\/wp-json\/wp\/v2\/media?parent=8270"}],"wp:term":[{"taxonomy":"product_brand","embeddable":true,"href":"https:\/\/qiddo.be\/fr\/wp-json\/wp\/v2\/product_brand?post=8270"},{"taxonomy":"product_cat","embeddable":true,"href":"https:\/\/qiddo.be\/fr\/wp-json\/wp\/v2\/product_cat?post=8270"},{"taxonomy":"product_tag","embeddable":true,"href":"https:\/\/qiddo.be\/fr\/wp-json\/wp\/v2\/product_tag?post=8270"}],"curies":[{"name":"wp","href":"https:\/\/api.w.org\/{rel}","templated":true}]}}