{"id":8272,"date":"2025-11-10T09:16:25","date_gmt":"2025-11-10T09:16:25","guid":{"rendered":"https:\/\/qiddo.be\/?post_type=product&#038;p=8272"},"modified":"2025-11-19T08:59:07","modified_gmt":"2025-11-19T08:59:07","slug":"cybex-learning-tower-lemo","status":"publish","type":"product","link":"https:\/\/qiddo.be\/fr\/affaires-de-bebe\/embaucher\/cybex-learning-tower-lemo\/","title":{"rendered":"Cybex Learning Tower Lemo"},"content":{"rendered":"<p><strong>Cybex Learning Tower Lemo<\/strong><\/p>\n<p data-start=\"149\" data-end=\"492\">D\u00e9couvrez la tour d'apprentissage Cybex Lemo - le moyen id\u00e9al d'impliquer votre enfant de mani\u00e8re s\u00fbre et ludique dans la vie quotidienne \u00e0 la maison. Qu'il s'agisse d'aider \u00e0 la cuisine, de se laver les mains, de faire du bricolage ou d'acqu\u00e9rir de nouvelles comp\u00e9tences, cette tour d'apprentissage robuste et stable place votre enfant \u00e0 la hauteur id\u00e9ale pour une exploration ind\u00e9pendante.<\/p>\n<p data-start=\"494\" data-end=\"924\">La tour d'apprentissage Lemo a \u00e9t\u00e9 con\u00e7ue dans un souci de s\u00e9curit\u00e9 et de qualit\u00e9. La conception intelligente avec des marches antid\u00e9rapantes, un cadre robuste et des rails lat\u00e9raux hauts permet \u00e0 votre enfant de grimper et de se tenir debout en toute s\u00e9curit\u00e9. La tour d'apprentissage peut \u00eatre facilement combin\u00e9e avec la chaise Cybex Lemo, mais elle peut \u00e9galement \u00eatre utilis\u00e9e seule. Le design moderne et minimaliste s'adapte \u00e0 tous les int\u00e9rieurs et rend cette tour d'apprentissage non seulement fonctionnelle, mais aussi \u00e9l\u00e9gante.<\/p>\n<p data-start=\"926\" data-end=\"1065\">Laissez votre enfant d\u00e9velopper son ind\u00e9pendance et sa confiance en lui avec la tour d'apprentissage Cybex Lemo - un must pour les petits explorateurs curieux.<\/p>","protected":false},"excerpt":{"rendered":"<ul>\n<li data-start=\"58\" data-end=\"91\">\n<p data-start=\"60\" data-end=\"91\">Tour d'apprentissage s\u00fbre et stable<\/p>\n<\/li>\n<li data-start=\"92\" data-end=\"126\">\n<p data-start=\"94\" data-end=\"126\">Marches et bords hauts antid\u00e9rapants<\/p>\n<\/li>\n<li data-start=\"127\" data-end=\"157\">\n<p data-start=\"129\" data-end=\"157\">Encourage l'ind\u00e9pendance<\/p>\n<\/li>\n<li data-start=\"158\" data-end=\"184\">\n<p data-start=\"160\" data-end=\"184\">Conception moderne et compacte<\/p>\n<\/li>\n<li data-start=\"185\" data-end=\"230\" data-is-last-node=\"\">\n<p data-start=\"187\" data-end=\"230\" data-is-last-node=\"\">Convient \u00e0 la cuisine, \u00e0 la salle de bains et \u00e0 l'aire de jeux<\/p>\n<\/li>\n<\/ul>","protected":false},"featured_media":8817,"comment_status":"open","ping_status":"closed","template":"","meta":[],"product_brand":[],"product_cat":[78],"product_tag":[],"class_list":{"0":"post-8272","1":"product","2":"type-product","3":"status-publish","4":"has-post-thumbnail","6":"product_cat-stoelen","8":"first","9":"instock","10":"taxable","11":"shipping-taxable","12":"purchasable","13":"product-type-simple"},"_links":{"self":[{"href":"https:\/\/qiddo.be\/fr\/wp-json\/wp\/v2\/product\/8272","targetHints":{"allow":["GET"]}}],"collection":[{"href":"https:\/\/qiddo.be\/fr\/wp-json\/wp\/v2\/product"}],"about":[{"href":"https:\/\/qiddo.be\/fr\/wp-json\/wp\/v2\/types\/product"}],"replies":[{"embeddable":true,"href":"https:\/\/qiddo.be\/fr\/wp-json\/wp\/v2\/comments?post=8272"}],"version-history":[{"count":3,"href":"https:\/\/qiddo.be\/fr\/wp-json\/wp\/v2\/product\/8272\/revisions"}],"predecessor-version":[{"id":8819,"href":"https:\/\/qiddo.be\/fr\/wp-json\/wp\/v2\/product\/8272\/revisions\/8819"}],"wp:featuredmedia":[{"embeddable":true,"href":"https:\/\/qiddo.be\/fr\/wp-json\/wp\/v2\/media\/8817"}],"wp:attachment":[{"href":"https:\/\/qiddo.be\/fr\/wp-json\/wp\/v2\/media?parent=8272"}],"wp:term":[{"taxonomy":"product_brand","embeddable":true,"href":"https:\/\/qiddo.be\/fr\/wp-json\/wp\/v2\/product_brand?post=8272"},{"taxonomy":"product_cat","embeddable":true,"href":"https:\/\/qiddo.be\/fr\/wp-json\/wp\/v2\/product_cat?post=8272"},{"taxonomy":"product_tag","embeddable":true,"href":"https:\/\/qiddo.be\/fr\/wp-json\/wp\/v2\/product_tag?post=8272"}],"curies":[{"name":"wp","href":"https:\/\/api.w.org\/{rel}","templated":true}]}}